{"id":742688,"date":"2025-08-28T01:18:06","date_gmt":"2025-08-27T22:18:06","guid":{"rendered":"https:\/\/roveyayinevi.com.tr\/index.php\/urun\/gorunmez-krallik-1\/"},"modified":"2026-04-16T02:53:51","modified_gmt":"2026-04-15T23:53:51","slug":"gorunmez-krallik-1","status":"publish","type":"product","link":"https:\/\/roveyayinevi.com.tr\/index.php\/urun\/gorunmez-krallik-1\/","title":{"rendered":"G\u00f6r\u00fcnmez Krall\u0131k-1"},"content":{"rendered":"<p>Uzak bir galakside, iki kad\u0131n, ya\u015fad\u0131klar\u0131 g\u00fcne\u015f sisteminin en bask\u0131n dini \u00f6rg\u00fct\u00fc ve en g\u00fc\u00e7l\u00fc \u015firketi aras\u0131nda d\u00f6nen m\u00fcthi\u015f bir komployu a\u00e7\u0131\u011fa \u00e7\u0131kar\u0131yor. Bir anda, kendilerini y\u0131ld\u0131zlar aras\u0131 bir kedi-fare oyununun i\u00e7inde buluyorlar ve hayati bir karar vermek zorunda kal\u0131yorlar: Ya ger\u00e7e\u011fi a\u00e7\u0131\u011fa \u00e7\u0131karacaklar ya da ya\u015fad\u0131klar\u0131 d\u00fcnyalar\u0131 anar\u015fiye s\u00fcr\u00fckleyecekler.   \u201cG Willow Wilson ve Christian Ward, modern \u00e7izgi roman\u0131n en vizyoner yarat\u0131c\u0131lar\u0131ndan ikisi ve birlikte yaz\u0131p \u00e7izdikleri G\u00d6R\u00dcNMEZ KRALLIK ile g\u00fc\u00e7lerinin zirvesine \u00e7\u0131k\u0131p, ba\u015f d\u00f6nd\u00fcr\u00fcc\u00fc bir hik\u00e2yeyi \u00e7\u0131lg\u0131n bir bilgelik ve ak\u0131l almaz g\u00f6rsellerle anlat\u0131yorlar. \u015eiddetle tavsiye ederim.\u201d Saladin Ahmed (Ms. Marvel, Black Bolt)   \u201cG\u00d6R\u00dcNMEZ KRALLIK, ba\u015flarda teredd\u00fct edip sonras\u0131nda elimden b\u0131rakamad\u0131\u011f\u0131m bir \u00e7izgi roman. Hem g\u00f6zlere hem zihne bir vitamin takviyesi. Harika fikirlerle dolu. \u0130ki usta yarat\u0131c\u0131, u\u00e7a\u011f\u0131n rotas\u0131n\u0131 atmosferin d\u0131\u015f\u0131na \u00e7evirmi\u015fler. Bu kitab\u0131 okumak istersiniz.\u201d Gail Simone (Birds of Prey, Batgirl) \u201cG\u00d6R\u00dcNMEZ KRALLIK, sadece bilimkurgu hayranlar\u0131 i\u00e7in de\u011fil, ayn\u0131 zamanda s\u0131n\u0131rlar\u0131 zorlayan h\u0131zl\u0131 anlat\u0131mlar\u0131 seven okurlar i\u00e7in de g\u00fczel bir kitap. Ayn\u0131 anda hem \u00e7ok yak\u0131n\u0131n\u0131zda, hem g\u00f6z\u00fcn g\u00f6remeyece\u011fi kadar uzakta. Tam sevece\u011fim tarzda bir uzay operas\u0131.\u201d Nnedi Okorafor (LaGuardia, The Binti Trilogy, Who Fears Death)   \u201cZeki, e\u011flenceli ve tam anlam\u0131yla nefes kesici. Wilson ve Ward\u2019un G\u00f6r\u00fcnmez Krall\u0131k\u2019\u0131, asla terk etmek istemeyece\u011finiz bir d\u00fcnya gibi.\u201d Kelly Sue DeConnick (Pretty Deadly, Captain Marvel) <\/p>\n","protected":false},"excerpt":{"rendered":"<p>Uzak bir galakside, iki kad\u0131n, ya\u015fad\u0131klar\u0131 g\u00fcne\u015f sisteminin en bask\u0131n dini \u00f6rg\u00fct\u00fc ve en g\u00fc\u00e7l\u00fc \u015firketi aras\u0131nda d\u00f6nen m\u00fcthi\u015f bir komployu a\u00e7\u0131\u011fa \u00e7\u0131kar\u0131yor. Bir anda, kendilerini<span class=\"excerpt-hellip\"> [\u2026]<\/span><\/p>\n","protected":false},"featured_media":0,"template":"","meta":{"_monsterinsights_skip_tracking":false,"_monsterinsights_sitenote_active":false,"_monsterinsights_sitenote_note":"","_monsterinsights_sitenote_category":0},"product_brand":[],"product_cat":[12689,12274],"product_tag":[],"class_list":{"0":"post-742688","1":"product","2":"type-product","3":"status-publish","5":"product_cat-cizgi-roman-cocuk-ve-genclik-kitaplari","6":"product_cat-cocuk-ve-genclik-kitaplari","7":"pa_cilt-ciltsiz","8":"pa_tur-kitap","9":"pa_yayinevi-kara-karga-yayinlari","10":"pa_yazar-g-willow-wilson-christian-ward","12":"first","13":"instock","14":"sale","15":"shipping-taxable","16":"purchasable","17":"product-type-simple"},"_links":{"self":[{"href":"https:\/\/roveyayinevi.com.tr\/index.php\/wp-json\/wp\/v2\/product\/742688","targetHints":{"allow":["GET"]}}],"collection":[{"href":"https:\/\/roveyayinevi.com.tr\/index.php\/wp-json\/wp\/v2\/product"}],"about":[{"href":"https:\/\/roveyayinevi.com.tr\/index.php\/wp-json\/wp\/v2\/types\/product"}],"wp:attachment":[{"href":"https:\/\/roveyayinevi.com.tr\/index.php\/wp-json\/wp\/v2\/media?parent=742688"}],"wp:term":[{"taxonomy":"product_brand","embeddable":true,"href":"https:\/\/roveyayinevi.com.tr\/index.php\/wp-json\/wp\/v2\/product_brand?post=742688"},{"taxonomy":"product_cat","embeddable":true,"href":"https:\/\/roveyayinevi.com.tr\/index.php\/wp-json\/wp\/v2\/product_cat?post=742688"},{"taxonomy":"product_tag","embeddable":true,"href":"https:\/\/roveyayinevi.com.tr\/index.php\/wp-json\/wp\/v2\/product_tag?post=742688"}],"curies":[{"name":"wp","href":"https:\/\/api.w.org\/{rel}","templated":true}]}}