{"id":742687,"date":"2025-08-28T01:18:05","date_gmt":"2025-08-27T22:18:05","guid":{"rendered":"https:\/\/roveyayinevi.com.tr\/index.php\/urun\/kod-2023\/"},"modified":"2025-12-30T10:56:02","modified_gmt":"2025-12-30T07:56:02","slug":"kod-2023","status":"publish","type":"product","link":"https:\/\/roveyayinevi.com.tr\/index.php\/urun\/kod-2023\/","title":{"rendered":"Kod 2023"},"content":{"rendered":"<p>Cumhuriyet kuruldu\u011funda a\u011fa, bey, \u015feyh, \u015f\u0131h\u0131 kald\u0131rm\u0131\u015f, toprak reformuna ba\u015flam\u0131\u015f, okullar,fabrikalar a\u00e7m\u0131\u015ft\u0131k. Peki \u015fimdi ne g\u00f6r\u00fcyorsunuz? Okullar\u0131 kapatt\u0131lar, da\u011f ta\u015f tekke, tarikatimamlar\u0131 bir yanda, a\u015firet a\u011falar\u0131 \u00f6te yanda. Cumhuriyet bu muydu? Bu muydu demokrasi, insanhaklar\u0131, temel hak ve \u00f6zg\u00fcrl\u00fckler? \u015eimdi, uzun y\u0131llar \u00f6nce rotas\u0131 sapm\u0131\u015f bu gemi, \u00e7\u0131k\u0131\u015f ald\u0131\u011f\u0131rotaya \u00e7evrilemez mi?G\u00f6z\u00fcm\u00fcz var g\u00f6r\u00fcyor, kula\u011f\u0131m\u0131z var duyuyor.T\u00fcrkiye se\u00e7imlere gidiyor&#8230;2023 se\u00e7imleri, T\u00fcrk milleti ile bir hesapla\u015fma olarak g\u00f6r\u00fcl\u00fcyor ve bu y\u00fcz y\u0131ll\u0131k bir davadiyorlarsa e\u011fer, Lozan\u2019\u0131n da r\u00f6van\u015f\u0131 demektir. Bu, T\u00fcrk tarihine Sevr ile yaz\u0131lm\u0131\u015f, y\u00fczy\u0131llard\u0131rs\u00fcregelen bir sava\u015f\u0131n r\u00f6van\u015f\u0131 maksad\u0131yla, g\u00fcn\u00fcm\u00fcz siyasetinin eliyle yeniden kar\u015f\u0131m\u0131za \u00e7\u0131kar\u0131lanson tezg\u00e2ht\u0131r.Bu tezg\u00e2h bozulmal\u0131d\u0131r. Bu sinsi tezg\u00e2h\u0131, Atat\u00fcrk\u2019\u00fcn \u00f6nderli\u011finde y\u0131kmay\u0131 bilmi\u015f olan T\u00fcrkmilleti, bug\u00fcn akl\u0131 h\u00fcr, vicdan\u0131 h\u00fcr, irfan\u0131 h\u00fcr gen\u00e7li\u011finin ak\u0131l g\u00fcc\u00fcyle yine bozmas\u0131n\u0131 bilecektir.T\u00fcrk milleti, bu siyaseti de\u011fi\u015ftirmelidir.Huzurlu ve g\u00fcvenli bir \u00fclke, \u00e7ocuklar\u0131m\u0131za huzurlu ve g\u00fcvenli bir gelecek pe\u015finde uzun y\u0131llard\u0131r \u00e7abalayan T\u00fcrk milleti, Anayasa\u2019dan ald\u0131\u011f\u0131 g\u00fc\u00e7le, demokratik hak ve \u00f6zg\u00fcrl\u00fcklerini kullanarak, g\u00fcn\u00fc geldi\u011finde halayla, horonla, \u015fark\u0131larla, t\u00fcrk\u00fclerle sand\u0131\u011fa giderek bu siyaseti de\u011fi\u015ftirmesini de bilecektir. G\u00fc\u00e7 bilgidedir. \u00c7ocuklar\u0131m\u0131z i\u00e7in yazd\u0131m. Ger\u00e7e\u011fi bilsinler diye&#8230;<\/p>\n","protected":false},"excerpt":{"rendered":"<p>Cumhuriyet kuruldu\u011funda a\u011fa, bey, \u015feyh, \u015f\u0131h\u0131 kald\u0131rm\u0131\u015f, toprak reformuna ba\u015flam\u0131\u015f, okullar,fabrikalar a\u00e7m\u0131\u015ft\u0131k. Peki \u015fimdi ne g\u00f6r\u00fcyorsunuz? Okullar\u0131 kapatt\u0131lar, da\u011f ta\u015f tekke, tarikatimamlar\u0131 bir yanda, a\u015firet a\u011falar\u0131<span class=\"excerpt-hellip\"> [\u2026]<\/span><\/p>\n","protected":false},"featured_media":0,"template":"","meta":{"_monsterinsights_skip_tracking":false,"_monsterinsights_sitenote_active":false,"_monsterinsights_sitenote_note":"","_monsterinsights_sitenote_category":0},"product_brand":[],"product_cat":[12370,12304],"product_tag":[],"class_list":{"0":"post-742687","1":"product","2":"type-product","3":"status-publish","5":"product_cat-arastirma-inceleme","6":"product_cat-tarih","7":"pa_cilt-ciltsiz","8":"pa_tur-kitap","9":"pa_yayinevi-destek-yayinlari","10":"pa_yazar-erdal-sarizeybek","12":"first","13":"instock","14":"sale","15":"shipping-taxable","16":"purchasable","17":"product-type-simple"},"_links":{"self":[{"href":"https:\/\/roveyayinevi.com.tr\/index.php\/wp-json\/wp\/v2\/product\/742687","targetHints":{"allow":["GET"]}}],"collection":[{"href":"https:\/\/roveyayinevi.com.tr\/index.php\/wp-json\/wp\/v2\/product"}],"about":[{"href":"https:\/\/roveyayinevi.com.tr\/index.php\/wp-json\/wp\/v2\/types\/product"}],"wp:attachment":[{"href":"https:\/\/roveyayinevi.com.tr\/index.php\/wp-json\/wp\/v2\/media?parent=742687"}],"wp:term":[{"taxonomy":"product_brand","embeddable":true,"href":"https:\/\/roveyayinevi.com.tr\/index.php\/wp-json\/wp\/v2\/product_brand?post=742687"},{"taxonomy":"product_cat","embeddable":true,"href":"https:\/\/roveyayinevi.com.tr\/index.php\/wp-json\/wp\/v2\/product_cat?post=742687"},{"taxonomy":"product_tag","embeddable":true,"href":"https:\/\/roveyayinevi.com.tr\/index.php\/wp-json\/wp\/v2\/product_tag?post=742687"}],"curies":[{"name":"wp","href":"https:\/\/api.w.org\/{rel}","templated":true}]}}