{"id":742686,"date":"2025-08-28T01:18:03","date_gmt":"2025-08-27T22:18:03","guid":{"rendered":"https:\/\/roveyayinevi.com.tr\/index.php\/urun\/scott-pilgrim-2-scott-pilgrim-dunyaya-karsi\/"},"modified":"2026-04-16T02:53:50","modified_gmt":"2026-04-15T23:53:50","slug":"scott-pilgrim-2-scott-pilgrim-dunyaya-karsi","status":"publish","type":"product","link":"https:\/\/roveyayinevi.com.tr\/index.php\/urun\/scott-pilgrim-2-scott-pilgrim-dunyaya-karsi\/","title":{"rendered":"Scott Pilgrim 2: Scott Pilgrim D\u00fcnyaya Kar\u015f\u0131"},"content":{"rendered":"<p>\u201cIndie-rock tarz\u0131n\u0131, video oyunlar\u0131 form\u00fcl\u00fcn\u00fc ve sevgiye duyulan \u00f6zlemi bir potada eritiyor\u2026 E\u011flenceli ve benzersiz bir cevher.\u201d \u2013The Washington PostSCOTT PILGRIM iki k\u0131zla ayn\u0131 anda g\u00f6r\u00fc\u015f\u00fcyordu. Knives Chau\u2019yla birlikteyken ge\u00e7mi\u015fi silip her \u015feye yeniden ba\u015flayabilirmi\u015f gibi hissediyordu. Ramona Flowers\u2019la birlikteyken ise, t\u00fcm ya\u015fananlar\u0131 kabul edip olgunla\u015fabilece\u011fini d\u00fc\u015f\u00fcn\u00fcyordu. Ama Ramona beraberinde \u00e7ok b\u00fcy\u00fck bir y\u00fckle geliyordu: Her biri Scott\u2019\u0131n Ramona\u2019yla birlikte olmas\u0131n\u0131 engellemeye \u00e7al\u0131\u015fan YED\u0130 K\u00d6T\u00dc ESK\u0130 SEVG\u0130L\u0130. Knives, Ramona\u2019yla tan\u0131\u015ft\u0131\u011f\u0131nda neler ya\u015fanacak? Scott\u2019\u0131n g\u00f6nl\u00fc hangisine kayacak? Neden ge\u00e7mi\u015fte ya\u015fananlar ge\u00e7mi\u015fte kalamayacak?<\/p>\n","protected":false},"excerpt":{"rendered":"<p>\u201cIndie-rock tarz\u0131n\u0131, video oyunlar\u0131 form\u00fcl\u00fcn\u00fc ve sevgiye duyulan \u00f6zlemi bir potada eritiyor\u2026 E\u011flenceli ve benzersiz bir cevher.\u201d \u2013The Washington PostSCOTT PILGRIM iki k\u0131zla ayn\u0131 anda g\u00f6r\u00fc\u015f\u00fcyordu.<span class=\"excerpt-hellip\"> [\u2026]<\/span><\/p>\n","protected":false},"featured_media":0,"template":"","meta":{"_monsterinsights_skip_tracking":false,"_monsterinsights_sitenote_active":false,"_monsterinsights_sitenote_note":"","_monsterinsights_sitenote_category":0},"product_brand":[],"product_cat":[12416,12291],"product_tag":[],"class_list":{"0":"post-742686","1":"product","2":"type-product","3":"status-publish","5":"product_cat-cizgi-roman","6":"product_cat-edebiyat","7":"pa_cilt-ciltsiz","8":"pa_tur-kitap","9":"pa_yayinevi-ithaki-yayinlari","10":"pa_yazar-bryan-lee-omalley","12":"first","13":"instock","14":"sale","15":"shipping-taxable","16":"purchasable","17":"product-type-simple"},"_links":{"self":[{"href":"https:\/\/roveyayinevi.com.tr\/index.php\/wp-json\/wp\/v2\/product\/742686","targetHints":{"allow":["GET"]}}],"collection":[{"href":"https:\/\/roveyayinevi.com.tr\/index.php\/wp-json\/wp\/v2\/product"}],"about":[{"href":"https:\/\/roveyayinevi.com.tr\/index.php\/wp-json\/wp\/v2\/types\/product"}],"wp:attachment":[{"href":"https:\/\/roveyayinevi.com.tr\/index.php\/wp-json\/wp\/v2\/media?parent=742686"}],"wp:term":[{"taxonomy":"product_brand","embeddable":true,"href":"https:\/\/roveyayinevi.com.tr\/index.php\/wp-json\/wp\/v2\/product_brand?post=742686"},{"taxonomy":"product_cat","embeddable":true,"href":"https:\/\/roveyayinevi.com.tr\/index.php\/wp-json\/wp\/v2\/product_cat?post=742686"},{"taxonomy":"product_tag","embeddable":true,"href":"https:\/\/roveyayinevi.com.tr\/index.php\/wp-json\/wp\/v2\/product_tag?post=742686"}],"curies":[{"name":"wp","href":"https:\/\/api.w.org\/{rel}","templated":true}]}}