{"id":742684,"date":"2025-08-28T01:18:00","date_gmt":"2025-08-27T22:18:00","guid":{"rendered":"https:\/\/roveyayinevi.com.tr\/index.php\/urun\/koyunlar-yukari-bakar\/"},"modified":"2026-04-16T02:53:50","modified_gmt":"2026-04-15T23:53:50","slug":"koyunlar-yukari-bakar","status":"publish","type":"product","link":"https:\/\/roveyayinevi.com.tr\/index.php\/urun\/koyunlar-yukari-bakar\/","title":{"rendered":"Koyunlar Yukar\u0131 Bakar"},"content":{"rendered":"<p>\u201cKarma\u015f\u0131k ve trajik bir ba\u015fyap\u0131t. John Brunner bilimkurgunun Rachel Carson\u2019\u0131d\u0131r.\u201d \u2013Ian Watson\u201cKimse, g\u00fcn\u00fcm\u00fcz\u00fcn sorunlar\u0131n\u0131 John Brunner gibi tahmin edememi\u015ftir.\u201d \u2013William Gibson\u201cYUKARI BAKAR A\u00c7 KOYUNLAR, \u00c7OBANDAN MEDET UMAR.\u201dBilimkurgu yaz\u0131n\u0131n\u0131n ba\u015fl\u0131ca k\u00e2hinlerinden biri olan John Brunner, ayn\u0131 zamanda t\u00fcr\u00fcn en deneysel ve yenilik\u00e7i eserlerine imza atm\u0131\u015f bir yazar. Koyunlar Yukar\u0131 Bakar ise yazar\u0131n en deh\u015fet verici kehanetlerinden biri.\u0130ki d\u00fcnya sava\u015f\u0131n\u0131n ve sanayile\u015fmenin ard\u0131ndan hava kirlili\u011fi \u00f6yle bir seviyededir ki insanlar maske takmadan a\u00e7\u0131k havada y\u00fcr\u00fcyemez h\u00e2le gelmi\u015ftir. Tar\u0131mda ve hayvanc\u0131l\u0131kta kullan\u0131lan toksik maddeler y\u00fcz\u00fcnden bebeklerin \u00f6l\u00fcm oranlar\u0131 artm\u0131\u015f, do\u011fum kusurlar\u0131 ve fiziksel hastal\u0131klar normal say\u0131lmaya ba\u015flam\u0131\u015ft\u0131r. B\u00fcy\u00fck \u015firketler her t\u00fcrl\u00fc k\u00e2r i\u00e7in sava\u015f\u0131rken, yozla\u015fm\u0131\u015f h\u00fck\u00fcmet g\u00f6revlileriyse cebini doldurman\u0131n pe\u015findedir.\u00c7evreci Austin Train yapt\u0131\u011f\u0131 kehanet niteli\u011findeki uyar\u0131lar\u0131n ard\u0131ndan g\u00f6rd\u00fc\u011f\u00fc tepkiler y\u00fcz\u00fcnden firardad\u0131r. Radikal \u00e7evreci gruplar onun liderli\u011fini ve manifestosunu benimsemi\u015fken h\u00fck\u00fcmet ise onu ortadan kald\u0131rman\u0131n planlar\u0131n\u0131 kurmaktad\u0131r. Medyan\u0131n tek derdi ise reyting kayg\u0131s\u0131d\u0131r. \u00c7ok az insan d\u00fcnyan\u0131n gelece\u011finin, insanl\u0131\u011f\u0131n kirli parmaklar\u0131 aras\u0131ndan kay\u0131p gitmekte oldu\u011funun fark\u0131ndad\u0131r.\u0130nsanl\u0131k olarak \u00e7evreye verdi\u011fimiz zarar\u0131 geri alabilir miyiz? Yoksa her \u015fey i\u00e7in art\u0131k \u00e7ok mu ge\u00e7 kald\u0131k?Koyunlar Yukar\u0131 Bakar, g\u00fcn\u00fcm\u00fcz\u00fcn ve gelece\u011fimizin otopsisi.David Brin\u2019in \u00f6ns\u00f6z\u00fcyleJames John Bell\u2019in sons\u00f6z\u00fcyle<\/p>\n","protected":false},"excerpt":{"rendered":"<p>\u201cKarma\u015f\u0131k ve trajik bir ba\u015fyap\u0131t. John Brunner bilimkurgunun Rachel Carson\u2019\u0131d\u0131r.\u201d \u2013Ian Watson\u201cKimse, g\u00fcn\u00fcm\u00fcz\u00fcn sorunlar\u0131n\u0131 John Brunner gibi tahmin edememi\u015ftir.\u201d \u2013William Gibson\u201cYUKARI BAKAR A\u00c7 KOYUNLAR, \u00c7OBANDAN MEDET<span class=\"excerpt-hellip\"> [\u2026]<\/span><\/p>\n","protected":false},"featured_media":0,"template":"","meta":{"_monsterinsights_skip_tracking":false,"_monsterinsights_sitenote_active":false,"_monsterinsights_sitenote_note":"","_monsterinsights_sitenote_category":0},"product_brand":[],"product_cat":[12540,12291],"product_tag":[],"class_list":{"0":"post-742684","1":"product","2":"type-product","3":"status-publish","5":"product_cat-bilim-kurgu","6":"product_cat-edebiyat","7":"pa_cilt-ciltsiz","8":"pa_tur-kitap","9":"pa_yayinevi-ithaki-yayinlari","10":"pa_yazar-john-brunner","12":"first","13":"instock","14":"sale","15":"shipping-taxable","16":"purchasable","17":"product-type-simple"},"_links":{"self":[{"href":"https:\/\/roveyayinevi.com.tr\/index.php\/wp-json\/wp\/v2\/product\/742684","targetHints":{"allow":["GET"]}}],"collection":[{"href":"https:\/\/roveyayinevi.com.tr\/index.php\/wp-json\/wp\/v2\/product"}],"about":[{"href":"https:\/\/roveyayinevi.com.tr\/index.php\/wp-json\/wp\/v2\/types\/product"}],"wp:attachment":[{"href":"https:\/\/roveyayinevi.com.tr\/index.php\/wp-json\/wp\/v2\/media?parent=742684"}],"wp:term":[{"taxonomy":"product_brand","embeddable":true,"href":"https:\/\/roveyayinevi.com.tr\/index.php\/wp-json\/wp\/v2\/product_brand?post=742684"},{"taxonomy":"product_cat","embeddable":true,"href":"https:\/\/roveyayinevi.com.tr\/index.php\/wp-json\/wp\/v2\/product_cat?post=742684"},{"taxonomy":"product_tag","embeddable":true,"href":"https:\/\/roveyayinevi.com.tr\/index.php\/wp-json\/wp\/v2\/product_tag?post=742684"}],"curies":[{"name":"wp","href":"https:\/\/api.w.org\/{rel}","templated":true}]}}