{"id":742681,"date":"2025-08-28T01:17:57","date_gmt":"2025-08-27T22:17:57","guid":{"rendered":"https:\/\/roveyayinevi.com.tr\/index.php\/urun\/2-ses-grubu-okan-ile-tulay-omutuy\/"},"modified":"2026-04-16T02:53:50","modified_gmt":"2026-04-15T23:53:50","slug":"2-ses-grubu-okan-ile-tulay-omutuy","status":"publish","type":"product","link":"https:\/\/roveyayinevi.com.tr\/index.php\/urun\/2-ses-grubu-okan-ile-tulay-omutuy\/","title":{"rendered":"2. Ses Grubu Okan ile T\u00fclay Omut\u00fcy"},"content":{"rendered":"<p>\u0130lk okuma-yazma s\u00fcrecinde sesler, gruplar h\u00e2linde \u00f6\u011fretilmektedir. ELAK\u0130N, OMUT\u00dcY, \u00d6RIDSB, S\u00c7G\u015eCP ve HV\u011eFJ harf s\u0131ras\u0131na uygun olarak haz\u0131rlanm\u0131\u015f kitaplar\u0131m\u0131z; karesel (h\u0131zl\u0131 okuma) metinler, e\u015fleme, boyama ve \u00e7izme \u00e7al\u0131\u015fmalar\u0131yla da desteklenerek \u00e7ocuklar\u0131n okumalar\u0131n\u0131 geli\u015ftirmeleri ve okuma-yazmay\u0131 daha h\u0131zl\u0131 \u00e7\u00f6zmeleri ad\u0131na haz\u0131rlanm\u0131\u015ft\u0131r.Bulmacal\u0131E\u015flemeliBoyamal\u0131Renkli heceliKaresel okuma metinleri<\/p>\n","protected":false},"excerpt":{"rendered":"<p>\u0130lk okuma-yazma s\u00fcrecinde sesler, gruplar h\u00e2linde \u00f6\u011fretilmektedir. ELAK\u0130N, OMUT\u00dcY, \u00d6RIDSB, S\u00c7G\u015eCP ve HV\u011eFJ harf s\u0131ras\u0131na uygun olarak haz\u0131rlanm\u0131\u015f kitaplar\u0131m\u0131z; karesel (h\u0131zl\u0131 okuma) metinler, e\u015fleme, boyama ve<span class=\"excerpt-hellip\"> [\u2026]<\/span><\/p>\n","protected":false},"featured_media":0,"template":"","meta":{"_monsterinsights_skip_tracking":false,"_monsterinsights_sitenote_active":false,"_monsterinsights_sitenote_note":"","_monsterinsights_sitenote_category":0},"product_brand":[],"product_cat":[12274],"product_tag":[],"class_list":{"0":"post-742681","1":"product","2":"type-product","3":"status-publish","5":"product_cat-cocuk-ve-genclik-kitaplari","6":"pa_cilt-ciltsiz","7":"pa_tur-kitap","8":"pa_yayinevi-cocuk-gelisimi-yayinlari","9":"pa_yazar-bahar-sarikaya","11":"first","12":"instock","13":"sale","14":"shipping-taxable","15":"purchasable","16":"product-type-simple"},"_links":{"self":[{"href":"https:\/\/roveyayinevi.com.tr\/index.php\/wp-json\/wp\/v2\/product\/742681","targetHints":{"allow":["GET"]}}],"collection":[{"href":"https:\/\/roveyayinevi.com.tr\/index.php\/wp-json\/wp\/v2\/product"}],"about":[{"href":"https:\/\/roveyayinevi.com.tr\/index.php\/wp-json\/wp\/v2\/types\/product"}],"wp:attachment":[{"href":"https:\/\/roveyayinevi.com.tr\/index.php\/wp-json\/wp\/v2\/media?parent=742681"}],"wp:term":[{"taxonomy":"product_brand","embeddable":true,"href":"https:\/\/roveyayinevi.com.tr\/index.php\/wp-json\/wp\/v2\/product_brand?post=742681"},{"taxonomy":"product_cat","embeddable":true,"href":"https:\/\/roveyayinevi.com.tr\/index.php\/wp-json\/wp\/v2\/product_cat?post=742681"},{"taxonomy":"product_tag","embeddable":true,"href":"https:\/\/roveyayinevi.com.tr\/index.php\/wp-json\/wp\/v2\/product_tag?post=742681"}],"curies":[{"name":"wp","href":"https:\/\/api.w.org\/{rel}","templated":true}]}}