{"id":742680,"date":"2025-08-28T01:17:56","date_gmt":"2025-08-27T22:17:56","guid":{"rendered":"https:\/\/roveyayinevi.com.tr\/index.php\/urun\/bir-adim-sonrasi-oruntu-4-yas\/"},"modified":"2026-04-16T02:53:50","modified_gmt":"2026-04-15T23:53:50","slug":"bir-adim-sonrasi-oruntu-4-yas","status":"publish","type":"product","link":"https:\/\/roveyayinevi.com.tr\/index.php\/urun\/bir-adim-sonrasi-oruntu-4-yas\/","title":{"rendered":"Bir Ad\u0131m Sonras\u0131 \u00d6r\u00fcnt\u00fc 4 Ya\u015f"},"content":{"rendered":"<p>\u00d6r\u00fcnt\u00fc, \u00e7ocuklar\u0131n bili\u015fsel ve psikomotor geli\u015fimine katk\u0131 sa\u011flayan; renklerin, \u015fekillerin ve say\u0131lar\u0131n peki\u015ftirilmesini destekleyen etkili \u00e7al\u0131\u015fmalard\u0131r. \u00d6r\u00fcnt\u00fc, harf-hece becerilerinin altyap\u0131s\u0131n\u0131 olu\u015fturur. \u00d6r\u00fcnt\u00fc becerilerini do\u011fru edinen \u00e7ocuklar, okuma yazma \u00e7al\u0131\u015fmalar\u0131 i\u00e7in gerekli \u00f6n ko\u015ful becerisini de yerine getirmi\u015f olur. \u00d6r\u00fcnt\u00fc \u00c7al\u0131\u015fmalar\u0131:G\u00f6rsel dikkat ve s\u0131ralama becerilerini artt\u0131r\u0131r.El g\u00f6z koordinasyonunu destekler, ince motor becerisini geli\u015ftirir.S\u0131ra takibi ve dikkat becerisini g\u00fc\u00e7lendirir.Dikkat ve konsantrasyonunu artt\u0131r\u0131r.K\u0131sa s\u00fcreli belle\u011fini destekler.Mant\u0131ksal kavrama, ak\u0131l y\u00fcr\u00fctme, karar verme becerisini kuvvetlendirir.\u00c7ocuklar\u0131n matemati\u011fe haz\u0131rlanmas\u0131na yard\u0131mc\u0131 olur.<\/p>\n","protected":false},"excerpt":{"rendered":"<p>\u00d6r\u00fcnt\u00fc, \u00e7ocuklar\u0131n bili\u015fsel ve psikomotor geli\u015fimine katk\u0131 sa\u011flayan; renklerin, \u015fekillerin ve say\u0131lar\u0131n peki\u015ftirilmesini destekleyen etkili \u00e7al\u0131\u015fmalard\u0131r. \u00d6r\u00fcnt\u00fc, harf-hece becerilerinin altyap\u0131s\u0131n\u0131 olu\u015fturur. \u00d6r\u00fcnt\u00fc becerilerini do\u011fru edinen \u00e7ocuklar,<span class=\"excerpt-hellip\"> [\u2026]<\/span><\/p>\n","protected":false},"featured_media":0,"template":"","meta":{"_monsterinsights_skip_tracking":false,"_monsterinsights_sitenote_active":false,"_monsterinsights_sitenote_note":"","_monsterinsights_sitenote_category":0},"product_brand":[],"product_cat":[12913,12274],"product_tag":[],"class_list":{"0":"post-742680","1":"product","2":"type-product","3":"status-publish","5":"product_cat-3-6-yas-kitaplari","6":"product_cat-cocuk-ve-genclik-kitaplari","7":"pa_cilt-ciltsiz","8":"pa_tur-kitap","9":"pa_yayinevi-cocuk-gelisimi-yayinlari","10":"pa_yazar-bahar-sarikaya","12":"first","13":"instock","14":"sale","15":"shipping-taxable","16":"purchasable","17":"product-type-simple"},"_links":{"self":[{"href":"https:\/\/roveyayinevi.com.tr\/index.php\/wp-json\/wp\/v2\/product\/742680","targetHints":{"allow":["GET"]}}],"collection":[{"href":"https:\/\/roveyayinevi.com.tr\/index.php\/wp-json\/wp\/v2\/product"}],"about":[{"href":"https:\/\/roveyayinevi.com.tr\/index.php\/wp-json\/wp\/v2\/types\/product"}],"wp:attachment":[{"href":"https:\/\/roveyayinevi.com.tr\/index.php\/wp-json\/wp\/v2\/media?parent=742680"}],"wp:term":[{"taxonomy":"product_brand","embeddable":true,"href":"https:\/\/roveyayinevi.com.tr\/index.php\/wp-json\/wp\/v2\/product_brand?post=742680"},{"taxonomy":"product_cat","embeddable":true,"href":"https:\/\/roveyayinevi.com.tr\/index.php\/wp-json\/wp\/v2\/product_cat?post=742680"},{"taxonomy":"product_tag","embeddable":true,"href":"https:\/\/roveyayinevi.com.tr\/index.php\/wp-json\/wp\/v2\/product_tag?post=742680"}],"curies":[{"name":"wp","href":"https:\/\/api.w.org\/{rel}","templated":true}]}}