{"id":742675,"date":"2025-08-28T01:17:50","date_gmt":"2025-08-27T22:17:50","guid":{"rendered":"https:\/\/roveyayinevi.com.tr\/index.php\/urun\/onu-nasil-mutlu-edersin\/"},"modified":"2026-04-16T02:53:50","modified_gmt":"2026-04-15T23:53:50","slug":"onu-nasil-mutlu-edersin","status":"publish","type":"product","link":"https:\/\/roveyayinevi.com.tr\/index.php\/urun\/onu-nasil-mutlu-edersin\/","title":{"rendered":"Onu Nas\u0131l Mutlu Edersin"},"content":{"rendered":"<p>Erke\u011fin ve kad\u0131n\u0131n, ili\u015fkide kendi mutlulu\u011fundan vazge\u00e7meden birbirlerini nas\u0131l mutlu edeceklerini \u00f6\u011frenmeleri \u00e7ok k\u0131ymetli&#8230;Erke\u011fin ve kad\u0131n\u0131n d\u00fc\u015f\u00fcnce, hormon ve yakla\u015f\u0131mlar a\u00e7\u0131s\u0131ndan birbirinden farkl\u0131 olmalar\u0131, ili\u015fkideki gereksinimlerinin de farkl\u0131la\u015fmas\u0131na yol a\u00e7\u0131yor. Gereksinimlerin kar\u015f\u0131land\u0131\u011f\u0131 bir ili\u015fkide erkek ve kad\u0131n birlikte olmaktan mutluluk duyarlar ve yak\u0131nl\u0131k hissi artar.Sa\u011fl\u0131kl\u0131 bir ili\u015fkide; erke\u011fi mutlu eden \u015fey kad\u0131n\u0131n mutlulu\u011fudur; kad\u0131n\u0131 mutlu edense, erke\u011fin kad\u0131na de\u011ferli oldu\u011funu hissettirdi\u011fi davran\u0131\u015flar\u0131d\u0131r.Bu kitap sayesinde; ili\u015fkinizi arzulad\u0131\u011f\u0131n\u0131z noktaya ta\u015f\u0131yacak, fl\u00f6rt d\u00f6neminden evlilik s\u00fcrecine kadar kad\u0131n\u0131n ve erke\u011fin ka\u00e7\u0131n\u0131lmaz gereksinimleriyle tan\u0131\u015facak, buna g\u00f6re uyumlu ileti\u015fimin nas\u0131l kurulaca\u011f\u0131n\u0131, yak\u0131nl\u0131k hissinin nas\u0131l geli\u015fece\u011fini, mutlu bir ili\u015fkinin nas\u0131l ya\u015fanaca\u011f\u0131n\u0131 \u00f6\u011freneceksiniz, ili\u015fkinizdeki sorunlara \u00e7are bulacaks\u0131n\u0131z.<\/p>\n","protected":false},"excerpt":{"rendered":"<p>Erke\u011fin ve kad\u0131n\u0131n, ili\u015fkide kendi mutlulu\u011fundan vazge\u00e7meden birbirlerini nas\u0131l mutlu edeceklerini \u00f6\u011frenmeleri \u00e7ok k\u0131ymetli&#8230;Erke\u011fin ve kad\u0131n\u0131n d\u00fc\u015f\u00fcnce, hormon ve yakla\u015f\u0131mlar a\u00e7\u0131s\u0131ndan birbirinden farkl\u0131 olmalar\u0131, ili\u015fkideki gereksinimlerinin<span class=\"excerpt-hellip\"> [\u2026]<\/span><\/p>\n","protected":false},"featured_media":0,"template":"","meta":{"_monsterinsights_skip_tracking":false,"_monsterinsights_sitenote_active":false,"_monsterinsights_sitenote_note":"","_monsterinsights_sitenote_category":0},"product_brand":[],"product_cat":[12364,16266],"product_tag":[],"class_list":{"0":"post-742675","1":"product","2":"type-product","3":"status-publish","5":"product_cat-genel-konular","6":"product_cat-referans-kaynak-kitap","7":"pa_cilt-ciltsiz","8":"pa_tur-kitap","9":"pa_yayinevi-destek-yayinlari","10":"pa_yazar-serap-sultan","12":"first","13":"instock","14":"sale","15":"shipping-taxable","16":"purchasable","17":"product-type-simple"},"_links":{"self":[{"href":"https:\/\/roveyayinevi.com.tr\/index.php\/wp-json\/wp\/v2\/product\/742675","targetHints":{"allow":["GET"]}}],"collection":[{"href":"https:\/\/roveyayinevi.com.tr\/index.php\/wp-json\/wp\/v2\/product"}],"about":[{"href":"https:\/\/roveyayinevi.com.tr\/index.php\/wp-json\/wp\/v2\/types\/product"}],"wp:attachment":[{"href":"https:\/\/roveyayinevi.com.tr\/index.php\/wp-json\/wp\/v2\/media?parent=742675"}],"wp:term":[{"taxonomy":"product_brand","embeddable":true,"href":"https:\/\/roveyayinevi.com.tr\/index.php\/wp-json\/wp\/v2\/product_brand?post=742675"},{"taxonomy":"product_cat","embeddable":true,"href":"https:\/\/roveyayinevi.com.tr\/index.php\/wp-json\/wp\/v2\/product_cat?post=742675"},{"taxonomy":"product_tag","embeddable":true,"href":"https:\/\/roveyayinevi.com.tr\/index.php\/wp-json\/wp\/v2\/product_tag?post=742675"}],"curies":[{"name":"wp","href":"https:\/\/api.w.org\/{rel}","templated":true}]}}