{"id":742674,"date":"2025-08-28T01:17:48","date_gmt":"2025-08-27T22:17:48","guid":{"rendered":"https:\/\/roveyayinevi.com.tr\/index.php\/urun\/ruhun-kasintisi\/"},"modified":"2026-04-16T02:53:50","modified_gmt":"2026-04-15T23:53:50","slug":"ruhun-kasintisi","status":"publish","type":"product","link":"https:\/\/roveyayinevi.com.tr\/index.php\/urun\/ruhun-kasintisi\/","title":{"rendered":"Ruhun Ka\u015f\u0131nt\u0131s\u0131"},"content":{"rendered":"<p>Ka\u015f\u0131nan bir yara gibi ka\u015f\u0131nan bir ruh. Kanasa da ka\u015f\u0131nmak ister. \u0130\u00e7 sesin terc\u00fcman\u0131 olan ka\u015f\u0131nt\u0131 bu. F\u0131s\u0131lt\u0131lar\u0131n \u00e7\u0131\u011fl\u0131\u011fa d\u00f6n\u00fc\u015ft\u00fc\u011f\u00fc yank\u0131lar.. G\u00f6r\u00fcnmeyen durumlar\u0131n tarifi bu. Bir anda gelip ge\u00e7en anlar\u0131n yak\u0131nla\u015ft\u0131r\u0131lm\u0131\u015f h\u00e2li. Kendisiyle m\u00fccadele edenlerin yorgunlu\u011fu bu. \u0130lham\u0131, akl\u0131na h\u00fckmetmek isteyenlerin kaynaklar\u0131ndan al\u0131yor. Durmaks\u0131z\u0131n sorgulayanlar\u0131n kederi bu.                                                            *** \u201cNe g\u00fczel, ayr\u0131l\u0131\u011f\u0131n hakk\u0131n\u0131 verece\u011fiz. Ne hak ama! Ho\u015f\u00e7a kal deyip ayr\u0131laca\u011f\u0131z birazdan\u201d  *** \u201cDiyelim ki hakl\u0131yd\u0131n\u0131z Gece yata\u011f\u0131n\u0131za sokulan dilencilerdik biz Sadakatsiz bencillerdik biz&#8230;.. \u00d6yleyse neden sustuk? Sustuk ve kal\u0131plar\u0131n\u0131za girmeyi kabul ettik.\u201d ***  \u201cBeklemek gerekiyorsa k\u00f6k salal\u0131m Zaman bizi do\u011fursun\u201d  <\/p>\n","protected":false},"excerpt":{"rendered":"<p>Ka\u015f\u0131nan bir yara gibi ka\u015f\u0131nan bir ruh. Kanasa da ka\u015f\u0131nmak ister. \u0130\u00e7 sesin terc\u00fcman\u0131 olan ka\u015f\u0131nt\u0131 bu. F\u0131s\u0131lt\u0131lar\u0131n \u00e7\u0131\u011fl\u0131\u011fa d\u00f6n\u00fc\u015ft\u00fc\u011f\u00fc yank\u0131lar.. G\u00f6r\u00fcnmeyen durumlar\u0131n tarifi bu. Bir<span class=\"excerpt-hellip\"> [\u2026]<\/span><\/p>\n","protected":false},"featured_media":0,"template":"","meta":{"_monsterinsights_skip_tracking":false,"_monsterinsights_sitenote_active":false,"_monsterinsights_sitenote_note":"","_monsterinsights_sitenote_category":0},"product_brand":[],"product_cat":[12291,12509],"product_tag":[],"class_list":{"0":"post-742674","1":"product","2":"type-product","3":"status-publish","5":"product_cat-edebiyat","6":"product_cat-siir","7":"pa_cilt-ciltsiz","8":"pa_tur-kitap","9":"pa_yayinevi-mirhan-kitap","10":"pa_yazar-metehan-budak","12":"first","13":"instock","14":"sale","15":"shipping-taxable","16":"purchasable","17":"product-type-simple"},"_links":{"self":[{"href":"https:\/\/roveyayinevi.com.tr\/index.php\/wp-json\/wp\/v2\/product\/742674","targetHints":{"allow":["GET"]}}],"collection":[{"href":"https:\/\/roveyayinevi.com.tr\/index.php\/wp-json\/wp\/v2\/product"}],"about":[{"href":"https:\/\/roveyayinevi.com.tr\/index.php\/wp-json\/wp\/v2\/types\/product"}],"wp:attachment":[{"href":"https:\/\/roveyayinevi.com.tr\/index.php\/wp-json\/wp\/v2\/media?parent=742674"}],"wp:term":[{"taxonomy":"product_brand","embeddable":true,"href":"https:\/\/roveyayinevi.com.tr\/index.php\/wp-json\/wp\/v2\/product_brand?post=742674"},{"taxonomy":"product_cat","embeddable":true,"href":"https:\/\/roveyayinevi.com.tr\/index.php\/wp-json\/wp\/v2\/product_cat?post=742674"},{"taxonomy":"product_tag","embeddable":true,"href":"https:\/\/roveyayinevi.com.tr\/index.php\/wp-json\/wp\/v2\/product_tag?post=742674"}],"curies":[{"name":"wp","href":"https:\/\/api.w.org\/{rel}","templated":true}]}}