{"id":742673,"date":"2025-08-28T01:17:47","date_gmt":"2025-08-27T22:17:47","guid":{"rendered":"https:\/\/roveyayinevi.com.tr\/index.php\/urun\/hadiselerin-dili\/"},"modified":"2026-04-16T02:53:50","modified_gmt":"2026-04-15T23:53:50","slug":"hadiselerin-dili","status":"publish","type":"product","link":"https:\/\/roveyayinevi.com.tr\/index.php\/urun\/hadiselerin-dili\/","title":{"rendered":"Hadiselerin Dili"},"content":{"rendered":"<p>Akif Re\u00e7ber, gerek kendi hayat\u0131ndan gerek \u00e7evresinden i\u015fittiklerinden derledi\u011fi hik\u00e2yelerle yer yer umut, yer yer ac\u0131, yer yer \u00f6\u011f\u00fct ile sesleniyor okurlar\u0131n\u0131n kalbine. \u0130nsanlar\u0131n, ac\u0131lar\u0131ndan yahut hatalar\u0131ndan ald\u0131klar\u0131 derslerin a\u011f\u0131r bedeller sonucu oldu\u011funu g\u00f6zler \u00f6n\u00fcne sererken ba\u015f\u0131na gelen her musibetin muhakkak Hakk\u2019a yakla\u015ft\u0131ran bir kap\u0131 oldu\u011funun da alt\u0131n\u0131 \u00e7iziyor. Bozk\u0131r\u2019\u0131n ac\u0131s\u0131n\u0131, \u00e7abas\u0131n\u0131, umudunu ve vefas\u0131n\u0131 g\u00f6zlerinizde akmak i\u00e7in minik bir i\u015faret bekleyen nice ya\u015f e\u015fli\u011finde okuyacaks\u0131n\u0131z. <\/p>\n","protected":false},"excerpt":{"rendered":"<p>Akif Re\u00e7ber, gerek kendi hayat\u0131ndan gerek \u00e7evresinden i\u015fittiklerinden derledi\u011fi hik\u00e2yelerle yer yer umut, yer yer ac\u0131, yer yer \u00f6\u011f\u00fct ile sesleniyor okurlar\u0131n\u0131n kalbine. \u0130nsanlar\u0131n, ac\u0131lar\u0131ndan yahut<span class=\"excerpt-hellip\"> [\u2026]<\/span><\/p>\n","protected":false},"featured_media":0,"template":"","meta":{"_monsterinsights_skip_tracking":false,"_monsterinsights_sitenote_active":false,"_monsterinsights_sitenote_note":"","_monsterinsights_sitenote_category":0},"product_brand":[],"product_cat":[12291,12711],"product_tag":[],"class_list":{"0":"post-742673","1":"product","2":"type-product","3":"status-publish","5":"product_cat-edebiyat","6":"product_cat-roman-oyku","7":"pa_cilt-ciltsiz","8":"pa_tur-kitap","9":"pa_yayinevi-karina-yayinevi","10":"pa_yazar-akif-recber","12":"first","13":"instock","14":"sale","15":"shipping-taxable","16":"purchasable","17":"product-type-simple"},"_links":{"self":[{"href":"https:\/\/roveyayinevi.com.tr\/index.php\/wp-json\/wp\/v2\/product\/742673","targetHints":{"allow":["GET"]}}],"collection":[{"href":"https:\/\/roveyayinevi.com.tr\/index.php\/wp-json\/wp\/v2\/product"}],"about":[{"href":"https:\/\/roveyayinevi.com.tr\/index.php\/wp-json\/wp\/v2\/types\/product"}],"wp:attachment":[{"href":"https:\/\/roveyayinevi.com.tr\/index.php\/wp-json\/wp\/v2\/media?parent=742673"}],"wp:term":[{"taxonomy":"product_brand","embeddable":true,"href":"https:\/\/roveyayinevi.com.tr\/index.php\/wp-json\/wp\/v2\/product_brand?post=742673"},{"taxonomy":"product_cat","embeddable":true,"href":"https:\/\/roveyayinevi.com.tr\/index.php\/wp-json\/wp\/v2\/product_cat?post=742673"},{"taxonomy":"product_tag","embeddable":true,"href":"https:\/\/roveyayinevi.com.tr\/index.php\/wp-json\/wp\/v2\/product_tag?post=742673"}],"curies":[{"name":"wp","href":"https:\/\/api.w.org\/{rel}","templated":true}]}}