{"id":742672,"date":"2025-08-28T01:17:45","date_gmt":"2025-08-27T22:17:45","guid":{"rendered":"https:\/\/roveyayinevi.com.tr\/index.php\/urun\/titanic-kemancilari\/"},"modified":"2026-04-16T02:53:50","modified_gmt":"2026-04-15T23:53:50","slug":"titanic-kemancilari","status":"publish","type":"product","link":"https:\/\/roveyayinevi.com.tr\/index.php\/urun\/titanic-kemancilari\/","title":{"rendered":"Titanic Kemanc\u0131lar\u0131"},"content":{"rendered":"<p>Kaptan \u201c\u00c7al\u0131n\u201d diyordu&#8230; \u201cKemanlar \u00e7ald\u0131\u011f\u0131na g\u00f6re gemi batm\u0131yor\u201d diye d\u00fc\u015f\u00fcnenler\u2026 \u2026devrilen sancak direklerini sorgulamad\u0131lar bile&#8230; \u00dclkenin yurtseverleri, Atat\u00fcrk\u00e7\u00fcleri, Cumhuriyet\u2019e g\u00f6n\u00fcl vermi\u015f ayd\u0131nlar\u0131&#8230; Bu \u00fclkeyi kuran g\u00fc\u00e7, koca T\u00fcrk ordusunun komutanlar\u0131, \u015ferefli subaylar\u0131&#8230; Bilim adamlar\u0131, hocalar, gazeteciler, yazarlar al\u0131n\u0131p g\u00f6t\u00fcr\u00fcld\u00fc\u011f\u00fcnde&#8230; Kemanc\u0131lar \u00e7ald\u0131lar\u2026Hukuk, e\u011fitim, b\u00fcrokrasi \u00e7\u00f6kt\u00fc\u011f\u00fcnde&#8230; \u00dcniversiteler, medya, sendikalar, devrimin getirdi\u011fi kurumlar \u00e7\u00f6kt\u00fc\u011f\u00fcnde&#8230; Kemanc\u0131lar \u00e7ald\u0131lar\u2026Bu, s\u0131radan bir \u00e7arpma de\u011fildi&#8230; Buzda\u011f\u0131n\u0131n g\u00f6r\u00fcnmeyen yan\u0131 vard\u0131&#8230; Karanl\u0131k bir gecede devletin omurgas\u0131 par\u00e7alan\u0131p g\u00f6vdesi g\u00f6m\u00fcl\u00fcrken&#8230; Dinleyin&#8230; Titanic kemanc\u0131lar\u0131 \u00e7almaya devam ediyor.Bir \u00fclkenin neresinde hadise varsa, nerede sorun, nerede ac\u0131, nerede isyan, nerede rezalet, nerede kah\u0131r&#8230; Oraya yeti\u015fmek gibi bir g\u00fcnah\u0131n \u00fcr\u00fcn\u00fc her bir yaz\u0131&#8230;Yaz\u0131lar\u0131m kaybolsun istemedim, Onlar\u0131 emanet edecek en iyi yeri se\u00e7tim. Kimler i\u00e7in yazd\u0131ysam onlara; Size emanet yaz\u0131lar\u0131m\u2026 <\/p>\n","protected":false},"excerpt":{"rendered":"<p>Kaptan \u201c\u00c7al\u0131n\u201d diyordu&#8230; \u201cKemanlar \u00e7ald\u0131\u011f\u0131na g\u00f6re gemi batm\u0131yor\u201d diye d\u00fc\u015f\u00fcnenler\u2026 \u2026devrilen sancak direklerini sorgulamad\u0131lar bile&#8230; \u00dclkenin yurtseverleri, Atat\u00fcrk\u00e7\u00fcleri, Cumhuriyet\u2019e g\u00f6n\u00fcl vermi\u015f ayd\u0131nlar\u0131&#8230; Bu \u00fclkeyi kuran g\u00fc\u00e7,<span class=\"excerpt-hellip\"> [\u2026]<\/span><\/p>\n","protected":false},"featured_media":0,"template":"","meta":{"_monsterinsights_skip_tracking":false,"_monsterinsights_sitenote_active":false,"_monsterinsights_sitenote_note":"","_monsterinsights_sitenote_category":0},"product_brand":[],"product_cat":[12777,12291],"product_tag":[],"class_list":{"0":"post-742672","1":"product","2":"type-product","3":"status-publish","5":"product_cat-deneme","6":"product_cat-edebiyat","7":"pa_cilt-ciltsiz","8":"pa_tur-kitap","9":"pa_yayinevi-sozcu-kitabevi","10":"pa_yazar-bekir-coskun","12":"first","13":"instock","14":"sale","15":"shipping-taxable","16":"purchasable","17":"product-type-simple"},"_links":{"self":[{"href":"https:\/\/roveyayinevi.com.tr\/index.php\/wp-json\/wp\/v2\/product\/742672","targetHints":{"allow":["GET"]}}],"collection":[{"href":"https:\/\/roveyayinevi.com.tr\/index.php\/wp-json\/wp\/v2\/product"}],"about":[{"href":"https:\/\/roveyayinevi.com.tr\/index.php\/wp-json\/wp\/v2\/types\/product"}],"wp:attachment":[{"href":"https:\/\/roveyayinevi.com.tr\/index.php\/wp-json\/wp\/v2\/media?parent=742672"}],"wp:term":[{"taxonomy":"product_brand","embeddable":true,"href":"https:\/\/roveyayinevi.com.tr\/index.php\/wp-json\/wp\/v2\/product_brand?post=742672"},{"taxonomy":"product_cat","embeddable":true,"href":"https:\/\/roveyayinevi.com.tr\/index.php\/wp-json\/wp\/v2\/product_cat?post=742672"},{"taxonomy":"product_tag","embeddable":true,"href":"https:\/\/roveyayinevi.com.tr\/index.php\/wp-json\/wp\/v2\/product_tag?post=742672"}],"curies":[{"name":"wp","href":"https:\/\/api.w.org\/{rel}","templated":true}]}}