{"id":742670,"date":"2025-08-28T01:17:42","date_gmt":"2025-08-27T22:17:42","guid":{"rendered":"https:\/\/roveyayinevi.com.tr\/index.php\/urun\/hindistan\/"},"modified":"2026-04-16T02:53:50","modified_gmt":"2026-04-15T23:53:50","slug":"hindistan","status":"publish","type":"product","link":"https:\/\/roveyayinevi.com.tr\/index.php\/urun\/hindistan\/","title":{"rendered":"Hindistan"},"content":{"rendered":"<p>Bu eser, gezi-g\u00f6zlem ve ara\u015ft\u0131rma ile tarih-felsefe-din ve k\u00fclt\u00fcrlerin harmanland\u0131\u011f\u0131 bir eserdir. Eserin\u00f6\u011frenciler, ara\u015ft\u0131rmac\u0131lar i\u00e7in kaynak eser olmas\u0131n\u0131n yan\u0131s\u0131ra, konunun merakl\u0131lar\u0131n\u0131n da ilgisini \u00e7ekece\u011fikanaatindeyim.Yrd. Do\u00e7. Dr. Hasan KolcuElinizdeki kitap, T\u00fcrk Tarihi bak\u0131m\u0131ndan \u00f6nemli olan, Asyan\u0131n en b\u00fcy\u00fck uygarl\u0131klar\u0131n\u0131n do\u011fup geli\u015fti\u011fico\u011frafyay\u0131 tarihsel geli\u015fim i\u00e7inde inceleyen bir eserdir.Hindistan uygarl\u0131\u011f\u0131na katk\u0131 veren Kuzeyden M.\u00d6. 3000 y\u0131llar\u0131nda \u0130ndus vadisine ak\u0131p gelen Sakalar, Ganjvadisine kadar olan b\u00f6lgede M.\u00d6. 1300 y\u0131l\u0131na kadar yerle\u015fik hayat, ticaret ve tar\u0131m\u0131 canland\u0131rd\u0131lar.M.\u00d6. III. y\u00fczy\u0131lda \u0130skender i\u015fgalinden sonra yine kuzeyden g\u00fc\u00e7l\u00fc bir dalga Ak Hunlar, Hindistanco\u011frafyas\u0131nda varl\u0131klar\u0131n\u0131 g\u00f6sterdiler. \u0130sl\u00e2mi devirde Gazneli Mahmut, Delhi T\u00fcrk Sultanl\u0131\u011f\u0131, Timur ve Bab\u00fcr\u00e7a\u011flar\u0131 T\u00fcrk\u2019\u00fcn Hindistan\u2019daki alt\u0131n \u00e7a\u011flar\u0131d\u0131r. Bu \u00e7a\u011f, 1858 \u0130ngiliz h\u00e2kimiyeti ile son bulmu\u015ftur. Bu \u00e7a\u011flareserde detayl\u0131 bir \u015fekilde belgelere dayal\u0131 olarak anlat\u0131lm\u0131\u015ft\u0131r.T\u00fcrkistan\u2019dan \u00c7in\u2019e, Hindistan\u2019dan Anadolu ve Yunanistan\u2019a din ve felsefenin yay\u0131ld\u0131\u011f\u0131 bu topraklardakik\u00fclt\u00fcrel zenginli\u011fi, edeb\u00ee bir gezi tad\u0131nda okurken, s\u00f6m\u00fcrgecilik tarihini, s\u00f6m\u00fcrgecili\u011fe kar\u015f\u0131 Gandi\u2019ninba\u011f\u0131ms\u0131zl\u0131k m\u00fccadelesini, \u00e7a\u011fda\u015f Hindistan ve Pakistan\u2018n\u0131n olu\u015fum s\u00fcre\u00e7lerini, etnik ve dinsel yo\u011funlu\u011fara\u011fmen d\u00fcnyan\u0131n \u00fc\u00e7\u00fcnc\u00fc ekonomisi olmadaki gizemi zevkle okuyacaks\u0131n\u0131z. Bu y\u00f6n\u00fc ile Hindistan, \u00e7a\u011fda\u015fd\u00fcnyan\u0131n olu\u015fumuna da \u0131\u015f\u0131k tutarak, b\u00fcy\u00fck g\u00fc\u00e7lerle denge kurarak d\u00fcnya bar\u0131\u015f\u0131na katk\u0131 sunmaktad\u0131r.Prof. Dr. Ahmet Ta\u015fa\u011f\u0131l<\/p>\n","protected":false},"excerpt":{"rendered":"<p>Bu eser, gezi-g\u00f6zlem ve ara\u015ft\u0131rma ile tarih-felsefe-din ve k\u00fclt\u00fcrlerin harmanland\u0131\u011f\u0131 bir eserdir. Eserin\u00f6\u011frenciler, ara\u015ft\u0131rmac\u0131lar i\u00e7in kaynak eser olmas\u0131n\u0131n yan\u0131s\u0131ra, konunun merakl\u0131lar\u0131n\u0131n da ilgisini \u00e7ekece\u011fikanaatindeyim.Yrd. Do\u00e7. Dr.<span class=\"excerpt-hellip\"> [\u2026]<\/span><\/p>\n","protected":false},"featured_media":0,"template":"","meta":{"_monsterinsights_skip_tracking":false,"_monsterinsights_sitenote_active":false,"_monsterinsights_sitenote_note":"","_monsterinsights_sitenote_category":0},"product_brand":[],"product_cat":[12370,12304],"product_tag":[],"class_list":{"0":"post-742670","1":"product","2":"type-product","3":"status-publish","5":"product_cat-arastirma-inceleme","6":"product_cat-tarih","7":"pa_cilt-ciltsiz","8":"pa_tur-kitap","9":"pa_yayinevi-platanus-publishing","10":"pa_yazar-muharrem-yellice","12":"first","13":"instock","14":"sale","15":"shipping-taxable","16":"purchasable","17":"product-type-simple"},"_links":{"self":[{"href":"https:\/\/roveyayinevi.com.tr\/index.php\/wp-json\/wp\/v2\/product\/742670","targetHints":{"allow":["GET"]}}],"collection":[{"href":"https:\/\/roveyayinevi.com.tr\/index.php\/wp-json\/wp\/v2\/product"}],"about":[{"href":"https:\/\/roveyayinevi.com.tr\/index.php\/wp-json\/wp\/v2\/types\/product"}],"wp:attachment":[{"href":"https:\/\/roveyayinevi.com.tr\/index.php\/wp-json\/wp\/v2\/media?parent=742670"}],"wp:term":[{"taxonomy":"product_brand","embeddable":true,"href":"https:\/\/roveyayinevi.com.tr\/index.php\/wp-json\/wp\/v2\/product_brand?post=742670"},{"taxonomy":"product_cat","embeddable":true,"href":"https:\/\/roveyayinevi.com.tr\/index.php\/wp-json\/wp\/v2\/product_cat?post=742670"},{"taxonomy":"product_tag","embeddable":true,"href":"https:\/\/roveyayinevi.com.tr\/index.php\/wp-json\/wp\/v2\/product_tag?post=742670"}],"curies":[{"name":"wp","href":"https:\/\/api.w.org\/{rel}","templated":true}]}}