{"id":742669,"date":"2025-08-28T01:17:41","date_gmt":"2025-08-27T22:17:41","guid":{"rendered":"https:\/\/roveyayinevi.com.tr\/index.php\/urun\/anneanne-ile-friederin-yepyeni-maceralari\/"},"modified":"2026-04-16T02:53:50","modified_gmt":"2026-04-15T23:53:50","slug":"anneanne-ile-friederin-yepyeni-maceralari","status":"publish","type":"product","link":"https:\/\/roveyayinevi.com.tr\/index.php\/urun\/anneanne-ile-friederin-yepyeni-maceralari\/","title":{"rendered":"Anneanne ile Friederin Yepyeni Maceralar\u0131"},"content":{"rendered":"<p>Anneanne ile Frieder&#8217;in maceralar\u0131 t\u00fcm h\u0131z\u0131yla devam ediyor!     Frieder odas\u0131n\u0131n duvarlar\u0131n\u0131 re\u00e7elle k\u0131rm\u0131z\u0131ya boyamak isterse, bah\u00e7eyi \u00e7\u00f6le \u00e7evirmeye karar verirse ya da anneannesinin \u00f6rd\u00fc\u011f\u00fc \u00e7oraplar\u0131 yanl\u0131\u015fl\u0131kla s\u00f6kerse&#8230; Anneannesi ona birazc\u0131k k\u0131zabilir. Ama sonu\u00e7ta ne Frieder&#8217;in muzip fikirleri t\u00fckenir ne de anneannesinin ona olan sevgisi!     Alman \u00e7ocuk edebiyat\u0131n\u0131n sevilen kalemi Gudrun Mebs, Anneanne ile Frieder&#8217;in Yepyeni Maceralar\u0131&#8217;nda yine incelikli ve ne\u015feli bir anneanne-torun portresi \u00e7iziyor.<\/p>\n","protected":false},"excerpt":{"rendered":"<p>Anneanne ile Frieder&#8217;in maceralar\u0131 t\u00fcm h\u0131z\u0131yla devam ediyor! Frieder odas\u0131n\u0131n duvarlar\u0131n\u0131 re\u00e7elle k\u0131rm\u0131z\u0131ya boyamak isterse, bah\u00e7eyi \u00e7\u00f6le \u00e7evirmeye karar verirse ya da anneannesinin \u00f6rd\u00fc\u011f\u00fc \u00e7oraplar\u0131 yanl\u0131\u015fl\u0131kla<span class=\"excerpt-hellip\"> [\u2026]<\/span><\/p>\n","protected":false},"featured_media":0,"template":"","meta":{"_monsterinsights_skip_tracking":false,"_monsterinsights_sitenote_active":false,"_monsterinsights_sitenote_note":"","_monsterinsights_sitenote_category":0},"product_brand":[],"product_cat":[12274,12284],"product_tag":[],"class_list":{"0":"post-742669","1":"product","2":"type-product","3":"status-publish","5":"product_cat-cocuk-ve-genclik-kitaplari","6":"product_cat-hikayeler","7":"pa_cilt-ciltsiz","8":"pa_tur-kitap","9":"pa_yayinevi-can-cocuk-yayinlari","10":"pa_yazar-gudrun-mebs","12":"first","13":"instock","14":"sale","15":"shipping-taxable","16":"purchasable","17":"product-type-simple"},"_links":{"self":[{"href":"https:\/\/roveyayinevi.com.tr\/index.php\/wp-json\/wp\/v2\/product\/742669","targetHints":{"allow":["GET"]}}],"collection":[{"href":"https:\/\/roveyayinevi.com.tr\/index.php\/wp-json\/wp\/v2\/product"}],"about":[{"href":"https:\/\/roveyayinevi.com.tr\/index.php\/wp-json\/wp\/v2\/types\/product"}],"wp:attachment":[{"href":"https:\/\/roveyayinevi.com.tr\/index.php\/wp-json\/wp\/v2\/media?parent=742669"}],"wp:term":[{"taxonomy":"product_brand","embeddable":true,"href":"https:\/\/roveyayinevi.com.tr\/index.php\/wp-json\/wp\/v2\/product_brand?post=742669"},{"taxonomy":"product_cat","embeddable":true,"href":"https:\/\/roveyayinevi.com.tr\/index.php\/wp-json\/wp\/v2\/product_cat?post=742669"},{"taxonomy":"product_tag","embeddable":true,"href":"https:\/\/roveyayinevi.com.tr\/index.php\/wp-json\/wp\/v2\/product_tag?post=742669"}],"curies":[{"name":"wp","href":"https:\/\/api.w.org\/{rel}","templated":true}]}}