{"id":742668,"date":"2025-08-28T01:17:39","date_gmt":"2025-08-27T22:17:39","guid":{"rendered":"https:\/\/roveyayinevi.com.tr\/index.php\/urun\/geride-kalanlar\/"},"modified":"2026-04-16T02:53:50","modified_gmt":"2026-04-15T23:53:50","slug":"geride-kalanlar","status":"publish","type":"product","link":"https:\/\/roveyayinevi.com.tr\/index.php\/urun\/geride-kalanlar\/","title":{"rendered":"Geride Kalanlar"},"content":{"rendered":"<p>\u0130nsan\u0131n hayat\u0131 de\u011fi\u015fmek istedi\u011finde, ya olmas\u0131 gereken bir \u015fey olmaz ya da olmamas\u0131 gereken bir \u015fey olur. Bu, pencere cam\u0131na \u00e7arpan bir kar tanesi de olabilir, evine giren bir h\u0131rs\u0131z da, dikti\u011fi bir \u015fapka, kar\u015f\u0131 koyamad\u0131\u011f\u0131 bir sigara, kafas\u0131 atan bir yapay zek\u00e2 da.   Eski bir kokunun g\u00f6t\u00fcrd\u00fc\u011f\u00fc ge\u00e7mi\u015f de hayat\u0131n\u0131z\u0131 de\u011fi\u015ftirebilir, ya\u015fl\u0131l\u0131\u011f\u0131n\u0131za g\u00f6t\u00fcren bir sim\u00fclasyon da, ba\u015fka hayatlar\u0131 tecr\u00fcbe ettiren bir r\u00fcya da.   Gidilen bir yer de de\u011fi\u015ftirebilir hayat\u0131n\u0131z\u0131: Antik tanr\u0131lar\u0131n i\u015fletti\u011fi bir otel, ya da s\u0131ra d\u0131\u015f\u0131 tatminler vaat eden bir i\u015fletme gibi. Ya da kal\u0131nan bir yer: Gen\u00e7lik a\u015fklar\u0131, ya\u015fl\u0131l\u0131k heyecanlar\u0131, sosyal a\u011f kavgalar\u0131.   Fakat hayatlar de\u011fi\u015fse de hayaller hep vard\u0131r: S\u00fcper kahraman olmak, kripto borsalar\u0131ndan servet yapmak, k\u00f6t\u00fcl\u00fc\u011f\u00fc ila\u00e7larla bast\u0131rmak gibi ama\u00e7lar vard\u0131r her zaman.   Bu kitapta okuyaca\u011f\u0131n\u0131z hikayeler bu ge\u00e7mi\u015flerde ya\u015fam\u0131\u015f, bu g\u00fcnlerde ya\u015fayan, bu geleceklerde ya\u015fayacak s\u0131radan insanlar\u0131n hayatlar\u0131n\u0131n de\u011fi\u015fti\u011fi olaylard\u0131r. Hepsinin ortak \u00f6zelli\u011fi, tuhaf r\u00fcyalardan esinlenmi\u015f olmalar\u0131d\u0131r.<\/p>\n","protected":false},"excerpt":{"rendered":"<p>\u0130nsan\u0131n hayat\u0131 de\u011fi\u015fmek istedi\u011finde, ya olmas\u0131 gereken bir \u015fey olmaz ya da olmamas\u0131 gereken bir \u015fey olur. Bu, pencere cam\u0131na \u00e7arpan bir kar tanesi de olabilir,<span class=\"excerpt-hellip\"> [\u2026]<\/span><\/p>\n","protected":false},"featured_media":0,"template":"","meta":{"_monsterinsights_skip_tracking":false,"_monsterinsights_sitenote_active":false,"_monsterinsights_sitenote_note":"","_monsterinsights_sitenote_category":0},"product_brand":[],"product_cat":[12291,12711],"product_tag":[],"class_list":{"0":"post-742668","1":"product","2":"type-product","3":"status-publish","5":"product_cat-edebiyat","6":"product_cat-roman-oyku","7":"pa_cilt-ciltsiz","8":"pa_tur-kitap","9":"pa_yayinevi-karakum-yayinevi","10":"pa_yazar-ismail-bicer","12":"first","13":"instock","14":"sale","15":"shipping-taxable","16":"purchasable","17":"product-type-simple"},"_links":{"self":[{"href":"https:\/\/roveyayinevi.com.tr\/index.php\/wp-json\/wp\/v2\/product\/742668","targetHints":{"allow":["GET"]}}],"collection":[{"href":"https:\/\/roveyayinevi.com.tr\/index.php\/wp-json\/wp\/v2\/product"}],"about":[{"href":"https:\/\/roveyayinevi.com.tr\/index.php\/wp-json\/wp\/v2\/types\/product"}],"wp:attachment":[{"href":"https:\/\/roveyayinevi.com.tr\/index.php\/wp-json\/wp\/v2\/media?parent=742668"}],"wp:term":[{"taxonomy":"product_brand","embeddable":true,"href":"https:\/\/roveyayinevi.com.tr\/index.php\/wp-json\/wp\/v2\/product_brand?post=742668"},{"taxonomy":"product_cat","embeddable":true,"href":"https:\/\/roveyayinevi.com.tr\/index.php\/wp-json\/wp\/v2\/product_cat?post=742668"},{"taxonomy":"product_tag","embeddable":true,"href":"https:\/\/roveyayinevi.com.tr\/index.php\/wp-json\/wp\/v2\/product_tag?post=742668"}],"curies":[{"name":"wp","href":"https:\/\/api.w.org\/{rel}","templated":true}]}}