{"id":742667,"date":"2025-08-28T01:17:38","date_gmt":"2025-08-27T22:17:38","guid":{"rendered":"https:\/\/roveyayinevi.com.tr\/index.php\/urun\/felsefirastyon-2\/"},"modified":"2026-04-16T02:53:50","modified_gmt":"2026-04-15T23:53:50","slug":"felsefirastyon-2","status":"publish","type":"product","link":"https:\/\/roveyayinevi.com.tr\/index.php\/urun\/felsefirastyon-2\/","title":{"rendered":"Felsefirastyon 2"},"content":{"rendered":"<p>Eski insanlardan yeni \u015feyler duymuyoruz! Yeni insanlardan hep eski \u015feyler duyuyoruz! G\u00fcn\u00fcm\u00fczde felsefe kadar yanl\u0131\u015f anla\u015f\u0131lm\u0131\u015f ba\u015fka bir \u015fey yoktur. Mesela bug\u00fcn ortalama bir felsefecinin yaz\u0131lar\u0131na g\u00f6z atarsan\u0131z, felsefenin tarihinden bahsetmeyi felsefe yapmak sand\u0131klar\u0131n\u0131 g\u00f6r\u00fcrs\u00fcn\u00fcz. H\u00e2lbuki yapt\u0131klar\u0131 tek \u015fey, d\u00fc\u015f\u00fcnce hamall\u0131\u011f\u0131d\u0131r. Ve h\u00e2l\u00e2 eskilerin kendilerine a\u00e7t\u0131\u011f\u0131 kredide ya\u015f\u0131yorlar! Benim nazar\u0131mda felsefe demek; ki\u015finin kendi \u00e7a\u011f\u0131n\u0131n bilim, sanat ve edebiyat\u0131n\u0131n sentezini yapmas\u0131 demektir. Yani felsefenin tarihine saplanarak felsefe yap\u0131lmaz. Gereksizli\u011fin kendisi hi\u00e7bir zaman \u00e7ekici olmam\u0131\u015ft\u0131r. Bu anlamda felsefe kendi ge\u00e7mi\u015fine ne kadar az sad\u0131k kal\u0131rsa gelece\u011fine o kadar \u00e7ok hizmet edecektir. \u00c7\u00fcnk\u00fc felsefe dedi\u011finiz \u015fey her zaman kendi \u00e7a\u011f\u0131n\u0131n yenilik\u00e7isi olmu\u015ftur. Eskilerin \u00e7\u00fcr\u00fcd\u00fc\u011f\u00fc, yenilerin ise k\u00f6k salamad\u0131\u011f\u0131 bir ortamda, felsefenin gelece\u011finden bahsetmek imk\u00e2ns\u0131zd\u0131r. Felsefirastyon bu anlay\u0131\u015fa tepki olarak yaz\u0131lan ve \u00e7izilen bir eserdir. Birbirinden ba\u011f\u0131ms\u0131z konular\u0131 ve \u015feffafl\u0131\u011f\u0131 ile bilgi hamall\u0131\u011f\u0131n\u0131n \u00f6n\u00fcne ge\u00e7meye \u00e7al\u0131\u015fm\u0131\u015ft\u0131r. Dokundu\u011fu her \u015feyi sadele\u015ftirmi\u015ftir ama basitle\u015ftirmemi\u015ftir. \u00c7izginin yetersiz kald\u0131\u011f\u0131 yerlerde yaz\u0131ya, yaz\u0131n\u0131n yetersiz kald\u0131\u011f\u0131 yerlerde ise \u00e7izgiye yol vermi\u015ftir! S\u0131k\u0131c\u0131l\u0131\u011f\u0131, s\u0131radanl\u0131\u011f\u0131, tekrar\u0131, gevezeli\u011fi ve felsefi yobazl\u0131\u011f\u0131 d\u0131\u015flamaya \u00e7al\u0131\u015fm\u0131\u015ft\u0131r. Ve kendisinin reng\u00e2renk bir d\u00fcnyas\u0131 oldu\u011funu iddia etmiyor! Sadece kendisi d\u0131\u015f\u0131ndakileri \u00e7ok renksiz buluyor.<\/p>\n","protected":false},"excerpt":{"rendered":"<p>Eski insanlardan yeni \u015feyler duymuyoruz! Yeni insanlardan hep eski \u015feyler duyuyoruz! G\u00fcn\u00fcm\u00fczde felsefe kadar yanl\u0131\u015f anla\u015f\u0131lm\u0131\u015f ba\u015fka bir \u015fey yoktur. Mesela bug\u00fcn ortalama bir felsefecinin yaz\u0131lar\u0131na<span class=\"excerpt-hellip\"> [\u2026]<\/span><\/p>\n","protected":false},"featured_media":0,"template":"","meta":{"_monsterinsights_skip_tracking":false,"_monsterinsights_sitenote_active":false,"_monsterinsights_sitenote_note":"","_monsterinsights_sitenote_category":0},"product_brand":[],"product_cat":[12777,12291],"product_tag":[],"class_list":{"0":"post-742667","1":"product","2":"type-product","3":"status-publish","5":"product_cat-deneme","6":"product_cat-edebiyat","7":"pa_cilt-ciltsiz","8":"pa_tur-kitap","9":"pa_yayinevi-luna-yayinlari","10":"pa_yazar-serdal-ozdemir","12":"first","13":"instock","14":"sale","15":"shipping-taxable","16":"purchasable","17":"product-type-simple"},"_links":{"self":[{"href":"https:\/\/roveyayinevi.com.tr\/index.php\/wp-json\/wp\/v2\/product\/742667","targetHints":{"allow":["GET"]}}],"collection":[{"href":"https:\/\/roveyayinevi.com.tr\/index.php\/wp-json\/wp\/v2\/product"}],"about":[{"href":"https:\/\/roveyayinevi.com.tr\/index.php\/wp-json\/wp\/v2\/types\/product"}],"wp:attachment":[{"href":"https:\/\/roveyayinevi.com.tr\/index.php\/wp-json\/wp\/v2\/media?parent=742667"}],"wp:term":[{"taxonomy":"product_brand","embeddable":true,"href":"https:\/\/roveyayinevi.com.tr\/index.php\/wp-json\/wp\/v2\/product_brand?post=742667"},{"taxonomy":"product_cat","embeddable":true,"href":"https:\/\/roveyayinevi.com.tr\/index.php\/wp-json\/wp\/v2\/product_cat?post=742667"},{"taxonomy":"product_tag","embeddable":true,"href":"https:\/\/roveyayinevi.com.tr\/index.php\/wp-json\/wp\/v2\/product_tag?post=742667"}],"curies":[{"name":"wp","href":"https:\/\/api.w.org\/{rel}","templated":true}]}}