{"id":742665,"date":"2025-08-28T01:17:36","date_gmt":"2025-08-27T22:17:36","guid":{"rendered":"https:\/\/roveyayinevi.com.tr\/index.php\/urun\/rahatlama-kitabi\/"},"modified":"2026-04-16T02:53:50","modified_gmt":"2026-04-15T23:53:50","slug":"rahatlama-kitabi","status":"publish","type":"product","link":"https:\/\/roveyayinevi.com.tr\/index.php\/urun\/rahatlama-kitabi\/","title":{"rendered":"Rahatlama Kitab\u0131"},"content":{"rendered":"<p>Hi\u00e7bir \u015fey, pes etmeyen ufac\u0131k bir umuttan daha g\u00fc\u00e7l\u00fc de\u011fildir.   Rahatlama Kitab\u0131, zor g\u00fcnlerden \u00e7\u0131kar\u0131lm\u0131\u015f derslerin ve \u00f6yle zamanlarda biraz olsun iyi hissettirecek \u00f6nerilerin bir derlemesi.   Gece Yar\u0131s\u0131 K\u00fct\u00fcphanesi ve \u0130nsanlar gibi sevilen kitaplar\u0131n yazar\u0131 Matt Haig, Rahatlama Kitab\u0131\u2019nda kendi deneyimlerinden \u00f6\u011frendiklerini, Marcus Aurelius, Emily Dickinson, James Baldwin gibi fikirleriyle ilham vermi\u015f isimlerden edindikleriyle harmanlayarak ya\u015fam\u0131n ini\u015f ve \u00e7\u0131k\u0131\u015flar\u0131 \u00fczerine k\u0131sa ve umut dolu metinler sunuyor. Zihnin zindanlar yaratabilece\u011fini ama yan\u0131nda anahtarlar\u0131n\u0131 da verdi\u011fini g\u00f6steriyor bizlere. Mutlulu\u011fun ancak \u201colman\u0131z beklenenleri\u201d bir kenara b\u0131rakt\u0131\u011f\u0131n\u0131zda filizlenebildi\u011fini hat\u0131rlatarak, ya\u015fama tela\u015f\u0131 aras\u0131nda \u015f\u00f6yle bir yava\u015flay\u0131p, var olman\u0131n g\u00fczelli\u011fi ve tahmin edilmezli\u011finin de\u011ferini bilmeyi y\u00fcceltiyor.   Bir dostun akl\u0131na, sar\u0131lman\u0131n huzuruna \u2013ve en k\u00f6t\u00fc zamanlarda bile umudu hat\u0131rlamaya\u2013 ihtiya\u00e7 duydu\u011funuzda elinizde olmas\u0131n\u0131 isteyece\u011finiz bir kitap.   \u201cMatt Haig insanl\u0131k halleriyle, onun ayd\u0131nl\u0131k ve karanl\u0131\u011f\u0131yla empati kuruyor; m\u00fckemmel anlat\u0131lar\u0131n\u0131 in\u015fa etmek i\u00e7in renk paletinin tamam\u0131n\u0131 kullan\u0131yor.\u201d \u2014Neil Gaiman     \u201cModern hayat\u0131n keskin bir g\u00f6zlemcisi.\u201d \u2014New York Times <\/p>\n","protected":false},"excerpt":{"rendered":"<p>Hi\u00e7bir \u015fey, pes etmeyen ufac\u0131k bir umuttan daha g\u00fc\u00e7l\u00fc de\u011fildir. Rahatlama Kitab\u0131, zor g\u00fcnlerden \u00e7\u0131kar\u0131lm\u0131\u015f derslerin ve \u00f6yle zamanlarda biraz olsun iyi hissettirecek \u00f6nerilerin bir derlemesi.<span class=\"excerpt-hellip\"> [\u2026]<\/span><\/p>\n","protected":false},"featured_media":0,"template":"","meta":{"_monsterinsights_skip_tracking":false,"_monsterinsights_sitenote_active":false,"_monsterinsights_sitenote_note":"","_monsterinsights_sitenote_category":0},"product_brand":[],"product_cat":[12364,12376],"product_tag":[],"class_list":{"0":"post-742665","1":"product","2":"type-product","3":"status-publish","5":"product_cat-genel-konular","6":"product_cat-kisisel-gelisim","7":"pa_cilt-ciltsiz","8":"pa_tur-kitap","9":"pa_yayinevi-domingo-yayinevi","10":"pa_yazar-matt-haig","12":"first","13":"instock","14":"sale","15":"shipping-taxable","16":"purchasable","17":"product-type-simple"},"_links":{"self":[{"href":"https:\/\/roveyayinevi.com.tr\/index.php\/wp-json\/wp\/v2\/product\/742665","targetHints":{"allow":["GET"]}}],"collection":[{"href":"https:\/\/roveyayinevi.com.tr\/index.php\/wp-json\/wp\/v2\/product"}],"about":[{"href":"https:\/\/roveyayinevi.com.tr\/index.php\/wp-json\/wp\/v2\/types\/product"}],"wp:attachment":[{"href":"https:\/\/roveyayinevi.com.tr\/index.php\/wp-json\/wp\/v2\/media?parent=742665"}],"wp:term":[{"taxonomy":"product_brand","embeddable":true,"href":"https:\/\/roveyayinevi.com.tr\/index.php\/wp-json\/wp\/v2\/product_brand?post=742665"},{"taxonomy":"product_cat","embeddable":true,"href":"https:\/\/roveyayinevi.com.tr\/index.php\/wp-json\/wp\/v2\/product_cat?post=742665"},{"taxonomy":"product_tag","embeddable":true,"href":"https:\/\/roveyayinevi.com.tr\/index.php\/wp-json\/wp\/v2\/product_tag?post=742665"}],"curies":[{"name":"wp","href":"https:\/\/api.w.org\/{rel}","templated":true}]}}