{"id":742664,"date":"2025-08-28T01:17:35","date_gmt":"2025-08-27T22:17:35","guid":{"rendered":"https:\/\/roveyayinevi.com.tr\/index.php\/urun\/1984-25\/"},"modified":"2026-04-16T02:53:50","modified_gmt":"2026-04-15T23:53:50","slug":"1984-25","status":"publish","type":"product","link":"https:\/\/roveyayinevi.com.tr\/index.php\/urun\/1984-25\/","title":{"rendered":"1984"},"content":{"rendered":"<p>George Orwell\u2019in \u00f6l\u00fcms\u00fcz distopyas\u0131n\u0131n Orwell Vakf\u0131 onayl\u0131 ilk grafik roman uyarlamas\u0131   1984 y\u0131l\u0131nda Londra, D\u00fc\u015f\u00fcnce Polisi\u2019nin insanlar\u0131n her ad\u0131m\u0131n\u0131 denetledi\u011fi, bo\u011fucu bir \u015fehirdir. Hakikat Bakanl\u0131\u011f\u0131\u2019nda \u00e7al\u0131\u015fan Winston Smith bu habis sistemin i\u00e7inde bir di\u015flidir; g\u00f6revi ya\u015fanm\u0131\u015f olaylar\u0131 Parti\u2019nin kabul etti\u011fi resmi ger\u00e7eklere uygun d\u00fc\u015fecek \u015fekilde uyarlay\u0131p tarihi yeniden yazmakt\u0131r.  Bu korku toplumunu sorgulamaya ba\u015flad\u0131\u011f\u0131 g\u00fcn, geri d\u00f6n\u00fclemez bir yola girer.   \u00dcnl\u00fc \u00e7izer Fido Nesti, Orwell\u2019in ba\u015fyap\u0131t\u0131 ve distopya edebiyat\u0131n\u0131n doruk noktas\u0131 1984\u2019\u00fc ba\u015ftan yorumlayarak, ger\u00e7e\u011fe d\u00f6n\u00fc\u015fme ihtimali g\u00fcn ge\u00e7tik\u00e7e artan bir d\u00fcnyaya \u00e7izdi\u011fi y\u00fczler, bedenler ve manzaralarla hayat veriyor.  <\/p>\n","protected":false},"excerpt":{"rendered":"<p>George Orwell\u2019in \u00f6l\u00fcms\u00fcz distopyas\u0131n\u0131n Orwell Vakf\u0131 onayl\u0131 ilk grafik roman uyarlamas\u0131 1984 y\u0131l\u0131nda Londra, D\u00fc\u015f\u00fcnce Polisi\u2019nin insanlar\u0131n her ad\u0131m\u0131n\u0131 denetledi\u011fi, bo\u011fucu bir \u015fehirdir. Hakikat Bakanl\u0131\u011f\u0131\u2019nda \u00e7al\u0131\u015fan<span class=\"excerpt-hellip\"> [\u2026]<\/span><\/p>\n","protected":false},"featured_media":0,"template":"","meta":{"_monsterinsights_skip_tracking":false,"_monsterinsights_sitenote_active":false,"_monsterinsights_sitenote_note":"","_monsterinsights_sitenote_category":0},"product_brand":[],"product_cat":[12689,12274],"product_tag":[],"class_list":{"0":"post-742664","1":"product","2":"type-product","3":"status-publish","5":"product_cat-cizgi-roman-cocuk-ve-genclik-kitaplari","6":"product_cat-cocuk-ve-genclik-kitaplari","7":"pa_cilt-ciltsiz","8":"pa_tur-kitap","9":"pa_yayinevi-domingo-yayinevi","10":"pa_yazar-george-orwell","12":"first","13":"instock","14":"sale","15":"shipping-taxable","16":"purchasable","17":"product-type-simple"},"_links":{"self":[{"href":"https:\/\/roveyayinevi.com.tr\/index.php\/wp-json\/wp\/v2\/product\/742664","targetHints":{"allow":["GET"]}}],"collection":[{"href":"https:\/\/roveyayinevi.com.tr\/index.php\/wp-json\/wp\/v2\/product"}],"about":[{"href":"https:\/\/roveyayinevi.com.tr\/index.php\/wp-json\/wp\/v2\/types\/product"}],"wp:attachment":[{"href":"https:\/\/roveyayinevi.com.tr\/index.php\/wp-json\/wp\/v2\/media?parent=742664"}],"wp:term":[{"taxonomy":"product_brand","embeddable":true,"href":"https:\/\/roveyayinevi.com.tr\/index.php\/wp-json\/wp\/v2\/product_brand?post=742664"},{"taxonomy":"product_cat","embeddable":true,"href":"https:\/\/roveyayinevi.com.tr\/index.php\/wp-json\/wp\/v2\/product_cat?post=742664"},{"taxonomy":"product_tag","embeddable":true,"href":"https:\/\/roveyayinevi.com.tr\/index.php\/wp-json\/wp\/v2\/product_tag?post=742664"}],"curies":[{"name":"wp","href":"https:\/\/api.w.org\/{rel}","templated":true}]}}