{"id":742663,"date":"2025-08-28T01:17:33","date_gmt":"2025-08-27T22:17:33","guid":{"rendered":"https:\/\/roveyayinevi.com.tr\/index.php\/urun\/ilginc-bir-vaka\/"},"modified":"2026-04-16T02:53:50","modified_gmt":"2026-04-15T23:53:50","slug":"ilginc-bir-vaka","status":"publish","type":"product","link":"https:\/\/roveyayinevi.com.tr\/index.php\/urun\/ilginc-bir-vaka\/","title":{"rendered":"\u0130lgin\u00e7 Bir Vaka"},"content":{"rendered":"<p>Her \u015fey, ba\u015f\u0131n\u0131 ka\u015f\u0131yacak vakti olmayan, zengin i\u015finsan\u0131 Giovanni Corte\u2019nin tuhaf bir ilah\u00ee ses duymas\u0131yla ba\u015flar. Derhal te\u015fhis konur: S\u00f6z konusu ehemmiyetsiz bir hastal\u0131kt\u0131r ve Corte basit bir operasyon sonras\u0131nda hayat\u0131na kald\u0131\u011f\u0131 yerden \u00e7abucak devam edecektir. Bunun i\u00e7in son derece modern bir klini\u011fin en \u00fcst kat\u0131na yerle\u015fir fakat ak\u0131l s\u0131r ermez birtak\u0131m hatalar\u0131n ve hastane b\u00fcrokrasisinin neticesinde yava\u015f yava\u015f, durumu daha a\u011f\u0131r seyreden hastalar\u0131n bulundu\u011fu katlara inmek zorunda kal\u0131r, en nihayetinde de kendini hastane cehenneminin en dip noktas\u0131nda bulur.  Albert Camus\u2019n\u00fcn 1955 y\u0131l\u0131nda, Buzzati\u2019nin Un caso clinico adl\u0131 oyunundan uyarlad\u0131\u011f\u0131 \u0130lgin\u00e7 Bir Vaka,  Kafkaesk unsurlar\u0131n son derece yo\u011fun hissedildi\u011fi, ince bir ironiyle \u00f6r\u00fclm\u00fc\u015f alegorik bir metin. \u201cCamus, ola\u011fan\u00fcst\u00fc bir duyarl\u0131l\u0131\u011fa ve insan anlay\u0131\u015f\u0131na sahip.\u201d  DINO BUZZATI <\/p>\n","protected":false},"excerpt":{"rendered":"<p>Her \u015fey, ba\u015f\u0131n\u0131 ka\u015f\u0131yacak vakti olmayan, zengin i\u015finsan\u0131 Giovanni Corte\u2019nin tuhaf bir ilah\u00ee ses duymas\u0131yla ba\u015flar. Derhal te\u015fhis konur: S\u00f6z konusu ehemmiyetsiz bir hastal\u0131kt\u0131r ve Corte<span class=\"excerpt-hellip\"> [\u2026]<\/span><\/p>\n","protected":false},"featured_media":0,"template":"","meta":{"_monsterinsights_skip_tracking":false,"_monsterinsights_sitenote_active":false,"_monsterinsights_sitenote_note":"","_monsterinsights_sitenote_category":0},"product_brand":[],"product_cat":[12291,14272],"product_tag":[],"class_list":{"0":"post-742663","1":"product","2":"type-product","3":"status-publish","5":"product_cat-edebiyat","6":"product_cat-tiyatro","7":"pa_cilt-ciltsiz","8":"pa_tur-kitap","9":"pa_yayinevi-can-yayinlari","10":"pa_yazar-albert-camus","12":"first","13":"instock","14":"sale","15":"shipping-taxable","16":"purchasable","17":"product-type-simple"},"_links":{"self":[{"href":"https:\/\/roveyayinevi.com.tr\/index.php\/wp-json\/wp\/v2\/product\/742663","targetHints":{"allow":["GET"]}}],"collection":[{"href":"https:\/\/roveyayinevi.com.tr\/index.php\/wp-json\/wp\/v2\/product"}],"about":[{"href":"https:\/\/roveyayinevi.com.tr\/index.php\/wp-json\/wp\/v2\/types\/product"}],"wp:attachment":[{"href":"https:\/\/roveyayinevi.com.tr\/index.php\/wp-json\/wp\/v2\/media?parent=742663"}],"wp:term":[{"taxonomy":"product_brand","embeddable":true,"href":"https:\/\/roveyayinevi.com.tr\/index.php\/wp-json\/wp\/v2\/product_brand?post=742663"},{"taxonomy":"product_cat","embeddable":true,"href":"https:\/\/roveyayinevi.com.tr\/index.php\/wp-json\/wp\/v2\/product_cat?post=742663"},{"taxonomy":"product_tag","embeddable":true,"href":"https:\/\/roveyayinevi.com.tr\/index.php\/wp-json\/wp\/v2\/product_tag?post=742663"}],"curies":[{"name":"wp","href":"https:\/\/api.w.org\/{rel}","templated":true}]}}