{"id":742662,"date":"2025-08-28T01:17:32","date_gmt":"2025-08-27T22:17:32","guid":{"rendered":"https:\/\/roveyayinevi.com.tr\/index.php\/urun\/bir-rahibeye-agit\/"},"modified":"2026-04-16T02:53:50","modified_gmt":"2026-04-15T23:53:50","slug":"bir-rahibeye-agit","status":"publish","type":"product","link":"https:\/\/roveyayinevi.com.tr\/index.php\/urun\/bir-rahibeye-agit\/","title":{"rendered":"Bir Rahibeye A\u011f\u0131t"},"content":{"rendered":"<p>\u0130ki \u00e7ocuklu, varl\u0131kl\u0131 bir \u00e7ift olan Temple ve Gowan\u2019\u0131n hayat\u0131 bir anda derinden sars\u0131l\u0131r. \u00c7ocuklar\u0131ndan biri, Temple\u2019\u0131n dad\u0131 olarak i\u015fe ald\u0131\u011f\u0131 eski bir fahi\u015fe ve uyu\u015fturucu ba\u011f\u0131ml\u0131s\u0131 bir kad\u0131n taraf\u0131ndan be\u015fi\u011finde bo\u011fulur. Mahkemenin sonucu bellidir: Siyah dad\u0131 idama mahk\u00fbm edilir fakat hukuk sisteminin ikiy\u00fczl\u00fcl\u00fc\u011f\u00fcn\u00fc, tarafs\u0131zl\u0131ktan uzak olu\u015funu  irdeleyen avukat\u0131, bu olay\u0131n ard\u0131ndakileri e\u015felemeye, hakikati g\u00fcn \u0131\u015f\u0131\u011f\u0131na \u00e7\u0131karmaya kararl\u0131d\u0131r.   Albert Camus\u2019n\u00fcn, William Faulkner\u2019\u0131n ayn\u0131 adl\u0131 roman\u0131ndan sahneye uyarlad\u0131\u011f\u0131 Bir Rahibeye A\u011f\u0131t, yasalar\u0131n mutlak bir adalet sa\u011flay\u0131p sa\u011flamad\u0131\u011f\u0131n\u0131, ger\u00e7e\u011fin d\u0131\u015far\u0131dan g\u00f6r\u00fcnd\u00fc\u011f\u00fc gibi olup olmad\u0131\u011f\u0131n\u0131 soru\u015fturan \u00e7arp\u0131c\u0131 bir metin.    &#8220;Frans\u0131z yazarlar\u0131 aras\u0131nda en \u00e7ok Camus&#8217;ye hayranl\u0131\u011f\u0131m var. Benim her zaman yapmaya \u00e7abalad\u0131\u011f\u0131m\u0131 yapabilen tek adam o. Ar\u0131yor, ara\u015ft\u0131r\u0131yor, kendi ruhunu inceliyor, insanl\u0131k sorunlar\u0131n\u0131 gerekti\u011fi gibi, etkili bir \u015fekilde anlat\u0131yor.&#8221;   William Faulkner<\/p>\n","protected":false},"excerpt":{"rendered":"<p>\u0130ki \u00e7ocuklu, varl\u0131kl\u0131 bir \u00e7ift olan Temple ve Gowan\u2019\u0131n hayat\u0131 bir anda derinden sars\u0131l\u0131r. \u00c7ocuklar\u0131ndan biri, Temple\u2019\u0131n dad\u0131 olarak i\u015fe ald\u0131\u011f\u0131 eski bir fahi\u015fe ve uyu\u015fturucu<span class=\"excerpt-hellip\"> [\u2026]<\/span><\/p>\n","protected":false},"featured_media":0,"template":"","meta":{"_monsterinsights_skip_tracking":false,"_monsterinsights_sitenote_active":false,"_monsterinsights_sitenote_note":"","_monsterinsights_sitenote_category":0},"product_brand":[],"product_cat":[12291,13376],"product_tag":[],"class_list":{"0":"post-742662","1":"product","2":"type-product","3":"status-publish","5":"product_cat-edebiyat","6":"product_cat-fransiz-edebiyati","7":"pa_cilt-ciltsiz","8":"pa_tur-kitap","9":"pa_yayinevi-can-yayinlari","10":"pa_yazar-albert-camus","12":"first","13":"instock","14":"sale","15":"shipping-taxable","16":"purchasable","17":"product-type-simple"},"_links":{"self":[{"href":"https:\/\/roveyayinevi.com.tr\/index.php\/wp-json\/wp\/v2\/product\/742662","targetHints":{"allow":["GET"]}}],"collection":[{"href":"https:\/\/roveyayinevi.com.tr\/index.php\/wp-json\/wp\/v2\/product"}],"about":[{"href":"https:\/\/roveyayinevi.com.tr\/index.php\/wp-json\/wp\/v2\/types\/product"}],"wp:attachment":[{"href":"https:\/\/roveyayinevi.com.tr\/index.php\/wp-json\/wp\/v2\/media?parent=742662"}],"wp:term":[{"taxonomy":"product_brand","embeddable":true,"href":"https:\/\/roveyayinevi.com.tr\/index.php\/wp-json\/wp\/v2\/product_brand?post=742662"},{"taxonomy":"product_cat","embeddable":true,"href":"https:\/\/roveyayinevi.com.tr\/index.php\/wp-json\/wp\/v2\/product_cat?post=742662"},{"taxonomy":"product_tag","embeddable":true,"href":"https:\/\/roveyayinevi.com.tr\/index.php\/wp-json\/wp\/v2\/product_tag?post=742662"}],"curies":[{"name":"wp","href":"https:\/\/api.w.org\/{rel}","templated":true}]}}