{"id":742660,"date":"2025-08-28T01:17:29","date_gmt":"2025-08-27T22:17:29","guid":{"rendered":"https:\/\/roveyayinevi.com.tr\/index.php\/urun\/rip-van-winkle\/"},"modified":"2026-04-16T02:53:50","modified_gmt":"2026-04-15T23:53:50","slug":"rip-van-winkle","status":"publish","type":"product","link":"https:\/\/roveyayinevi.com.tr\/index.php\/urun\/rip-van-winkle\/","title":{"rendered":"Rip Van Winkle"},"content":{"rendered":"<p>Irving, Rip Van Winkle\u2019da y\u0131llarca s\u00fcren uykular\u0131n, zamanda atlamalar\u0131n oldu\u011fu, farkl\u0131 k\u00fclt\u00fcrlerde benzerleri anlat\u0131lan masala yeni bir yorum getirir, masal\u0131n arka plan\u0131naysa Amerikan Devrimi\u2019ni al\u0131r.    Biraz hava almak \u00fczere ormanda bir y\u00fcr\u00fcy\u00fc\u015fe \u00e7\u0131kan iyi y\u00fcrekli Rip Van Winkle, tuhaf birtak\u0131m olaylar sonucu bir a\u011fa\u00e7 kovu\u011funda uyuyakal\u0131r. Uykuya dald\u0131\u011f\u0131nda Britanya \u0130mparatorlu\u011fu\u2019nun kolonisindedir, uyand\u0131\u011f\u0131ndaysa George Washington\u2019\u0131n portreleri duvarlara as\u0131lm\u0131\u015ft\u0131r. Yirmi y\u0131l s\u00fcren uzun uykusunda epey ya\u015flanan Rip Van Winkle yepyeni bir hayata, yabanc\u0131la\u015ft\u0131\u011f\u0131 kasabas\u0131na ve hi\u00e7 tan\u0131mad\u0131\u011f\u0131 torununa al\u0131\u015fmaya \u00e7al\u0131\u015f\u0131r; kimilerine bir k\u00e2bus gibi g\u00f6r\u00fcnen bu durum, ihtiyar\u0131n umutla ba\u015flad\u0131\u011f\u0131 ikinci bir ya\u015fam olacakt\u0131r. <\/p>\n","protected":false},"excerpt":{"rendered":"<p>Irving, Rip Van Winkle\u2019da y\u0131llarca s\u00fcren uykular\u0131n, zamanda atlamalar\u0131n oldu\u011fu, farkl\u0131 k\u00fclt\u00fcrlerde benzerleri anlat\u0131lan masala yeni bir yorum getirir, masal\u0131n arka plan\u0131naysa Amerikan Devrimi\u2019ni al\u0131r. Biraz<span class=\"excerpt-hellip\"> [\u2026]<\/span><\/p>\n","protected":false},"featured_media":0,"template":"","meta":{"_monsterinsights_skip_tracking":false,"_monsterinsights_sitenote_active":false,"_monsterinsights_sitenote_note":"","_monsterinsights_sitenote_category":0},"product_brand":[],"product_cat":[12891,12291],"product_tag":[],"class_list":{"0":"post-742660","1":"product","2":"type-product","3":"status-publish","5":"product_cat-amerikan-edebiyati","6":"product_cat-edebiyat","7":"pa_cilt-ciltsiz","8":"pa_tur-kitap","9":"pa_yayinevi-can-yayinlari","10":"pa_yazar-washington-irving","12":"first","13":"instock","14":"sale","15":"shipping-taxable","16":"purchasable","17":"product-type-simple"},"_links":{"self":[{"href":"https:\/\/roveyayinevi.com.tr\/index.php\/wp-json\/wp\/v2\/product\/742660","targetHints":{"allow":["GET"]}}],"collection":[{"href":"https:\/\/roveyayinevi.com.tr\/index.php\/wp-json\/wp\/v2\/product"}],"about":[{"href":"https:\/\/roveyayinevi.com.tr\/index.php\/wp-json\/wp\/v2\/types\/product"}],"wp:attachment":[{"href":"https:\/\/roveyayinevi.com.tr\/index.php\/wp-json\/wp\/v2\/media?parent=742660"}],"wp:term":[{"taxonomy":"product_brand","embeddable":true,"href":"https:\/\/roveyayinevi.com.tr\/index.php\/wp-json\/wp\/v2\/product_brand?post=742660"},{"taxonomy":"product_cat","embeddable":true,"href":"https:\/\/roveyayinevi.com.tr\/index.php\/wp-json\/wp\/v2\/product_cat?post=742660"},{"taxonomy":"product_tag","embeddable":true,"href":"https:\/\/roveyayinevi.com.tr\/index.php\/wp-json\/wp\/v2\/product_tag?post=742660"}],"curies":[{"name":"wp","href":"https:\/\/api.w.org\/{rel}","templated":true}]}}