{"id":742658,"date":"2025-08-28T01:17:26","date_gmt":"2025-08-27T22:17:26","guid":{"rendered":"https:\/\/roveyayinevi.com.tr\/index.php\/urun\/dillerin-kokeni-uzerine-deneme\/"},"modified":"2026-04-16T02:53:50","modified_gmt":"2026-04-15T23:53:50","slug":"dillerin-kokeni-uzerine-deneme","status":"publish","type":"product","link":"https:\/\/roveyayinevi.com.tr\/index.php\/urun\/dillerin-kokeni-uzerine-deneme\/","title":{"rendered":"Dillerin K\u00f6keni \u00dczerine Deneme"},"content":{"rendered":"<p>Dillerin K\u00f6keni \u00dczerine Deneme, Ayd\u0131nlanma d\u00fc\u015f\u00fcncesinin en \u00f6nemli fig\u00fcrlerinden Rousseau\u2019nun dilin do\u011fu\u015fu ve geli\u015fimini ele ald\u0131\u011f\u0131, dil ve ileti\u015fim kavramlar\u0131 \u00fczerine temel ve \u00f6l\u00fcms\u00fcz bir inceleme.    Sesler nas\u0131l dile d\u00f6n\u00fc\u015f\u00fcr? Neden konu\u015fmaya ihtiya\u00e7 duyar\u0131z? \u0130nsan nas\u0131l toplumla\u015fm\u0131\u015ft\u0131r ve dil bu de\u011fi\u015fimin neresinde durur? Noktalama i\u015faretlerine neden ihtiya\u00e7 duyulmu\u015ftur? Anla\u015fmak i\u00e7in konu\u015fmak gereklilik midir, yoksa insan yaln\u0131zca beden diliyle de anla\u015f\u0131labilir mi? Peki konu\u015fma nas\u0131l \u015fark\u0131ya d\u00f6n\u00fc\u015fm\u00fc\u015ft\u00fcr? T\u00fcm bu sorulara yan\u0131tlar arad\u0131\u011f\u0131 denemesinde Rousseau yaln\u0131zca dille s\u0131n\u0131rl\u0131 kalmaz, birer dil olarak m\u00fczik ve resmi de t\u0131pk\u0131 c\u00fcmleyi \u00f6\u011felerine ay\u0131r\u0131rcas\u0131na bile\u015fenlerine ay\u0131r\u0131r, t\u00fcm bu kavramlar\u0131 medeniyet ve toplumla\u015fma ba\u011flam\u0131nda da de\u011ferlendirir. <\/p>\n","protected":false},"excerpt":{"rendered":"<p>Dillerin K\u00f6keni \u00dczerine Deneme, Ayd\u0131nlanma d\u00fc\u015f\u00fcncesinin en \u00f6nemli fig\u00fcrlerinden Rousseau\u2019nun dilin do\u011fu\u015fu ve geli\u015fimini ele ald\u0131\u011f\u0131, dil ve ileti\u015fim kavramlar\u0131 \u00fczerine temel ve \u00f6l\u00fcms\u00fcz bir inceleme.<span class=\"excerpt-hellip\"> [\u2026]<\/span><\/p>\n","protected":false},"featured_media":0,"template":"","meta":{"_monsterinsights_skip_tracking":false,"_monsterinsights_sitenote_active":false,"_monsterinsights_sitenote_note":"","_monsterinsights_sitenote_category":0},"product_brand":[],"product_cat":[12777,12291],"product_tag":[],"class_list":{"0":"post-742658","1":"product","2":"type-product","3":"status-publish","5":"product_cat-deneme","6":"product_cat-edebiyat","7":"pa_cilt-ciltsiz","8":"pa_tur-kitap","9":"pa_yayinevi-can-yayinlari","10":"pa_yazar-jean-jacgues-rousseau","12":"first","13":"instock","14":"sale","15":"shipping-taxable","16":"purchasable","17":"product-type-simple"},"_links":{"self":[{"href":"https:\/\/roveyayinevi.com.tr\/index.php\/wp-json\/wp\/v2\/product\/742658","targetHints":{"allow":["GET"]}}],"collection":[{"href":"https:\/\/roveyayinevi.com.tr\/index.php\/wp-json\/wp\/v2\/product"}],"about":[{"href":"https:\/\/roveyayinevi.com.tr\/index.php\/wp-json\/wp\/v2\/types\/product"}],"wp:attachment":[{"href":"https:\/\/roveyayinevi.com.tr\/index.php\/wp-json\/wp\/v2\/media?parent=742658"}],"wp:term":[{"taxonomy":"product_brand","embeddable":true,"href":"https:\/\/roveyayinevi.com.tr\/index.php\/wp-json\/wp\/v2\/product_brand?post=742658"},{"taxonomy":"product_cat","embeddable":true,"href":"https:\/\/roveyayinevi.com.tr\/index.php\/wp-json\/wp\/v2\/product_cat?post=742658"},{"taxonomy":"product_tag","embeddable":true,"href":"https:\/\/roveyayinevi.com.tr\/index.php\/wp-json\/wp\/v2\/product_tag?post=742658"}],"curies":[{"name":"wp","href":"https:\/\/api.w.org\/{rel}","templated":true}]}}