{"id":742655,"date":"2025-08-28T01:17:22","date_gmt":"2025-08-27T22:17:22","guid":{"rendered":"https:\/\/roveyayinevi.com.tr\/index.php\/urun\/kim-korkar-ek-gidadan\/"},"modified":"2026-04-16T02:53:50","modified_gmt":"2026-04-15T23:53:50","slug":"kim-korkar-ek-gidadan","status":"publish","type":"product","link":"https:\/\/roveyayinevi.com.tr\/index.php\/urun\/kim-korkar-ek-gidadan\/","title":{"rendered":"Kim Korkar Ek G\u0131dadan?"},"content":{"rendered":"<p>Ebeveynler olarak en b\u00fcy\u00fck \u00f6nceli\u011fimiz bebeklerimizin sa\u011fl\u0131kl\u0131 ve mutlu bir \u015fekilde geli\u015fim g\u00f6stermesidir. Fakat kimi zaman bebe\u011fimiz i\u00e7in neyin sa\u011fl\u0131kl\u0131 veya sa\u011fl\u0131ks\u0131z oldu\u011fu konusunda karars\u0131zl\u0131k ya da teredd\u00fct ya\u015fayabilir, kendimizi endi\u015feli ve kafam\u0131z kar\u0131\u015fm\u0131\u015f bir halde bulabiliriz.   Bebe\u011fimiz sa\u011fl\u0131kl\u0131 bir \u015fekilde b\u00fcy\u00fcrken kayg\u0131 duydu\u011fumuz konulardan biri de ek g\u0131daya ge\u00e7i\u015f s\u00fcrecidir. Ek g\u0131daya ge\u00e7i\u015f s\u00fcrecinde ebeveynler olarak nas\u0131l bir yol izlememiz gerekti\u011fi konusunda kafam\u0131zda bir\u00e7ok soru belirebilir:    &#8211; Ek g\u0131daya ne zaman ge\u00e7meliyim? &#8211; Bebe\u011fime ilk hangi sebze ve meyveleri verebilirim? &#8211; Her \u00f6\u011f\u00fcnde ne kadar vermeyelim? &#8211; Ek g\u0131daya ge\u00e7i\u015fte 3 g\u00fcn kural\u0131n\u0131n \u00f6nemi nedir? &#8211; Parmak g\u0131dalara ne zaman ba\u015flamal\u0131y\u0131m?   Dr. Melis Bayram \u015eirino\u011flu\u2019nun Kim Korkar Ek G\u0131dadan? adl\u0131 kitab\u0131yla bebe\u011finizin sa\u011fl\u0131kl\u0131 bir \u015fekilde beslenmesine dair akl\u0131n\u0131zdaki t\u00fcm sorulara cevap bulacaks\u0131n\u0131z. Ayr\u0131ca kitapta yer alan birbirinden lezzetli ve sa\u011fl\u0131kl\u0131 tarifler sayesinde hem yeni tatlarla tan\u0131\u015ft\u0131raca\u011f\u0131n\u0131z bebe\u011finize sa\u011fl\u0131kl\u0131 bir beslenme al\u0131\u015fkanl\u0131\u011f\u0131 kazand\u0131racak hem de stressiz bir \u015fekilde bu d\u00f6nemin bebe\u011finizle birlikte keyfini \u00e7\u0131karacaks\u0131n\u0131z. <\/p>\n","protected":false},"excerpt":{"rendered":"<p>Ebeveynler olarak en b\u00fcy\u00fck \u00f6nceli\u011fimiz bebeklerimizin sa\u011fl\u0131kl\u0131 ve mutlu bir \u015fekilde geli\u015fim g\u00f6stermesidir. Fakat kimi zaman bebe\u011fimiz i\u00e7in neyin sa\u011fl\u0131kl\u0131 veya sa\u011fl\u0131ks\u0131z oldu\u011fu konusunda karars\u0131zl\u0131k ya<span class=\"excerpt-hellip\"> [\u2026]<\/span><\/p>\n","protected":false},"featured_media":0,"template":"","meta":{"_monsterinsights_skip_tracking":false,"_monsterinsights_sitenote_active":false,"_monsterinsights_sitenote_note":"","_monsterinsights_sitenote_category":0},"product_brand":[],"product_cat":[14902,13365],"product_tag":[],"class_list":{"0":"post-742655","1":"product","2":"type-product","3":"status-publish","5":"product_cat-annelik-ve-cocuk-bakimi","6":"product_cat-saglik","7":"pa_cilt-ciltsiz","8":"pa_tur-kitap","9":"pa_yayinevi-diyojen-yayincilik","10":"pa_yazar-melis-bayram-sirinoglu","12":"first","13":"instock","14":"sale","15":"shipping-taxable","16":"purchasable","17":"product-type-simple"},"_links":{"self":[{"href":"https:\/\/roveyayinevi.com.tr\/index.php\/wp-json\/wp\/v2\/product\/742655","targetHints":{"allow":["GET"]}}],"collection":[{"href":"https:\/\/roveyayinevi.com.tr\/index.php\/wp-json\/wp\/v2\/product"}],"about":[{"href":"https:\/\/roveyayinevi.com.tr\/index.php\/wp-json\/wp\/v2\/types\/product"}],"wp:attachment":[{"href":"https:\/\/roveyayinevi.com.tr\/index.php\/wp-json\/wp\/v2\/media?parent=742655"}],"wp:term":[{"taxonomy":"product_brand","embeddable":true,"href":"https:\/\/roveyayinevi.com.tr\/index.php\/wp-json\/wp\/v2\/product_brand?post=742655"},{"taxonomy":"product_cat","embeddable":true,"href":"https:\/\/roveyayinevi.com.tr\/index.php\/wp-json\/wp\/v2\/product_cat?post=742655"},{"taxonomy":"product_tag","embeddable":true,"href":"https:\/\/roveyayinevi.com.tr\/index.php\/wp-json\/wp\/v2\/product_tag?post=742655"}],"curies":[{"name":"wp","href":"https:\/\/api.w.org\/{rel}","templated":true}]}}