{"id":742654,"date":"2025-08-28T01:17:21","date_gmt":"2025-08-27T22:17:21","guid":{"rendered":"https:\/\/roveyayinevi.com.tr\/index.php\/urun\/caylak-ninjanin-gunlugu-iv-chasein-oyunu\/"},"modified":"2026-04-16T02:53:50","modified_gmt":"2026-04-15T23:53:50","slug":"caylak-ninjanin-gunlugu-iv-chasein-oyunu","status":"publish","type":"product","link":"https:\/\/roveyayinevi.com.tr\/index.php\/urun\/caylak-ninjanin-gunlugu-iv-chasein-oyunu\/","title":{"rendered":"\u00c7aylak Ninjan\u0131n G\u00fcnl\u00fc\u011f\u00fc IV-Chase\u2019\u0131n Oyunu"},"content":{"rendered":"<p>\u201cZafer sarho\u015flu\u011fu i\u00e7inde yumru\u011fumu havaya kald\u0131rd\u0131m ve \u00f6yle bir \u00e7\u0131\u011fl\u0131k att\u0131m ki g\u00fcne\u015f patlad\u0131 ve milyonlarca \u0131\u015f\u0131k par\u00e7as\u0131na b\u00f6l\u00fcnerek&#8230; Bir dakika, bir dakika&#8230; Ne?\u201d       Ben Chase Cooper. Alt\u0131nc\u0131 s\u0131n\u0131f bir ninjayim. Son yazd\u0131klar\u0131m \u00fcst\u00fcnden birka\u00e7 hafta ge\u00e7ti. Ama okulumuz uzun s\u00fcre sakin kalam\u0131yor. Bilim fuar\u0131 yakla\u015fiyor. Herkes projesini bitirmek i\u00e7in \u00e7\u0131ld\u0131rm\u0131\u015f gibi \u00e7al\u0131\u015f\u0131yor. Derken hafta ba\u015f\u0131nda projeler ortadan kaybolmaya ba\u015flad\u0131 ve sonra tamamen yok edildiler. Kaybolan projeleri aramak i\u00e7in beni berbat iz s\u00fcrme maceras\u0131na s\u00fcr\u00fckleyen isimsiz davetiyeden bahsetmi\u015f miydim? Evet. Bu da oldu. \u015eimdi hayat\u0131m\u0131n bu en tuhaf haftas\u0131nda, su\u00e7ludan bir ad\u0131m \u00f6nde olmaya \u00e7al\u0131\u015f\u0131yorum ve bilim fuar\u0131n\u0131n t\u00fcm kaderi benim ellerimde. <\/p>\n","protected":false},"excerpt":{"rendered":"<p>\u201cZafer sarho\u015flu\u011fu i\u00e7inde yumru\u011fumu havaya kald\u0131rd\u0131m ve \u00f6yle bir \u00e7\u0131\u011fl\u0131k att\u0131m ki g\u00fcne\u015f patlad\u0131 ve milyonlarca \u0131\u015f\u0131k par\u00e7as\u0131na b\u00f6l\u00fcnerek&#8230; Bir dakika, bir dakika&#8230; Ne?\u201d Ben Chase<span class=\"excerpt-hellip\"> [\u2026]<\/span><\/p>\n","protected":false},"featured_media":0,"template":"","meta":{"_monsterinsights_skip_tracking":false,"_monsterinsights_sitenote_active":false,"_monsterinsights_sitenote_note":"","_monsterinsights_sitenote_category":0},"product_brand":[],"product_cat":[12689,12274],"product_tag":[],"class_list":{"0":"post-742654","1":"product","2":"type-product","3":"status-publish","5":"product_cat-cizgi-roman-cocuk-ve-genclik-kitaplari","6":"product_cat-cocuk-ve-genclik-kitaplari","7":"pa_cilt-ciltsiz","8":"pa_tur-kitap","9":"pa_yayinevi-epsilon-yayinlari","10":"pa_yazar-marcus-emerson","12":"first","13":"instock","14":"sale","15":"shipping-taxable","16":"purchasable","17":"product-type-simple"},"_links":{"self":[{"href":"https:\/\/roveyayinevi.com.tr\/index.php\/wp-json\/wp\/v2\/product\/742654","targetHints":{"allow":["GET"]}}],"collection":[{"href":"https:\/\/roveyayinevi.com.tr\/index.php\/wp-json\/wp\/v2\/product"}],"about":[{"href":"https:\/\/roveyayinevi.com.tr\/index.php\/wp-json\/wp\/v2\/types\/product"}],"wp:attachment":[{"href":"https:\/\/roveyayinevi.com.tr\/index.php\/wp-json\/wp\/v2\/media?parent=742654"}],"wp:term":[{"taxonomy":"product_brand","embeddable":true,"href":"https:\/\/roveyayinevi.com.tr\/index.php\/wp-json\/wp\/v2\/product_brand?post=742654"},{"taxonomy":"product_cat","embeddable":true,"href":"https:\/\/roveyayinevi.com.tr\/index.php\/wp-json\/wp\/v2\/product_cat?post=742654"},{"taxonomy":"product_tag","embeddable":true,"href":"https:\/\/roveyayinevi.com.tr\/index.php\/wp-json\/wp\/v2\/product_tag?post=742654"}],"curies":[{"name":"wp","href":"https:\/\/api.w.org\/{rel}","templated":true}]}}