{"id":742651,"date":"2025-08-28T01:17:17","date_gmt":"2025-08-27T22:17:17","guid":{"rendered":"https:\/\/roveyayinevi.com.tr\/index.php\/urun\/turkce-divan\/"},"modified":"2026-04-16T02:53:50","modified_gmt":"2026-04-15T23:53:50","slug":"turkce-divan","status":"publish","type":"product","link":"https:\/\/roveyayinevi.com.tr\/index.php\/urun\/turkce-divan\/","title":{"rendered":"T\u00fcrk\u00e7e Divan"},"content":{"rendered":"<p>. T\u0101li\u2019\u00ed; Fatih Sultan Mehmed, II. Bayezid ve I. Selim d\u00f6nemlerinde ya\u015fam\u0131\u015f, y\u00fczy\u0131l\u0131n \u00f6nde gelen\u015fairlerdendir. XV. yy.\u2019\u0131n kudretli \u015fairi Nec\u00e2t\u00ee\u2019nin yak\u0131n arkada\u015f\u0131 olarak onunla birlikte II. Bayezid\u2019in \u015fehzadelerindenMahmud\u2019un maiyetinde bulunmu\u015ftur. D\u00f6nemin kaynaklar\u0131n\u0131n verdi\u011fi bilgilerden hareketle Nec\u00e2t\u00ee takip\u00e7isi olan \u015fair,\u015fiirlerini onun gibi sade T\u00fcrk\u00e7e ile kaleme alm\u0131\u015ft\u0131r.Kaynaklarda T\u0101li\u2019\u00ed\u2019nin T\u00fcrk\u00e7e D\u00edv\u0101n sahibi bir \u015fair oldu\u011fu belirtilmesine ra\u011fmen bug\u00fcne kadar eserinin birn\u00fcshas\u0131 ele ge\u00e7memi\u015fti. Fakat yap\u0131lan k\u00fct\u00fcphane taramalar\u0131 sonucunda \u015fairin D\u00edv\u0101n n\u00fcshas\u0131na ula\u015f\u0131lm\u0131\u015f olupelinizdeki bu kitap da \u015fairin \u015fiirlerini g\u00fcn y\u00fcz\u00fcne \u00e7\u0131karmay\u0131 ama\u00e7lamaktad\u0131r. Tespit edilen D\u00edv\u0101n n\u00fcshas\u0131 \u00fczerine binaedilen edisyon kritikli bu \u00e7al\u0131\u015fmada ba\u015fta XV. ve XVI. yy. mecmualar\u0131 olmak \u00fczere pek \u00e7ok \u015fiir mecmuas\u0131 ve kaynakda taranm\u0131\u015ft\u0131r. Bu taramalar sonucunda \u015fairin 80 adet gazelinin yer ald\u0131\u011f\u0131 farkl\u0131 bir mecmua da tespit edilmi\u015f veb\u00f6ylece di\u011fer mecmualarla birlikte, \u015fairin \u015fiirlerinin tenkitli metni olu\u015fturulmu\u015f ve bu \u015fiirler \u00e7e\u015fitli y\u00f6nlerden deincelenmi\u015ftir. \u015eairin \u015fiir dili ve \u00fcslubunun da ayr\u0131ca ele al\u0131nd\u0131\u011f\u0131 bu \u00e7al\u0131\u015fmada olan T\u0101li\u2019\u00ed\u2019nin \u015fiir dilinde yer alandeyim, atas\u00f6z\u00fc, \u0131st\u0131lah ve baz\u0131 ibareler de ayr\u0131ca a\u00e7\u0131klan\u0131p notland\u0131r\u0131lm\u0131\u015ft\u0131r.<\/p>\n","protected":false},"excerpt":{"rendered":"<p>. T\u0101li\u2019\u00ed; Fatih Sultan Mehmed, II. Bayezid ve I. Selim d\u00f6nemlerinde ya\u015fam\u0131\u015f, y\u00fczy\u0131l\u0131n \u00f6nde gelen\u015fairlerdendir. XV. yy.\u2019\u0131n kudretli \u015fairi Nec\u00e2t\u00ee\u2019nin yak\u0131n arkada\u015f\u0131 olarak onunla birlikte II.<span class=\"excerpt-hellip\"> [\u2026]<\/span><\/p>\n","protected":false},"featured_media":0,"template":"","meta":{"_monsterinsights_skip_tracking":false,"_monsterinsights_sitenote_active":false,"_monsterinsights_sitenote_note":"","_monsterinsights_sitenote_category":0},"product_brand":[],"product_cat":[13072,12291],"product_tag":[],"class_list":{"0":"post-742651","1":"product","2":"type-product","3":"status-publish","5":"product_cat-arastirma-inceleme-referans","6":"product_cat-edebiyat","7":"pa_cilt-ciltsiz","8":"pa_tur-kitap","9":"pa_yayinevi-yeditepe-yayinevi","10":"pa_yazar-talii","12":"first","13":"instock","14":"sale","15":"shipping-taxable","16":"purchasable","17":"product-type-simple"},"_links":{"self":[{"href":"https:\/\/roveyayinevi.com.tr\/index.php\/wp-json\/wp\/v2\/product\/742651","targetHints":{"allow":["GET"]}}],"collection":[{"href":"https:\/\/roveyayinevi.com.tr\/index.php\/wp-json\/wp\/v2\/product"}],"about":[{"href":"https:\/\/roveyayinevi.com.tr\/index.php\/wp-json\/wp\/v2\/types\/product"}],"wp:attachment":[{"href":"https:\/\/roveyayinevi.com.tr\/index.php\/wp-json\/wp\/v2\/media?parent=742651"}],"wp:term":[{"taxonomy":"product_brand","embeddable":true,"href":"https:\/\/roveyayinevi.com.tr\/index.php\/wp-json\/wp\/v2\/product_brand?post=742651"},{"taxonomy":"product_cat","embeddable":true,"href":"https:\/\/roveyayinevi.com.tr\/index.php\/wp-json\/wp\/v2\/product_cat?post=742651"},{"taxonomy":"product_tag","embeddable":true,"href":"https:\/\/roveyayinevi.com.tr\/index.php\/wp-json\/wp\/v2\/product_tag?post=742651"}],"curies":[{"name":"wp","href":"https:\/\/api.w.org\/{rel}","templated":true}]}}