{"id":742650,"date":"2025-08-28T01:17:16","date_gmt":"2025-08-27T22:17:16","guid":{"rendered":"https:\/\/roveyayinevi.com.tr\/index.php\/urun\/hicbir-seye-inanmadan-nasil-yasanir\/"},"modified":"2026-04-16T02:53:50","modified_gmt":"2026-04-15T23:53:50","slug":"hicbir-seye-inanmadan-nasil-yasanir","status":"publish","type":"product","link":"https:\/\/roveyayinevi.com.tr\/index.php\/urun\/hicbir-seye-inanmadan-nasil-yasanir\/","title":{"rendered":"Hi\u00e7bir \u015eeye \u0130nanmadan Nas\u0131l Ya\u015fan\u0131r"},"content":{"rendered":"<p>H\u0130\u00c7B\u0130R\u015eEYE \u0130NANMADAN NASIL YA\u015eANIR? Varolu\u015fla ilgili bir\u00e7ok eser ortaya konmas\u0131na ra\u011fmen Hi\u00e7bir \u015eeye \u0130nanmadan Nas\u0131l Ya\u015fan\u0131r? etkileyicili\u011fi ve s\u00fcr\u00fckleyicili\u011fiyle ayr\u0131 bir yere sahip. Varl\u0131\u011fa uzanan bu yolculukta; \u015f\u00fcphecilikten dogmatizme kadar bir\u00e7ok ak\u0131m ince detaylar\u0131 ile a\u00e7\u0131klan\u0131yor.Hayat\u0131n anlam\u0131na veya anlams\u0131zl\u0131\u011f\u0131na bamba\u015fka bir g\u00f6zle bakmaya yarayacak olan Hi\u00e7bir \u015eeye \u0130nanmadan Nas\u0131l Ya\u015fan\u0131r? Her k\u00fct\u00fcphanede bulunmas\u0131 gereken nadir bir eser. *** Samimiyetle itiraf etmeliyiz ki D\u00fcnya \u00fczerindeki varolu\u015f nedenimizi bilmiyoruz. Evrenin ve ya\u015fam\u0131n bilmecesinin \u00e7\u00f6z\u00fcm\u00fc insan bilmecesinin \u00e7\u00f6z\u00fcm\u00fcnden daha gizemli. Peki bu, umutsuzlu\u011fa d\u00fc\u015fmek i\u00e7in bir sebep mi? Aksine, bu belirsizli\u011fe g\u00fcvenebiliriz. \u201cBildi\u011fim tek \u015fey hi\u00e7bir \u015fey bilmedi\u011fimdir,\u201d diyen Sokrates, \u201cNe biliyorum?\u201d diye soran Montaigne bize yol g\u00f6sterici oldular. Ben de antik\u00e7a\u011f \u015f\u00fcphecilerinin, haks\u0131zl\u0131k yap\u0131larak de\u011feri bilinmeyen bu filozoflar\u0131n \u00f6\u011fretilerini takip ederek zaman\u0131m\u0131za uyarlanm\u0131\u015f bir ahlak felsefesi geli\u015ftirmeye \u00e7al\u0131\u015ft\u0131m. Eserin tamam\u0131nda eksiksiz \u015fekilde a\u00e7\u0131klanan bu felsefenin d\u00f6rt kural\u0131 var: Hayali bir hedef pe\u015finde ko\u015farak hayat\u0131n\u0131 bo\u015fa harcama; asla se\u00e7im yapma; her zaman en b\u00fcy\u00fck arzuna itaat et; bu d\u00fcnyan\u0131n g\u00f6r\u00fcn\u00fc\u015flerine elinden geldi\u011fince hayran ol. AlexandreLacroix<\/p>\n","protected":false},"excerpt":{"rendered":"<p>H\u0130\u00c7B\u0130R\u015eEYE \u0130NANMADAN NASIL YA\u015eANIR? Varolu\u015fla ilgili bir\u00e7ok eser ortaya konmas\u0131na ra\u011fmen Hi\u00e7bir \u015eeye \u0130nanmadan Nas\u0131l Ya\u015fan\u0131r? etkileyicili\u011fi ve s\u00fcr\u00fckleyicili\u011fiyle ayr\u0131 bir yere sahip. Varl\u0131\u011fa uzanan bu<span class=\"excerpt-hellip\"> [\u2026]<\/span><\/p>\n","protected":false},"featured_media":0,"template":"","meta":{"_monsterinsights_skip_tracking":false,"_monsterinsights_sitenote_active":false,"_monsterinsights_sitenote_note":"","_monsterinsights_sitenote_category":0},"product_brand":[],"product_cat":[20351,12388],"product_tag":[],"class_list":{"0":"post-742650","1":"product","2":"type-product","3":"status-publish","5":"product_cat-dusunce","6":"product_cat-felsefe","7":"pa_cilt-ciltsiz","8":"pa_tur-kitap","9":"pa_yayinevi-say-yayinlari","10":"pa_yazar-alexandre-lacroix","12":"first","13":"instock","14":"sale","15":"shipping-taxable","16":"purchasable","17":"product-type-simple"},"_links":{"self":[{"href":"https:\/\/roveyayinevi.com.tr\/index.php\/wp-json\/wp\/v2\/product\/742650","targetHints":{"allow":["GET"]}}],"collection":[{"href":"https:\/\/roveyayinevi.com.tr\/index.php\/wp-json\/wp\/v2\/product"}],"about":[{"href":"https:\/\/roveyayinevi.com.tr\/index.php\/wp-json\/wp\/v2\/types\/product"}],"wp:attachment":[{"href":"https:\/\/roveyayinevi.com.tr\/index.php\/wp-json\/wp\/v2\/media?parent=742650"}],"wp:term":[{"taxonomy":"product_brand","embeddable":true,"href":"https:\/\/roveyayinevi.com.tr\/index.php\/wp-json\/wp\/v2\/product_brand?post=742650"},{"taxonomy":"product_cat","embeddable":true,"href":"https:\/\/roveyayinevi.com.tr\/index.php\/wp-json\/wp\/v2\/product_cat?post=742650"},{"taxonomy":"product_tag","embeddable":true,"href":"https:\/\/roveyayinevi.com.tr\/index.php\/wp-json\/wp\/v2\/product_tag?post=742650"}],"curies":[{"name":"wp","href":"https:\/\/api.w.org\/{rel}","templated":true}]}}