{"id":742648,"date":"2025-08-28T01:17:14","date_gmt":"2025-08-27T22:17:14","guid":{"rendered":"https:\/\/roveyayinevi.com.tr\/index.php\/urun\/egzersiz-fizyolojisi-konu-anlatimli-soru-bankasi\/"},"modified":"2026-04-16T02:53:49","modified_gmt":"2026-04-15T23:53:49","slug":"egzersiz-fizyolojisi-konu-anlatimli-soru-bankasi","status":"publish","type":"product","link":"https:\/\/roveyayinevi.com.tr\/index.php\/urun\/egzersiz-fizyolojisi-konu-anlatimli-soru-bankasi\/","title":{"rendered":"Egzersiz Fizyolojisi Konu Anlat\u0131ml\u0131 Soru Bankas\u0131"},"content":{"rendered":"<p>1. H\u00dcCRE 1.1. H\u00dcCRE KONUSU \u0130LE \u0130LG\u0130L\u0130 SORULAR   2. ENERJ\u0130 S\u0130STEMLER\u0130 2.1. ENERJ\u0130 S\u0130STEMLER\u0130 KONUSU \u0130LE \u0130LG\u0130L\u0130 SORULAR   3. TOPARLANMA 3.1. TOPARLANMA KONUSU \u0130LE \u0130LG\u0130L\u0130 SORULAR   4. KAS S\u0130STEM\u0130 VE EGZERS\u0130Z 4.1 KAS S\u0130STEM\u0130 VE EGZERS\u0130Z KONUSU \u0130LE \u0130LG\u0130L\u0130 SORULAR   5. DOLA\u015eIM S\u0130STEM\u0130 ve EGZERS\u0130Z 5.1. DOLA\u015eIM S\u0130STEM\u0130 VE EGZERS\u0130Z KONUSU \u0130LE \u0130LG\u0130L\u0130 SORULAR 6. SOLUNUM S\u0130STEM\u0130 VE EGZERS\u0130Z 6.1. SOLUNUM S\u0130STEM\u0130 VE EGZERS\u0130Z KONUSU \u0130LE \u0130LG\u0130L\u0130 SORULAR   7. ENDOKR\u0130N S\u0130STEM\u0130 ve EGZERS\u0130Z 7.1. ENDOKR\u0130N S\u0130STEM\u0130 VE EGZERS\u0130Z \u0130LE \u0130LG\u0130L\u0130 SORULAR 8. FARKLI ORTAMLARDA EGZERS\u0130Z <\/p>\n","protected":false},"excerpt":{"rendered":"<p>1. H\u00dcCRE 1.1. H\u00dcCRE KONUSU \u0130LE \u0130LG\u0130L\u0130 SORULAR 2. ENERJ\u0130 S\u0130STEMLER\u0130 2.1. ENERJ\u0130 S\u0130STEMLER\u0130 KONUSU \u0130LE \u0130LG\u0130L\u0130 SORULAR 3. TOPARLANMA 3.1. TOPARLANMA KONUSU \u0130LE \u0130LG\u0130L\u0130 SORULAR<span class=\"excerpt-hellip\"> [\u2026]<\/span><\/p>\n","protected":false},"featured_media":0,"template":"","meta":{"_monsterinsights_skip_tracking":false,"_monsterinsights_sitenote_active":false,"_monsterinsights_sitenote_note":"","_monsterinsights_sitenote_category":0},"product_brand":[],"product_cat":[12573,12566],"product_tag":[],"class_list":{"0":"post-742648","1":"product","2":"type-product","3":"status-publish","5":"product_cat-akademik-kitaplar","6":"product_cat-egitim","7":"pa_cilt-ciltsiz","8":"pa_tur-kitap","9":"pa_yayinevi-gazi-kitabevi","10":"pa_yazar-irfan-marangoz","12":"first","13":"instock","14":"sale","15":"shipping-taxable","16":"purchasable","17":"product-type-simple"},"_links":{"self":[{"href":"https:\/\/roveyayinevi.com.tr\/index.php\/wp-json\/wp\/v2\/product\/742648","targetHints":{"allow":["GET"]}}],"collection":[{"href":"https:\/\/roveyayinevi.com.tr\/index.php\/wp-json\/wp\/v2\/product"}],"about":[{"href":"https:\/\/roveyayinevi.com.tr\/index.php\/wp-json\/wp\/v2\/types\/product"}],"wp:attachment":[{"href":"https:\/\/roveyayinevi.com.tr\/index.php\/wp-json\/wp\/v2\/media?parent=742648"}],"wp:term":[{"taxonomy":"product_brand","embeddable":true,"href":"https:\/\/roveyayinevi.com.tr\/index.php\/wp-json\/wp\/v2\/product_brand?post=742648"},{"taxonomy":"product_cat","embeddable":true,"href":"https:\/\/roveyayinevi.com.tr\/index.php\/wp-json\/wp\/v2\/product_cat?post=742648"},{"taxonomy":"product_tag","embeddable":true,"href":"https:\/\/roveyayinevi.com.tr\/index.php\/wp-json\/wp\/v2\/product_tag?post=742648"}],"curies":[{"name":"wp","href":"https:\/\/api.w.org\/{rel}","templated":true}]}}