{"id":742647,"date":"2025-08-28T01:17:13","date_gmt":"2025-08-27T22:17:13","guid":{"rendered":"https:\/\/roveyayinevi.com.tr\/index.php\/urun\/bu-oykude-ejderha-yok\/"},"modified":"2026-04-08T03:02:34","modified_gmt":"2026-04-08T00:02:34","slug":"bu-oykude-ejderha-yok","status":"publish","type":"product","link":"https:\/\/roveyayinevi.com.tr\/index.php\/urun\/bu-oykude-ejderha-yok\/","title":{"rendered":"Bu \u00d6yk\u00fcde Ejderha Yok"},"content":{"rendered":"<p>Bu \u00f6yk\u00fcde EJDERHA YOK. Hem de hi\u00e7. Ne? Var m\u0131? Asl\u0131nda o BU \u00f6yk\u00fcde de\u011fil, hele kahraman H\u0130\u00c7 de\u011fil.  I-\u0131h. Asla de\u011fil. <\/p>\n","protected":false},"excerpt":{"rendered":"<p>Bu \u00f6yk\u00fcde EJDERHA YOK. Hem de hi\u00e7. Ne? Var m\u0131? Asl\u0131nda o BU \u00f6yk\u00fcde de\u011fil, hele kahraman H\u0130\u00c7 de\u011fil. I-\u0131h. Asla de\u011fil.<\/p>\n","protected":false},"featured_media":0,"template":"","meta":{"_monsterinsights_skip_tracking":false,"_monsterinsights_sitenote_active":false,"_monsterinsights_sitenote_note":"","_monsterinsights_sitenote_category":0},"product_brand":[],"product_cat":[12274,12284],"product_tag":[],"class_list":{"0":"post-742647","1":"product","2":"type-product","3":"status-publish","5":"product_cat-cocuk-ve-genclik-kitaplari","6":"product_cat-hikayeler","7":"pa_cilt-ciltsiz","8":"pa_tur-kitap","9":"pa_yayinevi-eksik-parca-yayinlari","10":"pa_yazar-lou-carter","12":"first","13":"instock","14":"sale","15":"shipping-taxable","16":"purchasable","17":"product-type-simple"},"_links":{"self":[{"href":"https:\/\/roveyayinevi.com.tr\/index.php\/wp-json\/wp\/v2\/product\/742647","targetHints":{"allow":["GET"]}}],"collection":[{"href":"https:\/\/roveyayinevi.com.tr\/index.php\/wp-json\/wp\/v2\/product"}],"about":[{"href":"https:\/\/roveyayinevi.com.tr\/index.php\/wp-json\/wp\/v2\/types\/product"}],"wp:attachment":[{"href":"https:\/\/roveyayinevi.com.tr\/index.php\/wp-json\/wp\/v2\/media?parent=742647"}],"wp:term":[{"taxonomy":"product_brand","embeddable":true,"href":"https:\/\/roveyayinevi.com.tr\/index.php\/wp-json\/wp\/v2\/product_brand?post=742647"},{"taxonomy":"product_cat","embeddable":true,"href":"https:\/\/roveyayinevi.com.tr\/index.php\/wp-json\/wp\/v2\/product_cat?post=742647"},{"taxonomy":"product_tag","embeddable":true,"href":"https:\/\/roveyayinevi.com.tr\/index.php\/wp-json\/wp\/v2\/product_tag?post=742647"}],"curies":[{"name":"wp","href":"https:\/\/api.w.org\/{rel}","templated":true}]}}