{"id":742646,"date":"2025-08-28T01:17:12","date_gmt":"2025-08-27T22:17:12","guid":{"rendered":"https:\/\/roveyayinevi.com.tr\/index.php\/urun\/yuzmek-yasamak-ve-olma-arzusu\/"},"modified":"2026-04-16T02:53:49","modified_gmt":"2026-04-15T23:53:49","slug":"yuzmek-yasamak-ve-olma-arzusu","status":"publish","type":"product","link":"https:\/\/roveyayinevi.com.tr\/index.php\/urun\/yuzmek-yasamak-ve-olma-arzusu\/","title":{"rendered":"Y\u00fczmek, Ya\u015famak ve Olma Arzusu"},"content":{"rendered":"<p>\u201c\u0130nsan, olma arzusudur.\u201d demi\u015fti Sartre. Peki nas\u0131l? Ve bunun y\u00fczmeyle ili\u015fkisi ne? Bu kitap, y\u00fczmeyi bilenler ve y\u00fczmeyi bilmeyenler i\u00e7in. Y\u00fczme, psikolojik a\u00e7\u0131dan ne anlama geliyor? Ya\u015famas\u0131n\u0131 \u00f6\u011frenmek neden y\u00fczmesini \u00f6\u011frenmeye benzer? Y\u00fczmeyi \u00f6\u011frenmi\u015f ya da \u00f6\u011fren\/e\/memi\u015f olmam\u0131z bizimle ilgili neyi g\u00f6sterir? Bu durum bizi nas\u0131l etkiledi ve etkiliyor? Ebeveynlerimizin y\u00fczmeyi \u00f6\u011frenmemizle ilgili d\u00fc\u015f\u00fcnceleri ve bizim bu konuya bak\u0131\u015f\u0131m\u0131z bizi fark\u0131nda olmadan nas\u0131l \u015fekillendiriyor? Ya\u015famay\u0131 \u00f6\u011frenmek ile ya\u015famas\u0131n\u0131 \u00f6\u011frenmek neden farkl\u0131? Bu kitab\u0131 okuduktan sonra, y\u00fczmeye ve y\u00fczmemeye bir daha asla eskisi gibi bakamayacaks\u0131n\u0131z <\/p>\n","protected":false},"excerpt":{"rendered":"<p>\u201c\u0130nsan, olma arzusudur.\u201d demi\u015fti Sartre. Peki nas\u0131l? Ve bunun y\u00fczmeyle ili\u015fkisi ne? Bu kitap, y\u00fczmeyi bilenler ve y\u00fczmeyi bilmeyenler i\u00e7in. Y\u00fczme, psikolojik a\u00e7\u0131dan ne anlama geliyor?<span class=\"excerpt-hellip\"> [\u2026]<\/span><\/p>\n","protected":false},"featured_media":0,"template":"","meta":{"_monsterinsights_skip_tracking":false,"_monsterinsights_sitenote_active":false,"_monsterinsights_sitenote_note":"","_monsterinsights_sitenote_category":0},"product_brand":[],"product_cat":[25175,12357],"product_tag":[],"class_list":{"0":"post-742646","1":"product","2":"type-product","3":"status-publish","5":"product_cat-egitim-psikolojisi","6":"product_cat-psikoloji","7":"pa_cilt-ciltsiz","8":"pa_tur-kitap","9":"pa_yayinevi-eksik-parca-yayinlari","10":"pa_yazar-nihan-kaya","12":"first","13":"instock","14":"sale","15":"shipping-taxable","16":"purchasable","17":"product-type-simple"},"_links":{"self":[{"href":"https:\/\/roveyayinevi.com.tr\/index.php\/wp-json\/wp\/v2\/product\/742646","targetHints":{"allow":["GET"]}}],"collection":[{"href":"https:\/\/roveyayinevi.com.tr\/index.php\/wp-json\/wp\/v2\/product"}],"about":[{"href":"https:\/\/roveyayinevi.com.tr\/index.php\/wp-json\/wp\/v2\/types\/product"}],"wp:attachment":[{"href":"https:\/\/roveyayinevi.com.tr\/index.php\/wp-json\/wp\/v2\/media?parent=742646"}],"wp:term":[{"taxonomy":"product_brand","embeddable":true,"href":"https:\/\/roveyayinevi.com.tr\/index.php\/wp-json\/wp\/v2\/product_brand?post=742646"},{"taxonomy":"product_cat","embeddable":true,"href":"https:\/\/roveyayinevi.com.tr\/index.php\/wp-json\/wp\/v2\/product_cat?post=742646"},{"taxonomy":"product_tag","embeddable":true,"href":"https:\/\/roveyayinevi.com.tr\/index.php\/wp-json\/wp\/v2\/product_tag?post=742646"}],"curies":[{"name":"wp","href":"https:\/\/api.w.org\/{rel}","templated":true}]}}