{"id":742644,"date":"2025-08-28T01:17:09","date_gmt":"2025-08-27T22:17:09","guid":{"rendered":"https:\/\/roveyayinevi.com.tr\/index.php\/urun\/bay-tavsanin-bir-fikri-var\/"},"modified":"2026-04-16T02:53:49","modified_gmt":"2026-04-15T23:53:49","slug":"bay-tavsanin-bir-fikri-var","status":"publish","type":"product","link":"https:\/\/roveyayinevi.com.tr\/index.php\/urun\/bay-tavsanin-bir-fikri-var\/","title":{"rendered":"Bay Tav\u015fan\u2019\u0131n Bir Fikri Var"},"content":{"rendered":"<p>Bay Tav\u015fan\u2019\u0131n tek istedi\u011fi, biraz otlar\u0131 kemirmek, \u00e7ay\u0131rda ko\u015fup oynamak, rahats\u0131z edilmeden g\u00fczel havan\u0131n keyfini \u00e7\u0131karmakt\u0131r. Ama o da ne? Kocaman bir k\u00f6pek pe\u015fine d\u00fc\u015fm\u00fc\u015ft\u00fcr bile. Hem de g\u00f6r\u00fcn\u00fcrde hi\u00e7bir neden yokken\u2026 Bay Tav\u015fan \u00e7ok korksa bile bu haks\u0131zl\u0131\u011fa bir \u00e7\u00f6z\u00fcm bulmaya kararl\u0131d\u0131r. Olup biteni \u00f6teki tav\u015fanlara anlat\u0131r ve birlik olup k\u00f6pe\u011fe \u00f6yle bir s\u00fcrpriz haz\u0131rlarlar ki\u2026Birlikten her zaman kuvvet do\u011far. Bay Tav\u015fan bunu sizlere anlatacak, hem de \u00e7ok e\u011flenceli bir bi\u00e7imde\u2026 <\/p>\n","protected":false},"excerpt":{"rendered":"<p>Bay Tav\u015fan\u2019\u0131n tek istedi\u011fi, biraz otlar\u0131 kemirmek, \u00e7ay\u0131rda ko\u015fup oynamak, rahats\u0131z edilmeden g\u00fczel havan\u0131n keyfini \u00e7\u0131karmakt\u0131r. Ama o da ne? Kocaman bir k\u00f6pek pe\u015fine d\u00fc\u015fm\u00fc\u015ft\u00fcr bile.<span class=\"excerpt-hellip\"> [\u2026]<\/span><\/p>\n","protected":false},"featured_media":0,"template":"","meta":{"_monsterinsights_skip_tracking":false,"_monsterinsights_sitenote_active":false,"_monsterinsights_sitenote_note":"","_monsterinsights_sitenote_category":0},"product_brand":[],"product_cat":[12913,12274],"product_tag":[],"class_list":{"0":"post-742644","1":"product","2":"type-product","3":"status-publish","5":"product_cat-3-6-yas-kitaplari","6":"product_cat-cocuk-ve-genclik-kitaplari","7":"pa_cilt-ciltsiz","8":"pa_tur-kitap","9":"pa_yayinevi-yapi-kredi-yayinlari","10":"pa_yazar-michael-engler","12":"first","13":"instock","14":"sale","15":"shipping-taxable","16":"purchasable","17":"product-type-simple"},"_links":{"self":[{"href":"https:\/\/roveyayinevi.com.tr\/index.php\/wp-json\/wp\/v2\/product\/742644","targetHints":{"allow":["GET"]}}],"collection":[{"href":"https:\/\/roveyayinevi.com.tr\/index.php\/wp-json\/wp\/v2\/product"}],"about":[{"href":"https:\/\/roveyayinevi.com.tr\/index.php\/wp-json\/wp\/v2\/types\/product"}],"wp:attachment":[{"href":"https:\/\/roveyayinevi.com.tr\/index.php\/wp-json\/wp\/v2\/media?parent=742644"}],"wp:term":[{"taxonomy":"product_brand","embeddable":true,"href":"https:\/\/roveyayinevi.com.tr\/index.php\/wp-json\/wp\/v2\/product_brand?post=742644"},{"taxonomy":"product_cat","embeddable":true,"href":"https:\/\/roveyayinevi.com.tr\/index.php\/wp-json\/wp\/v2\/product_cat?post=742644"},{"taxonomy":"product_tag","embeddable":true,"href":"https:\/\/roveyayinevi.com.tr\/index.php\/wp-json\/wp\/v2\/product_tag?post=742644"}],"curies":[{"name":"wp","href":"https:\/\/api.w.org\/{rel}","templated":true}]}}