{"id":742643,"date":"2025-08-28T01:17:08","date_gmt":"2025-08-27T22:17:08","guid":{"rendered":"https:\/\/roveyayinevi.com.tr\/index.php\/urun\/gezegenimizi-yiyip-bitirdigimizde\/"},"modified":"2026-04-16T02:53:49","modified_gmt":"2026-04-15T23:53:49","slug":"gezegenimizi-yiyip-bitirdigimizde","status":"publish","type":"product","link":"https:\/\/roveyayinevi.com.tr\/index.php\/urun\/gezegenimizi-yiyip-bitirdigimizde\/","title":{"rendered":"Gezegenimizi Yiyip Bitirdi\u011fimizde"},"content":{"rendered":"<p>Alain Serres\u2019in bir K\u0131z\u0131lderili deyi\u015finden ilham alarak yazd\u0131\u011f\u0131 bu k\u0131sac\u0131k hik\u00e2ye, \u00e7ocuklarda gezegenimiz D\u00fcnya\u2019n\u0131n sa\u011fl\u0131\u011f\u0131na az da olsa katk\u0131da bulunma hevesi uyand\u0131racak; ayr\u0131ca b\u00fcy\u00fck k\u00fc\u00e7\u00fck demeden herkesi D\u00fcnyam\u0131z\u0131n gidi\u015fat\u0131 hakk\u0131nda merakland\u0131racak. <\/p>\n","protected":false},"excerpt":{"rendered":"<p>Alain Serres\u2019in bir K\u0131z\u0131lderili deyi\u015finden ilham alarak yazd\u0131\u011f\u0131 bu k\u0131sac\u0131k hik\u00e2ye, \u00e7ocuklarda gezegenimiz D\u00fcnya\u2019n\u0131n sa\u011fl\u0131\u011f\u0131na az da olsa katk\u0131da bulunma hevesi uyand\u0131racak; ayr\u0131ca b\u00fcy\u00fck k\u00fc\u00e7\u00fck demeden<span class=\"excerpt-hellip\"> [\u2026]<\/span><\/p>\n","protected":false},"featured_media":0,"template":"","meta":{"_monsterinsights_skip_tracking":false,"_monsterinsights_sitenote_active":false,"_monsterinsights_sitenote_note":"","_monsterinsights_sitenote_category":0},"product_brand":[],"product_cat":[12913,12274],"product_tag":[],"class_list":{"0":"post-742643","1":"product","2":"type-product","3":"status-publish","5":"product_cat-3-6-yas-kitaplari","6":"product_cat-cocuk-ve-genclik-kitaplari","7":"pa_cilt-ciltsiz","8":"pa_tur-kitap","9":"pa_yayinevi-yapi-kredi-yayinlari","10":"pa_yazar-alain-serres","12":"first","13":"instock","14":"sale","15":"shipping-taxable","16":"purchasable","17":"product-type-simple"},"_links":{"self":[{"href":"https:\/\/roveyayinevi.com.tr\/index.php\/wp-json\/wp\/v2\/product\/742643","targetHints":{"allow":["GET"]}}],"collection":[{"href":"https:\/\/roveyayinevi.com.tr\/index.php\/wp-json\/wp\/v2\/product"}],"about":[{"href":"https:\/\/roveyayinevi.com.tr\/index.php\/wp-json\/wp\/v2\/types\/product"}],"wp:attachment":[{"href":"https:\/\/roveyayinevi.com.tr\/index.php\/wp-json\/wp\/v2\/media?parent=742643"}],"wp:term":[{"taxonomy":"product_brand","embeddable":true,"href":"https:\/\/roveyayinevi.com.tr\/index.php\/wp-json\/wp\/v2\/product_brand?post=742643"},{"taxonomy":"product_cat","embeddable":true,"href":"https:\/\/roveyayinevi.com.tr\/index.php\/wp-json\/wp\/v2\/product_cat?post=742643"},{"taxonomy":"product_tag","embeddable":true,"href":"https:\/\/roveyayinevi.com.tr\/index.php\/wp-json\/wp\/v2\/product_tag?post=742643"}],"curies":[{"name":"wp","href":"https:\/\/api.w.org\/{rel}","templated":true}]}}