{"id":742640,"date":"2025-08-28T01:17:04","date_gmt":"2025-08-27T22:17:04","guid":{"rendered":"https:\/\/roveyayinevi.com.tr\/index.php\/urun\/kulturel-alanda-kuyerellesme\/"},"modified":"2026-04-16T02:53:49","modified_gmt":"2026-04-15T23:53:49","slug":"kulturel-alanda-kuyerellesme","status":"publish","type":"product","link":"https:\/\/roveyayinevi.com.tr\/index.php\/urun\/kulturel-alanda-kuyerellesme\/","title":{"rendered":"K\u00fclt\u00fcrel Alanda K\u00fcyerelle\u015fme"},"content":{"rendered":"<p>Toplumbilimci Roland Robertson\u2019un  k\u00fcresel ve yerelin i\u00e7 i\u00e7e ge\u00e7mesi veya birbiri i\u00e7inde erimesiyle olu\u015fan kar\u0131\u015f\u0131m veya yerel k\u00fcreselle\u015fme olarak tan\u0131mlad\u0131\u011f\u0131 K\u00fcyerelle\u015fme konusu hem d\u00fcnyada hem de \u00fclk\u00fcm\u00fczde ekonomi,pazarlama uluslararas\u0131 ili\u015fkiler,siyaset bilimi,kitle ileti\u015fim teknolojileri gibi alanlarda s\u0131k\u00e7a ele al\u0131nm\u0131\u015f ve bu konuda pek \u00e7ok kitap yay\u0131mlanm\u0131\u015ft\u0131r. Ancak k\u00fclt\u00fcrel Alanda K\u00fcyerelle\u015fme,k\u00fcyerelle\u015fme olgusunu e\u011fitin,dil ve edebiyat,tiyatro,m\u00fczik,resim meslek kurulu\u015flar\u0131, gastronomi ve marka yaratma gibi k\u00fclt\u00fcr\u00fc olu\u015fturan di\u011fer alanlar i\u00e7inde ele alan,salt bu alanlar\u0131n k\u00fcresel ile kar\u015f\u0131la\u015ft\u0131klar\u0131nda nas\u0131l bir tepkimeye girerek k\u00fcyerelle\u015fme \u00f6rnekleri olu\u015fturduklar\u0131n\u0131 ve bu s\u00fcre\u00e7te \u00e7evirinin i\u015flevini inceleyen ilk kitap olma \u00f6zelli\u011fi ta\u015f\u0131maktad\u0131r. <\/p>\n","protected":false},"excerpt":{"rendered":"<p>Toplumbilimci Roland Robertson\u2019un k\u00fcresel ve yerelin i\u00e7 i\u00e7e ge\u00e7mesi veya birbiri i\u00e7inde erimesiyle olu\u015fan kar\u0131\u015f\u0131m veya yerel k\u00fcreselle\u015fme olarak tan\u0131mlad\u0131\u011f\u0131 K\u00fcyerelle\u015fme konusu hem d\u00fcnyada hem de<span class=\"excerpt-hellip\"> [\u2026]<\/span><\/p>\n","protected":false},"featured_media":0,"template":"","meta":{"_monsterinsights_skip_tracking":false,"_monsterinsights_sitenote_active":false,"_monsterinsights_sitenote_note":"","_monsterinsights_sitenote_category":0},"product_brand":[],"product_cat":[44608,12408],"product_tag":[],"class_list":{"0":"post-742640","1":"product","2":"type-product","3":"status-publish","5":"product_cat-diger-sanat","6":"product_cat-sanat","7":"pa_cilt-ciltsiz","8":"pa_tur-kitap","9":"pa_yayinevi-bilgin-kultur-sanat","10":"pa_yazar-gulsen-sayin","12":"first","13":"instock","14":"sale","15":"shipping-taxable","16":"purchasable","17":"product-type-simple"},"_links":{"self":[{"href":"https:\/\/roveyayinevi.com.tr\/index.php\/wp-json\/wp\/v2\/product\/742640","targetHints":{"allow":["GET"]}}],"collection":[{"href":"https:\/\/roveyayinevi.com.tr\/index.php\/wp-json\/wp\/v2\/product"}],"about":[{"href":"https:\/\/roveyayinevi.com.tr\/index.php\/wp-json\/wp\/v2\/types\/product"}],"wp:attachment":[{"href":"https:\/\/roveyayinevi.com.tr\/index.php\/wp-json\/wp\/v2\/media?parent=742640"}],"wp:term":[{"taxonomy":"product_brand","embeddable":true,"href":"https:\/\/roveyayinevi.com.tr\/index.php\/wp-json\/wp\/v2\/product_brand?post=742640"},{"taxonomy":"product_cat","embeddable":true,"href":"https:\/\/roveyayinevi.com.tr\/index.php\/wp-json\/wp\/v2\/product_cat?post=742640"},{"taxonomy":"product_tag","embeddable":true,"href":"https:\/\/roveyayinevi.com.tr\/index.php\/wp-json\/wp\/v2\/product_tag?post=742640"}],"curies":[{"name":"wp","href":"https:\/\/api.w.org\/{rel}","templated":true}]}}