{"id":742638,"date":"2025-08-28T01:17:02","date_gmt":"2025-08-27T22:17:02","guid":{"rendered":"https:\/\/roveyayinevi.com.tr\/index.php\/urun\/boris-icin-bir-solen-av-meclisi-minetti-oyunlar-1\/"},"modified":"2026-04-16T02:53:49","modified_gmt":"2026-04-15T23:53:49","slug":"boris-icin-bir-solen-av-meclisi-minetti-oyunlar-1","status":"publish","type":"product","link":"https:\/\/roveyayinevi.com.tr\/index.php\/urun\/boris-icin-bir-solen-av-meclisi-minetti-oyunlar-1\/","title":{"rendered":"Boris \u0130\u00e7in Bir \u015e\u00f6len, Av Meclisi, Minetti &#8211; Oyunlar 1"},"content":{"rendered":"<p>\u0130lk kez 1970\u2019te sahnelendi\u011finde, baz\u0131 ele\u015ftirmenler taraf\u0131ndan \u201cabs\u00fcrd tiyatro\u201d \u00f6rne\u011fi olarak etiketlenip \u201chiciv boyutu ve burjuvazi ele\u015ftirisi\u201d g\u00f6rmezden gelinmek istenen Boris \u0130\u00e7in Bir \u015e\u00f6len\u2019in ilk yaz\u0131m\u0131 1965\u2019e kadar geri gider. Oyun ayn\u0131 y\u0131l\u0131n yaz aylar\u0131nda Salzburg Tiyatro Festivali i\u00e7in \u201cfazla karanl\u0131k\u201d bulunarak kabul g\u00f6rmemi\u015ftir. Bu oyunda, t\u0131pk\u0131 kendisi gibi bacaklar\u0131n\u0131 kaybetmi\u015f \u0130yi Kad\u0131n\u2019\u0131n y\u0131llar \u00f6nce evlenip K\u00f6t\u00fcr\u00fcmler Bak\u0131mevi\u2019nden \u00e7\u0131kard\u0131\u011f\u0131 Boris\u2019in do\u011fum g\u00fcn\u00fc i\u00e7in d\u00fczenlenecek \u015f\u00f6len konu edilir; \u015f\u00f6lene Bak\u0131mevi\u2019nden on \u00fc\u00e7 k\u00f6t\u00fcr\u00fcm konuk olacakt\u0131r.   Bernhard\u2019\u0131n pek \u00e7ok kez en ba\u015far\u0131l\u0131 eseri olarak adland\u0131rd\u0131\u011f\u0131 Av Meclisi\u2019nde General ve e\u015finin av k\u00f6\u015fk\u00fcnde bir oyun yazar\u0131 konuktur. \u2013Bu Yazar karakteri Bernhard\u2019\u0131n yap\u0131t\u0131nda ilk kez bir t\u00fcr yaz\u0131nsal ayna karakter olarak belirir.\u2013 Av k\u00f6\u015fk\u00fcn\u00fc \u00e7evreleyen orman\u0131 b\u00fct\u00fcn\u00fcyle kabuk b\u00f6ce\u011fi sarm\u0131\u015ft\u0131r ve Stalingrad muharebesinde tek kolunu kaybetmi\u015f General \u00f6l\u00fcmc\u00fcl bir hastal\u0131\u011f\u0131n pen\u00e7esindedir.   Bernhard\u2019\u0131n \u00fcnl\u00fc Alman tiyatro oyuncusu Bernhard Minetti\u2019ye ithafen kaleme ald\u0131\u011f\u0131 Minetti\u2019de, yaln\u0131z ve ya\u015fl\u0131 bir oyuncu olan Minetti karakteri, bir y\u0131lba\u015f\u0131 gecesi, Flensburg Tiyatrosu\u2019nun ba\u015fy\u00f6netmeniyle bulu\u015fmak i\u00e7in Atlantik Okyanusu k\u0131y\u0131s\u0131ndaki karl\u0131 Oostende\u2019de \u00fc\u00e7\u00fcnc\u00fc s\u0131n\u0131f bir otele gelir. Kendisini ilk kez \u00fcne kavu\u015fturan Kral Lear\u2019i otuz y\u0131l sonra yeniden oynay\u0131p sahnelere d\u00f6n\u00fc\u015f\u00fcn\u00fc ta\u00e7land\u0131rmak niyetindedir fakat yolunu d\u00f6rt g\u00f6zle bekledi\u011fi ba\u015fy\u00f6netmen bir t\u00fcrl\u00fc ortal\u0131kta g\u00f6r\u00fcnmez.   Bernhard\u2019da drama fikri, romanlar\u0131, anlat\u0131lar\u0131, \u00f6yk\u00fcleriyle kurdu\u011fu b\u00fct\u00fcnl\u00fck ba\u011flam\u0131nda \u201cfelsefi g\u00fcld\u00fcr\u00fc izlencesi\u201dnin yaz\u0131nsal esaslar\u0131ndan biridir. Bernhard\u2019\u0131n tiyatro oyunlar\u0131, \u00fclkesi Avusturya\u2019n\u0131n ac\u0131 ger\u00e7eklerini seslendirirken evrensele uzanan yap\u0131t\u0131 i\u00e7erisinde d\u00fcnya ya\u015fam\u0131n\u0131 ayn\u0131 anda bir g\u00fcld\u00fcr\u00fc ve tragedya olarak betimleyen, ciddiyetle g\u00fcl\u00fcn\u00e7l\u00fck aras\u0131nda ger\u00e7ekli\u011fin birbiriyle \u00e7eli\u015fen \u00e7ift y\u00fcz\u00fcn\u00fc resmeden g\u00fc\u00e7l\u00fc bir repertuvar olu\u015fturur: Sesi s\u00f6nmeyen bir s\u00f6zc\u00fck senfonisi, susmayan bir ac\u0131 kahkaha. \u201c\u0130nsanlar tiyatroya gelirler \/ b\u00fcy\u00fck bir oyuncuyu seyretmek i\u00e7in \/ ama gelir gelmez de onun tekinsizli\u011fini itici bulurlar \/ Tekinsizlik sergiledi\u011finde sanat\u00e7\u0131 \/ ki sergilemelidir \/ seyirci bunu itici bulur \/ Oyuncu g\u00f6stermelidir onu \/ Tekinsizli\u011fi ba\u015fka hi\u00e7bir \u015feyi de\u011fil\u201d   \u201cOnda beni her zaman  b\u00fcy\u00fcleyen, dilinin ritim ve ton a\u00e7\u0131s\u0131ndan ta\u015f\u0131d\u0131\u011f\u0131 m\u00fczikalitedir. Oyunlar\u0131 da adeta senfonik c\u00fcmleler halinde bestelenmi\u015ftir. Beni en \u00e7ok etkileyen oyunu Strindbergvari bir oda oyununun yo\u011funlu\u011funa eri\u015fti\u011fi Av Meclisi\u2019dir.\u201d Carl Zuckmayer <\/p>\n","protected":false},"excerpt":{"rendered":"<p>\u0130lk kez 1970\u2019te sahnelendi\u011finde, baz\u0131 ele\u015ftirmenler taraf\u0131ndan \u201cabs\u00fcrd tiyatro\u201d \u00f6rne\u011fi olarak etiketlenip \u201chiciv boyutu ve burjuvazi ele\u015ftirisi\u201d g\u00f6rmezden gelinmek istenen Boris \u0130\u00e7in Bir \u015e\u00f6len\u2019in ilk yaz\u0131m\u0131<span class=\"excerpt-hellip\"> [\u2026]<\/span><\/p>\n","protected":false},"featured_media":0,"template":"","meta":{"_monsterinsights_skip_tracking":false,"_monsterinsights_sitenote_active":false,"_monsterinsights_sitenote_note":"","_monsterinsights_sitenote_category":0},"product_brand":[],"product_cat":[12291,14272],"product_tag":[],"class_list":{"0":"post-742638","1":"product","2":"type-product","3":"status-publish","5":"product_cat-edebiyat","6":"product_cat-tiyatro","7":"pa_cilt-ciltsiz","8":"pa_tur-kitap","9":"pa_yayinevi-yapi-kredi-yayinlari","10":"pa_yazar-thomas-bernhard","12":"first","13":"instock","14":"sale","15":"shipping-taxable","16":"purchasable","17":"product-type-simple"},"_links":{"self":[{"href":"https:\/\/roveyayinevi.com.tr\/index.php\/wp-json\/wp\/v2\/product\/742638","targetHints":{"allow":["GET"]}}],"collection":[{"href":"https:\/\/roveyayinevi.com.tr\/index.php\/wp-json\/wp\/v2\/product"}],"about":[{"href":"https:\/\/roveyayinevi.com.tr\/index.php\/wp-json\/wp\/v2\/types\/product"}],"wp:attachment":[{"href":"https:\/\/roveyayinevi.com.tr\/index.php\/wp-json\/wp\/v2\/media?parent=742638"}],"wp:term":[{"taxonomy":"product_brand","embeddable":true,"href":"https:\/\/roveyayinevi.com.tr\/index.php\/wp-json\/wp\/v2\/product_brand?post=742638"},{"taxonomy":"product_cat","embeddable":true,"href":"https:\/\/roveyayinevi.com.tr\/index.php\/wp-json\/wp\/v2\/product_cat?post=742638"},{"taxonomy":"product_tag","embeddable":true,"href":"https:\/\/roveyayinevi.com.tr\/index.php\/wp-json\/wp\/v2\/product_tag?post=742638"}],"curies":[{"name":"wp","href":"https:\/\/api.w.org\/{rel}","templated":true}]}}