{"id":742636,"date":"2025-08-28T01:17:00","date_gmt":"2025-08-27T22:17:00","guid":{"rendered":"https:\/\/roveyayinevi.com.tr\/index.php\/urun\/davranislarimizin-kokeni\/"},"modified":"2026-04-16T02:53:48","modified_gmt":"2026-04-15T23:53:48","slug":"davranislarimizin-kokeni","status":"publish","type":"product","link":"https:\/\/roveyayinevi.com.tr\/index.php\/urun\/davranislarimizin-kokeni\/","title":{"rendered":"Davran\u0131\u015flar\u0131m\u0131z\u0131n K\u00f6keni"},"content":{"rendered":"<p>\u00c7a\u011f\u0131m\u0131z\u0131n ku\u015fkusuz en \u00f6nemli sorunu, yabanc\u0131la\u015fman\u0131n bilincine varmak ve bunun uzant\u0131s\u0131 olarak da bilinen belirli y\u00f6ntemler \u0131\u015f\u0131\u011f\u0131nda ona kar\u015f\u0131 koymakt\u0131r. Maymunun insana d\u00f6n\u00fc\u015f\u00fcm\u00fcnden sonra kar\u015f\u0131la\u015f\u0131lan ve y\u00fczde y\u00fcz a\u015f\u0131lmas\u0131 gereken en \u00f6nemli sorunlardan biri budur. B\u00f6ylece insan\u0131n geli\u015fimine kar\u015f\u0131 son engeller de kald\u0131r\u0131lacak ve evrim alabildi\u011fine h\u0131zlanacakt\u0131r. \u0130nsan d\u00fc\u015f\u00fcncesi, do\u011fayla yeniden b\u00fct\u00fcnle\u015fti\u011finde y\u00fcz y\u0131l \u00f6ncesinden beri m\u00fcjdelenen kavramlar\u0131n maddele\u015fmesi ve insan\u0131n \u00f6l\u00fcms\u00fczle\u015fmesi ger\u00e7ekle\u015fecektir. Yabanc\u0131la\u015fman\u0131n y\u0131k\u0131lmas\u0131yla davran\u0131\u015flar\u0131m\u0131za \u015fekil veren feti\u015fler ortadan kalkacak ve \u00f6rne\u011fin miras d\u00fczeni ger\u00e7ek ki\u015fileraras\u0131 ili\u015fkilere, \u015fovenizm yurtseverli\u011fe, bireycilik \u00f6zg\u00fcrl\u00fckten yana \u00f6zlemlere d\u00f6n\u00fc\u015febilecek olanaklar\u0131 bulabilecektir. Yabanc\u0131la\u015fma s\u00fcreci, uzun bir \u00e7eli\u015fkiler zinciri i\u00e7ermekte ve yine her \u00e7eli\u015fkide oldu\u011fu gibi \u00f6z\u00fcnde ileriye d\u00f6n\u00fck, evrimsel yanlar ta\u015f\u0131maktad\u0131r. Bu evrimsel yanlar, insan\u0131n tuksakl\u0131\u011f\u0131na kar\u015f\u0131 \u00f6zg\u00fcrl\u00fc\u011fe d\u00f6n\u00fckt\u00fcr. \u00dcretimin, evrimin, beynin ve insan\u0131n geli\u015fimini i\u00e7eren \u00f6zg\u00fcrl\u00fc\u011fe\u2026 \u2014 Serol Teber     Serol Teber, Davran\u0131\u015flar\u0131m\u0131z\u0131n K\u00f6keni ile insanla\u015fma s\u00fcrecinde iki ayak \u00fczerinde durabilme, ba\u015fparma\u011f\u0131n geli\u015fimi, alet yap\u0131m\u0131 ve kullan\u0131m\u0131 gibi unsurlar\u0131 evrimin kritik basamaklar\u0131 olarak de\u011ferlendiriyor ve t\u00fcm bunlar\u0131n beyin geli\u015fimini nas\u0131l etkiledi\u011fini, insan davran\u0131\u015flar\u0131n\u0131 nas\u0131l bi\u00e7imlendirdi\u011fini detayl\u0131 bir bi\u00e7imde inceliyor. Yaz\u0131ld\u0131\u011f\u0131 tarih olan 1975\u2019ten bu yana g\u00fcncelli\u011fini koruyan bu kitap, T\u00fcrkiye\u2019nin her d\u00f6nemine uygun bi\u00e7imde halk\u0131 ayd\u0131nlatmaya y\u00f6nelik a\u00e7\u0131klamalar i\u00e7eriyor ve her t\u00fcrl\u00fc gericili\u011fe kar\u015f\u0131 duruyor. \u201cTutunamayanlar\u201d\u0131n Politik Psikolojisi, Bilimsel Bir Peri Masal\u0131: Freud\u2019un \u201cAile ve Tarihsel Roman\u0131\u201d, A\u015fiyan\u2019daki Kahin: Tevfik Fikret\u2019in Melankolik D\u00fcnyas\u0131, Melankoli: Normal Bir Anomali kitaplar\u0131n\u0131 Okuyan Us Yay\u0131nevi\u2019ne emanet eden Serol Teber, Davran\u0131\u015flar\u0131m\u0131z\u0131n K\u00f6keni\u2019nin ard\u0131ndan Politik Psikoloji Notlar\u0131 ve Do\u011fan\u0131n \u0130nsanla\u015fmas\u0131 ile \u00e7ok yak\u0131nda okurlar\u0131yla yeniden bulu\u015facak. <\/p>\n","protected":false},"excerpt":{"rendered":"<p>\u00c7a\u011f\u0131m\u0131z\u0131n ku\u015fkusuz en \u00f6nemli sorunu, yabanc\u0131la\u015fman\u0131n bilincine varmak ve bunun uzant\u0131s\u0131 olarak da bilinen belirli y\u00f6ntemler \u0131\u015f\u0131\u011f\u0131nda ona kar\u015f\u0131 koymakt\u0131r. Maymunun insana d\u00f6n\u00fc\u015f\u00fcm\u00fcnden sonra kar\u015f\u0131la\u015f\u0131lan ve<span class=\"excerpt-hellip\"> [\u2026]<\/span><\/p>\n","protected":false},"featured_media":0,"template":"","meta":{"_monsterinsights_skip_tracking":false,"_monsterinsights_sitenote_active":false,"_monsterinsights_sitenote_note":"","_monsterinsights_sitenote_category":0},"product_brand":[],"product_cat":[12358,12357],"product_tag":[],"class_list":{"0":"post-742636","1":"product","2":"type-product","3":"status-publish","5":"product_cat-genel-psikoloji","6":"product_cat-psikoloji","7":"pa_cilt-ciltsiz","8":"pa_tur-kitap","9":"pa_yayinevi-okuyan-us-yayin","10":"pa_yazar-serol-teber","12":"first","13":"instock","14":"sale","15":"shipping-taxable","16":"purchasable","17":"product-type-simple"},"_links":{"self":[{"href":"https:\/\/roveyayinevi.com.tr\/index.php\/wp-json\/wp\/v2\/product\/742636","targetHints":{"allow":["GET"]}}],"collection":[{"href":"https:\/\/roveyayinevi.com.tr\/index.php\/wp-json\/wp\/v2\/product"}],"about":[{"href":"https:\/\/roveyayinevi.com.tr\/index.php\/wp-json\/wp\/v2\/types\/product"}],"wp:attachment":[{"href":"https:\/\/roveyayinevi.com.tr\/index.php\/wp-json\/wp\/v2\/media?parent=742636"}],"wp:term":[{"taxonomy":"product_brand","embeddable":true,"href":"https:\/\/roveyayinevi.com.tr\/index.php\/wp-json\/wp\/v2\/product_brand?post=742636"},{"taxonomy":"product_cat","embeddable":true,"href":"https:\/\/roveyayinevi.com.tr\/index.php\/wp-json\/wp\/v2\/product_cat?post=742636"},{"taxonomy":"product_tag","embeddable":true,"href":"https:\/\/roveyayinevi.com.tr\/index.php\/wp-json\/wp\/v2\/product_tag?post=742636"}],"curies":[{"name":"wp","href":"https:\/\/api.w.org\/{rel}","templated":true}]}}