{"id":742633,"date":"2025-08-28T01:16:57","date_gmt":"2025-08-27T22:16:57","guid":{"rendered":"https:\/\/roveyayinevi.com.tr\/index.php\/urun\/pavitra\/"},"modified":"2026-04-16T02:53:48","modified_gmt":"2026-04-15T23:53:48","slug":"pavitra","status":"publish","type":"product","link":"https:\/\/roveyayinevi.com.tr\/index.php\/urun\/pavitra\/","title":{"rendered":"Pavitra"},"content":{"rendered":"<p>Yolculuk\u2026   Bir insan\u0131n hayat\u0131nda ka\u00e7 \u00e7e\u015fit, ka\u00e7 farkl\u0131 yolculuk olabilir? Y\u00fczlerce belki de binlerce\u2026 Ama hangi yolculuk, e\u011filip i\u00e7ine bakt\u0131\u011f\u0131m\u0131z o derin ve dipsiz bir kuyunun i\u00e7indeki su gibi bize yans\u0131mam\u0131z\u0131 g\u00f6sterir?   Varolu\u015fumuza anlam arad\u0131\u011f\u0131m\u0131z her bir sorgulay\u0131\u015f bizi biraz daha iter o dipsiz kuyuya. Bir \u00e7\u0131k\u0131\u015f yolu, tutacak bir el arad\u0131\u011f\u0131m\u0131zda kuyu gittik\u00e7e daha \u00e7ok \u00e7eker kendine bizi. Ama kendimizden ba\u015fka tutunacak kimsemiz yoktur. Bu y\u00fczden sudaki aksimizi g\u00f6rd\u00fc\u011f\u00fcm\u00fcz her an daha \u00e7ok al\u0131\u015f\u0131r\u0131z i\u00e7imizdeki \u201cben\u201de, tek olan\u0131n asl\u0131nda kendimiz oldu\u011funa. \u201cBen\u201din i\u00e7inde gitgide sarmal oluruz, sarma\u015f\u0131\u011f\u0131n etraf\u0131n\u0131 ku\u015fatt\u0131\u011f\u0131 gibi biz de i\u00e7imizde biriktirdi\u011fimiz ac\u0131lar\u0131, sevgileri, \u00fcz\u00fcnt\u00fcleri, pi\u015fmanl\u0131klar\u0131 bedenimizde hapseder, i\u00e7ten i\u00e7e eririz. Ta ki i\u00e7imizdeki \u0131\u015f\u0131\u011f\u0131, Pavitra\u2019y\u0131 bulana kadar\u2026 O zaman u\u00e7up kanatlan\u0131r\u0131z, hik\u00e2yemizin ilham\u0131na do\u011fru\u2026   \u015eebnem Akbulut; zamanla mek\u00e2n\u0131n, ge\u00e7mi\u015fle gelece\u011fin, karanl\u0131kla ayd\u0131nl\u0131\u011f\u0131n \u00f6tesinde bir \u201cben\u201din varl\u0131\u011f\u0131n\u0131, i\u00e7sel yolculu\u011fumuzun sonunda asl\u0131nda hepimizin ortak bir hik\u00e2yenin kahramanlar\u0131 oldu\u011fumuzu, bu yolculukta bize e\u015flik edecek nice pavitralar\u0131n nice gezgin ruhlar\u0131n \u00f6zg\u00fcrle\u015fti\u011fini, ilham\u0131n asl\u0131nda bir ate\u015f gibi i\u00e7imizde yand\u0131\u011f\u0131na dikkat \u00e7ekerek, kendini ke\u015ffetme yolunda y\u00fcre\u011finin sesini dinleyenleri, i\u00e7inde yan\u0131p tutu\u015fan ya\u015fam arzusuyla bir olmak isteyenleri, ahenkli bir dille yazd\u0131\u011f\u0131 kitab\u0131yla bulu\u015fturup onlara e\u015flik ediyor. <\/p>\n","protected":false},"excerpt":{"rendered":"<p>Yolculuk\u2026 Bir insan\u0131n hayat\u0131nda ka\u00e7 \u00e7e\u015fit, ka\u00e7 farkl\u0131 yolculuk olabilir? Y\u00fczlerce belki de binlerce\u2026 Ama hangi yolculuk, e\u011filip i\u00e7ine bakt\u0131\u011f\u0131m\u0131z o derin ve dipsiz bir kuyunun<span class=\"excerpt-hellip\"> [\u2026]<\/span><\/p>\n","protected":false},"featured_media":0,"template":"","meta":{"_monsterinsights_skip_tracking":false,"_monsterinsights_sitenote_active":false,"_monsterinsights_sitenote_note":"","_monsterinsights_sitenote_category":0},"product_brand":[],"product_cat":[12364,12376],"product_tag":[],"class_list":{"0":"post-742633","1":"product","2":"type-product","3":"status-publish","5":"product_cat-genel-konular","6":"product_cat-kisisel-gelisim","7":"pa_cilt-ciltsiz","8":"pa_tur-kitap","9":"pa_yayinevi-yeni-insan-yayinlari","10":"pa_yazar-sebnem-akbulut","12":"first","13":"instock","14":"sale","15":"shipping-taxable","16":"purchasable","17":"product-type-simple"},"_links":{"self":[{"href":"https:\/\/roveyayinevi.com.tr\/index.php\/wp-json\/wp\/v2\/product\/742633","targetHints":{"allow":["GET"]}}],"collection":[{"href":"https:\/\/roveyayinevi.com.tr\/index.php\/wp-json\/wp\/v2\/product"}],"about":[{"href":"https:\/\/roveyayinevi.com.tr\/index.php\/wp-json\/wp\/v2\/types\/product"}],"wp:attachment":[{"href":"https:\/\/roveyayinevi.com.tr\/index.php\/wp-json\/wp\/v2\/media?parent=742633"}],"wp:term":[{"taxonomy":"product_brand","embeddable":true,"href":"https:\/\/roveyayinevi.com.tr\/index.php\/wp-json\/wp\/v2\/product_brand?post=742633"},{"taxonomy":"product_cat","embeddable":true,"href":"https:\/\/roveyayinevi.com.tr\/index.php\/wp-json\/wp\/v2\/product_cat?post=742633"},{"taxonomy":"product_tag","embeddable":true,"href":"https:\/\/roveyayinevi.com.tr\/index.php\/wp-json\/wp\/v2\/product_tag?post=742633"}],"curies":[{"name":"wp","href":"https:\/\/api.w.org\/{rel}","templated":true}]}}