{"id":742631,"date":"2025-08-28T01:16:54","date_gmt":"2025-08-27T22:16:54","guid":{"rendered":"https:\/\/roveyayinevi.com.tr\/index.php\/urun\/duygusal-santaj\/"},"modified":"2026-04-16T02:53:48","modified_gmt":"2026-04-15T23:53:48","slug":"duygusal-santaj","status":"publish","type":"product","link":"https:\/\/roveyayinevi.com.tr\/index.php\/urun\/duygusal-santaj\/","title":{"rendered":"Duygusal \u015eantaj"},"content":{"rendered":"<p>Duygusal \u015fantajla yap\u0131lan dans\u0131n say\u0131s\u0131z \u015fekli, ad\u0131m\u0131 ve e\u015flik\u00e7isi vard\u0131r.   \u201cBeni ger\u00e7ekten sevseydin&#8230;\u201d \u201cSenin i\u00e7in yapt\u0131klar\u0131mdan sonra&#8230;\u201d \u201cNas\u0131l bu kadar bencil olabiliyorsun?\u201d Bu s\u00f6zlerden herhangi biri size tan\u0131d\u0131k geliyor mu? Bunlar\u0131n hepsi duygusal \u015fantaj \u00f6rnekleridir, bize yak\u0131n olan insanlar\u0131n, istediklerini yapmad\u0131\u011f\u0131m\u0131z i\u00e7in bizi cezaland\u0131rmakla tehdit ettikleri g\u00fc\u00e7l\u00fc bir manip\u00fclasyon bi\u00e7imidir. Duygusal \u015fantajc\u0131lar, onlarla olan ili\u015fkilerimize ne kadar de\u011fer verdi\u011fimizi bilirler. Hassasiyetlerimiz ve en derin s\u0131rlar\u0131m\u0131zdan haberdard\u0131rlar. Onlar bizim ebeveynimiz, partnerlerimiz, patronlar\u0131m\u0131z, arkada\u015flar\u0131m\u0131z ve sevgililerimizdir. Bizi ne kadar \u00f6nemserlerse \u00f6nemsesinler, bu \u00f6zel bilgiyi istediklerini almak i\u00e7in kullan\u0131rlar: Bizim itaatimiz. New York Times \u00e7ok satan yazar\u0131 ve d\u00fcnyaca \u00fcnl\u00fc terapist Susan Forward, DUYGUSAL \u015eANTAJ kitab\u0131nda manip\u00fclasyondan zarar g\u00f6rm\u00fc\u015f ili\u015fkilerin anatomisini sunuyor. Sizi duygusal \u015fantaj\u0131n c\u00fcretk\u00e2r dans\u0131na zorlayan k\u0131\u015fk\u0131rtma noktalar\u0131n\u0131 ve zorbal\u0131\u011f\u0131n karma\u015f\u0131k dinamiklerini incelikle tan\u0131mlayarak, \u015fantajc\u0131n\u0131z\u0131 nas\u0131l silahs\u0131zland\u0131raca\u011f\u0131n\u0131z\u0131 ve cephaneli\u011finizi nas\u0131l g\u00fc\u00e7lendirece\u011finizi anlat\u0131yor. Varl\u0131\u011f\u0131n\u0131z\u0131n \u00f6z\u00fcn\u00fc, duygusal b\u00fct\u00fcnl\u00fc\u011f\u00fcn\u00fcz\u00fc yeniden kazanman\u0131z i\u00e7in hapsoldu\u011funuz sisi aral\u0131yor. Kontrol listeleri, uygulama senaryolar\u0131, \u015fantaj d\u00f6ng\u00fcs\u00fcn\u00fc temelden k\u0131racak somut ileti\u015fim teknikleri ve g\u00fc\u00e7l\u00fc stratejilerle eve d\u00f6n\u00fc\u015f\u00fcn yollar\u0131n\u0131 ayd\u0131nlat\u0131yor. <\/p>\n","protected":false},"excerpt":{"rendered":"<p>Duygusal \u015fantajla yap\u0131lan dans\u0131n say\u0131s\u0131z \u015fekli, ad\u0131m\u0131 ve e\u015flik\u00e7isi vard\u0131r. \u201cBeni ger\u00e7ekten sevseydin&#8230;\u201d \u201cSenin i\u00e7in yapt\u0131klar\u0131mdan sonra&#8230;\u201d \u201cNas\u0131l bu kadar bencil olabiliyorsun?\u201d Bu s\u00f6zlerden herhangi biri<span class=\"excerpt-hellip\"> [\u2026]<\/span><\/p>\n","protected":false},"featured_media":0,"template":"","meta":{"_monsterinsights_skip_tracking":false,"_monsterinsights_sitenote_active":false,"_monsterinsights_sitenote_note":"","_monsterinsights_sitenote_category":0},"product_brand":[],"product_cat":[12358,12357],"product_tag":[],"class_list":{"0":"post-742631","1":"product","2":"type-product","3":"status-publish","5":"product_cat-genel-psikoloji","6":"product_cat-psikoloji","7":"pa_cilt-ciltsiz","8":"pa_tur-kitap","9":"pa_yayinevi-beyaz-baykus-yayinlari","10":"pa_yazar-susan-forward-donna-frazier","12":"first","13":"instock","14":"sale","15":"shipping-taxable","16":"purchasable","17":"product-type-simple"},"_links":{"self":[{"href":"https:\/\/roveyayinevi.com.tr\/index.php\/wp-json\/wp\/v2\/product\/742631","targetHints":{"allow":["GET"]}}],"collection":[{"href":"https:\/\/roveyayinevi.com.tr\/index.php\/wp-json\/wp\/v2\/product"}],"about":[{"href":"https:\/\/roveyayinevi.com.tr\/index.php\/wp-json\/wp\/v2\/types\/product"}],"wp:attachment":[{"href":"https:\/\/roveyayinevi.com.tr\/index.php\/wp-json\/wp\/v2\/media?parent=742631"}],"wp:term":[{"taxonomy":"product_brand","embeddable":true,"href":"https:\/\/roveyayinevi.com.tr\/index.php\/wp-json\/wp\/v2\/product_brand?post=742631"},{"taxonomy":"product_cat","embeddable":true,"href":"https:\/\/roveyayinevi.com.tr\/index.php\/wp-json\/wp\/v2\/product_cat?post=742631"},{"taxonomy":"product_tag","embeddable":true,"href":"https:\/\/roveyayinevi.com.tr\/index.php\/wp-json\/wp\/v2\/product_tag?post=742631"}],"curies":[{"name":"wp","href":"https:\/\/api.w.org\/{rel}","templated":true}]}}