{"id":742629,"date":"2025-08-28T01:16:04","date_gmt":"2025-08-27T22:16:04","guid":{"rendered":"https:\/\/roveyayinevi.com.tr\/index.php\/urun\/cifte-ejderhanin-diyarinda-1\/"},"modified":"2026-04-16T02:53:48","modified_gmt":"2026-04-15T23:53:48","slug":"cifte-ejderhanin-diyarinda-1","status":"publish","type":"product","link":"https:\/\/roveyayinevi.com.tr\/index.php\/urun\/cifte-ejderhanin-diyarinda-1\/","title":{"rendered":"\u00c7ifte Ejderhan\u0131n Diyar\u0131nda-1"},"content":{"rendered":"<p>\u00c7in\u2019in klasik d\u00fc\u015f\u00fcn\u00fcrleri, beylikler d\u00f6neminde, beylikler aras\u0131ndaki \u015fiddetin s\u0131radanla\u015ft\u0131\u011f\u0131, tek bir birle\u015ftirici lidere y\u00f6nelik \u00f6zlemle nitelenen bir d\u00f6nemde ortaya \u00e7\u0131k\u0131yorlar. Kimilerine g\u00f6re, onlar kendi g\u00f6r\u00fc\u015flerini geli\u015ftirmekten \u00e7ok, d\u00f6nemlerinin toplumsal e\u011filimlerini yans\u0131t\u0131yorlar. Dolay\u0131s\u0131yla, soyutlamay\u0131 d\u00fc\u015f\u00fcnce sistematiklerinin merkezine yerle\u015ftiren klasik Yunan d\u00fc\u015f\u00fcn\u00fcrlerinin tersine, klasik \u00c7inli d\u00fc\u015f\u00fcn\u00fcrler, g\u00fcnl\u00fck ya\u015famla daha \u00e7ok i\u00e7 i\u00e7eler. Klasik \u00c7in felsefecilerinden Mencius\u2019a (Meng Usta, \u00dcstad Meng) g\u00f6re insan, \u00f6z\u00fcnde iyidir. O, insandaki iyilik e\u011filimini yukar\u0131dan a\u015fa\u011f\u0131ya akan bir \u0131rma\u011fa benzetir. \u0130nsan da akan su gibi do\u011fal olarak iyili\u011fe y\u00f6nelmektedir. Ancak onu toplumsal ko\u015fullar bozar. Bu nedenle devlete b\u00fcy\u00fck bir g\u00f6rev d\u00fc\u015fmektedir. \u0130nsan\u0131 k\u00f6t\u00fcl\u00fc\u011fe s\u00fcr\u00fckleyenler, ekonomik sorunlard\u0131r. Demek ki o zaman, devletin \u00f6nceli\u011fi e\u011fitim de\u011fil istihdam olacakt\u0131r. <\/p>\n","protected":false},"excerpt":{"rendered":"<p>\u00c7in\u2019in klasik d\u00fc\u015f\u00fcn\u00fcrleri, beylikler d\u00f6neminde, beylikler aras\u0131ndaki \u015fiddetin s\u0131radanla\u015ft\u0131\u011f\u0131, tek bir birle\u015ftirici lidere y\u00f6nelik \u00f6zlemle nitelenen bir d\u00f6nemde ortaya \u00e7\u0131k\u0131yorlar. Kimilerine g\u00f6re, onlar kendi g\u00f6r\u00fc\u015flerini geli\u015ftirmekten<span class=\"excerpt-hellip\"> [\u2026]<\/span><\/p>\n","protected":false},"featured_media":0,"template":"","meta":{"_monsterinsights_skip_tracking":false,"_monsterinsights_sitenote_active":false,"_monsterinsights_sitenote_note":"","_monsterinsights_sitenote_category":0},"product_brand":[],"product_cat":[12370,12304],"product_tag":[],"class_list":{"0":"post-742629","1":"product","2":"type-product","3":"status-publish","5":"product_cat-arastirma-inceleme","6":"product_cat-tarih","7":"pa_cilt-ciltsiz","8":"pa_tur-kitap","9":"pa_yayinevi-toz-yayinlari","10":"pa_yazar-ulas-basar-gezgin","12":"first","13":"instock","14":"sale","15":"shipping-taxable","16":"purchasable","17":"product-type-simple"},"_links":{"self":[{"href":"https:\/\/roveyayinevi.com.tr\/index.php\/wp-json\/wp\/v2\/product\/742629","targetHints":{"allow":["GET"]}}],"collection":[{"href":"https:\/\/roveyayinevi.com.tr\/index.php\/wp-json\/wp\/v2\/product"}],"about":[{"href":"https:\/\/roveyayinevi.com.tr\/index.php\/wp-json\/wp\/v2\/types\/product"}],"wp:attachment":[{"href":"https:\/\/roveyayinevi.com.tr\/index.php\/wp-json\/wp\/v2\/media?parent=742629"}],"wp:term":[{"taxonomy":"product_brand","embeddable":true,"href":"https:\/\/roveyayinevi.com.tr\/index.php\/wp-json\/wp\/v2\/product_brand?post=742629"},{"taxonomy":"product_cat","embeddable":true,"href":"https:\/\/roveyayinevi.com.tr\/index.php\/wp-json\/wp\/v2\/product_cat?post=742629"},{"taxonomy":"product_tag","embeddable":true,"href":"https:\/\/roveyayinevi.com.tr\/index.php\/wp-json\/wp\/v2\/product_tag?post=742629"}],"curies":[{"name":"wp","href":"https:\/\/api.w.org\/{rel}","templated":true}]}}