{"id":742628,"date":"2025-08-28T01:16:02","date_gmt":"2025-08-27T22:16:02","guid":{"rendered":"https:\/\/roveyayinevi.com.tr\/index.php\/urun\/dilsiz-acilar\/"},"modified":"2026-04-08T03:02:34","modified_gmt":"2026-04-08T00:02:34","slug":"dilsiz-acilar","status":"publish","type":"product","link":"https:\/\/roveyayinevi.com.tr\/index.php\/urun\/dilsiz-acilar\/","title":{"rendered":"Dilsiz Ac\u0131lar"},"content":{"rendered":"<p>Ankara\u2019daki bir fak\u00fcltenin kantininde ya\u015fanan kavgayla ba\u015flay\u0131p, nerdeyse t\u00fcm Ortado\u011fu\u2019da devam eden s\u00fcrg\u00fcn ya\u015fam\u0131, B\u0130R YUDUM H\u00dcRR\u0130YET \u0130STEME BEDEL\u0130N\u0130N en hafif cezas\u0131 gibiydi onun i\u00e7in. \u0130ki y\u0131ldan fazla s\u00fcren s\u00fcrg\u00fcn hayat\u0131nda onlarca defa fele\u011fin \u00e7emberinden ge\u00e7ip, \u00f6l\u00fcmlerden k\u0131l pay\u0131 kurtulduktan sonra, \u015fimdi de \u00fclkesinden binlerce kilometre \u00f6tedeki \u0130sve\u00e7&#8217;e, s\u00fcrg\u00fcn hayat\u0131n\u0131 uzatmaya gidiyordu. Gitti\u011fi yerde daha ne ac\u0131 s\u00fcrprizlerle kar\u015f\u0131la\u015faca\u011f\u0131n\u0131 bilmiyordu. O anda u\u00e7ak yerle temas\u0131n\u0131 kesip havalanm\u0131\u015ft\u0131. Biliyordu, art\u0131k hi\u00e7bir \u015fey eskisi gibi olmayacakt\u0131 onun i\u00e7in.   12 Eyl\u00fcl darbesiyle ba\u015flayan s\u00fcrg\u00fcn ya\u015fam\u0131, 34 y\u0131l d\u00f6nmek i\u00e7in m\u00fccadele etti\u011fi \u00fclkesinin en b\u00fcy\u00fck kenti olan \u0130stanbul\u2019da, bu kez 15 Temmuz darbe gecesinde noktalanan F\u0131rat\u2019\u0131n y\u00fcrekleri burkan ya\u015fam hik\u00e2yesi \u00e2deta bir destan gibi anlat\u0131l\u0131yor bu kitapta\u2026 <\/p>\n","protected":false},"excerpt":{"rendered":"<p>Ankara\u2019daki bir fak\u00fcltenin kantininde ya\u015fanan kavgayla ba\u015flay\u0131p, nerdeyse t\u00fcm Ortado\u011fu\u2019da devam eden s\u00fcrg\u00fcn ya\u015fam\u0131, B\u0130R YUDUM H\u00dcRR\u0130YET \u0130STEME BEDEL\u0130N\u0130N en hafif cezas\u0131 gibiydi onun i\u00e7in. \u0130ki<span class=\"excerpt-hellip\"> [\u2026]<\/span><\/p>\n","protected":false},"featured_media":0,"template":"","meta":{"_monsterinsights_skip_tracking":false,"_monsterinsights_sitenote_active":false,"_monsterinsights_sitenote_note":"","_monsterinsights_sitenote_category":0},"product_brand":[],"product_cat":[12291,12711],"product_tag":[],"class_list":{"0":"post-742628","1":"product","2":"type-product","3":"status-publish","5":"product_cat-edebiyat","6":"product_cat-roman-oyku","7":"pa_cilt-ciltsiz","8":"pa_tur-kitap","9":"pa_yayinevi-favori-yayinlari","10":"pa_yazar-mahmut-ildogan","12":"first","13":"instock","14":"sale","15":"shipping-taxable","16":"purchasable","17":"product-type-simple"},"_links":{"self":[{"href":"https:\/\/roveyayinevi.com.tr\/index.php\/wp-json\/wp\/v2\/product\/742628","targetHints":{"allow":["GET"]}}],"collection":[{"href":"https:\/\/roveyayinevi.com.tr\/index.php\/wp-json\/wp\/v2\/product"}],"about":[{"href":"https:\/\/roveyayinevi.com.tr\/index.php\/wp-json\/wp\/v2\/types\/product"}],"wp:attachment":[{"href":"https:\/\/roveyayinevi.com.tr\/index.php\/wp-json\/wp\/v2\/media?parent=742628"}],"wp:term":[{"taxonomy":"product_brand","embeddable":true,"href":"https:\/\/roveyayinevi.com.tr\/index.php\/wp-json\/wp\/v2\/product_brand?post=742628"},{"taxonomy":"product_cat","embeddable":true,"href":"https:\/\/roveyayinevi.com.tr\/index.php\/wp-json\/wp\/v2\/product_cat?post=742628"},{"taxonomy":"product_tag","embeddable":true,"href":"https:\/\/roveyayinevi.com.tr\/index.php\/wp-json\/wp\/v2\/product_tag?post=742628"}],"curies":[{"name":"wp","href":"https:\/\/api.w.org\/{rel}","templated":true}]}}