{"id":742627,"date":"2025-08-28T01:16:01","date_gmt":"2025-08-27T22:16:01","guid":{"rendered":"https:\/\/roveyayinevi.com.tr\/index.php\/urun\/hazreti-muhammedin-peygamberligini-dogrulayan-mujdeler\/"},"modified":"2026-03-31T12:26:50","modified_gmt":"2026-03-31T09:26:50","slug":"hazreti-muhammedin-peygamberligini-dogrulayan-mujdeler","status":"publish","type":"product","link":"https:\/\/roveyayinevi.com.tr\/index.php\/urun\/hazreti-muhammedin-peygamberligini-dogrulayan-mujdeler\/","title":{"rendered":"Hazreti Muhammed&#8217;in Peygamberli\u011fini Do\u011frulayan M\u00fcjdeler"},"content":{"rendered":"<p>Tek bir soruyla ba\u015fl\u0131yor her \u015fey. &#8220;Hazreti Muhammed&#8217;in peygamberli\u011fi Tevrat ve \u0130ncil&#8217;de m\u00fcjdelendi mi?&#8221; Tek bir soru pe\u015fine tak\u0131yor her \u015feyi. Din, tarih, felsefe, sosyoloji, filoloji birbirine ekleniyor. \u0130ki koca medeniyet, iki koca d\u00fcnya tek bir sohbette hesapla\u015f\u0131yor.   Bir M\u00fcsl\u00fcman ile bir Hristiyan tart\u0131\u015f\u0131yor sayfalarda. Bir peygamberin kimli\u011fi sorgulanarak g\u00fcn y\u00fcz\u00fcne \u00e7\u0131k\u0131yor.   Hazreti Muhammed&#8217;in Peygamberli\u011fini Do\u011frulayan M\u00fcjdeler, ilk kez g\u00fcn\u00fcm\u00fcz T\u00fcrk\u00e7esiyle okuyucuyla bulu\u015fuyor. <\/p>\n","protected":false},"excerpt":{"rendered":"<p>Tek bir soruyla ba\u015fl\u0131yor her \u015fey. &#8220;Hazreti Muhammed&#8217;in peygamberli\u011fi Tevrat ve \u0130ncil&#8217;de m\u00fcjdelendi mi?&#8221; Tek bir soru pe\u015fine tak\u0131yor her \u015feyi. Din, tarih, felsefe, sosyoloji, filoloji<span class=\"excerpt-hellip\"> [\u2026]<\/span><\/p>\n","protected":false},"featured_media":0,"template":"","meta":{"_monsterinsights_skip_tracking":false,"_monsterinsights_sitenote_active":false,"_monsterinsights_sitenote_note":"","_monsterinsights_sitenote_category":0},"product_brand":[],"product_cat":[12718,12719],"product_tag":[],"class_list":{"0":"post-742627","1":"product","2":"type-product","3":"status-publish","5":"product_cat-din","6":"product_cat-islam","7":"pa_cilt-ciltsiz","8":"pa_tur-kitap","9":"pa_yayinevi-sapiens-yayinlari","10":"pa_yazar-ahmet-mithat-efendi","12":"first","13":"instock","14":"sale","15":"shipping-taxable","16":"purchasable","17":"product-type-simple"},"_links":{"self":[{"href":"https:\/\/roveyayinevi.com.tr\/index.php\/wp-json\/wp\/v2\/product\/742627","targetHints":{"allow":["GET"]}}],"collection":[{"href":"https:\/\/roveyayinevi.com.tr\/index.php\/wp-json\/wp\/v2\/product"}],"about":[{"href":"https:\/\/roveyayinevi.com.tr\/index.php\/wp-json\/wp\/v2\/types\/product"}],"wp:attachment":[{"href":"https:\/\/roveyayinevi.com.tr\/index.php\/wp-json\/wp\/v2\/media?parent=742627"}],"wp:term":[{"taxonomy":"product_brand","embeddable":true,"href":"https:\/\/roveyayinevi.com.tr\/index.php\/wp-json\/wp\/v2\/product_brand?post=742627"},{"taxonomy":"product_cat","embeddable":true,"href":"https:\/\/roveyayinevi.com.tr\/index.php\/wp-json\/wp\/v2\/product_cat?post=742627"},{"taxonomy":"product_tag","embeddable":true,"href":"https:\/\/roveyayinevi.com.tr\/index.php\/wp-json\/wp\/v2\/product_tag?post=742627"}],"curies":[{"name":"wp","href":"https:\/\/api.w.org\/{rel}","templated":true}]}}