{"id":742625,"date":"2025-08-28T01:15:59","date_gmt":"2025-08-27T22:15:59","guid":{"rendered":"https:\/\/roveyayinevi.com.tr\/index.php\/urun\/anne-ve-babanin-cocuk-uzerindeki-hak-ve-gorevleri\/"},"modified":"2026-04-16T02:53:48","modified_gmt":"2026-04-15T23:53:48","slug":"anne-ve-babanin-cocuk-uzerindeki-hak-ve-gorevleri","status":"publish","type":"product","link":"https:\/\/roveyayinevi.com.tr\/index.php\/urun\/anne-ve-babanin-cocuk-uzerindeki-hak-ve-gorevleri\/","title":{"rendered":"Anne ve Baban\u0131n \u00c7ocuk \u00dczerindeki Hak ve G\u00f6revleri"},"content":{"rendered":"<p>Pedagoji, yeni bir bilim dal\u0131 o y\u0131llarda. Avrupa&#8217;da b\u00fcy\u00fcmeye \u00e7al\u0131\u015f\u0131yor, Osmanl\u0131 topraklar\u0131nda hen\u00fcz \u00e7ok taze. Modern insan\u0131n do\u011fu\u015fu, \u00e7ocukluk d\u00f6neminden ba\u015fl\u0131yor. \u00c7ocuk i\u00e7inse en \u00f6nemlisi anne ile baba.   Her alana kalemini uzatan Ahmet Mithat, bu alandan da uzak durmuyor. Osmanl\u0131lara pedagojinin giri\u015f anahtar\u0131n\u0131 sunuyor. Geli\u015ftirmek, gelecektekilerin i\u015fi.   Anne ve Baban\u0131n \u00c7ocuk \u00dczerindeki Hak ve G\u00f6revleri, g\u00fcn\u00fcm\u00fcz T\u00fcrk\u00e7esiyle gelece\u011fe de\u011fer verenlere sesleniyor. <\/p>\n","protected":false},"excerpt":{"rendered":"<p>Pedagoji, yeni bir bilim dal\u0131 o y\u0131llarda. Avrupa&#8217;da b\u00fcy\u00fcmeye \u00e7al\u0131\u015f\u0131yor, Osmanl\u0131 topraklar\u0131nda hen\u00fcz \u00e7ok taze. Modern insan\u0131n do\u011fu\u015fu, \u00e7ocukluk d\u00f6neminden ba\u015fl\u0131yor. \u00c7ocuk i\u00e7inse en \u00f6nemlisi anne<span class=\"excerpt-hellip\"> [\u2026]<\/span><\/p>\n","protected":false},"featured_media":0,"template":"","meta":{"_monsterinsights_skip_tracking":false,"_monsterinsights_sitenote_active":false,"_monsterinsights_sitenote_note":"","_monsterinsights_sitenote_category":0},"product_brand":[],"product_cat":[12831,12324],"product_tag":[],"class_list":{"0":"post-742625","1":"product","2":"type-product","3":"status-publish","5":"product_cat-aile-ve-cocuk","6":"product_cat-sosyoloji","7":"pa_cilt-ciltsiz","8":"pa_tur-kitap","9":"pa_yayinevi-sapiens-yayinlari","10":"pa_yazar-ahmet-mithat-efendi","12":"first","13":"instock","14":"sale","15":"shipping-taxable","16":"purchasable","17":"product-type-simple"},"_links":{"self":[{"href":"https:\/\/roveyayinevi.com.tr\/index.php\/wp-json\/wp\/v2\/product\/742625","targetHints":{"allow":["GET"]}}],"collection":[{"href":"https:\/\/roveyayinevi.com.tr\/index.php\/wp-json\/wp\/v2\/product"}],"about":[{"href":"https:\/\/roveyayinevi.com.tr\/index.php\/wp-json\/wp\/v2\/types\/product"}],"wp:attachment":[{"href":"https:\/\/roveyayinevi.com.tr\/index.php\/wp-json\/wp\/v2\/media?parent=742625"}],"wp:term":[{"taxonomy":"product_brand","embeddable":true,"href":"https:\/\/roveyayinevi.com.tr\/index.php\/wp-json\/wp\/v2\/product_brand?post=742625"},{"taxonomy":"product_cat","embeddable":true,"href":"https:\/\/roveyayinevi.com.tr\/index.php\/wp-json\/wp\/v2\/product_cat?post=742625"},{"taxonomy":"product_tag","embeddable":true,"href":"https:\/\/roveyayinevi.com.tr\/index.php\/wp-json\/wp\/v2\/product_tag?post=742625"}],"curies":[{"name":"wp","href":"https:\/\/api.w.org\/{rel}","templated":true}]}}