{"id":742623,"date":"2025-08-28T01:15:56","date_gmt":"2025-08-27T22:15:56","guid":{"rendered":"https:\/\/roveyayinevi.com.tr\/index.php\/urun\/bilge-zeytin-agaci\/"},"modified":"2026-04-16T02:53:48","modified_gmt":"2026-04-15T23:53:48","slug":"bilge-zeytin-agaci","status":"publish","type":"product","link":"https:\/\/roveyayinevi.com.tr\/index.php\/urun\/bilge-zeytin-agaci\/","title":{"rendered":"Bilge Zeytin A\u011fac\u0131"},"content":{"rendered":"<p>Zaman, ilk yazd\u0131. \u00c7i\u00e7eklendi \u00f6nce, sonra \u00e7i\u00e7ekler zeytine d\u00f6n\u00fc\u015ft\u00fc. Kendi i\u00e7inde ay\u0131klad\u0131 iyilerini. K\u00f6t\u00fcleri d\u00f6k\u00fcld\u00fc. B\u00fcy\u00fcmeye koyuldu ard\u0131ndan. Demlendi zeytinler. \u0130\u00e7leri doldu, ye\u015fillendi, sarard\u0131 ve karard\u0131. S\u0131cak oldu, f\u0131rt\u0131na esti, ya\u011fmur ya\u011fd\u0131, g\u00fcne\u015f kavurdu. O, dimdik ayakta kald\u0131. \u00d6l\u00fcms\u00fcz a\u011fa\u00e7 da denilen Bilge Zeytin A\u011fac\u0131, \u00f6yk\u00fcs\u00fcn\u00fc bu sayfalar\u0131n y\u00fcre\u011fine kaz\u0131d\u0131. Sevgide bulu\u015fmak isteyenleri g\u00f6lgesine toplamak i\u00e7in anlatt\u0131 hik\u00e2yesini. Okumak size kald\u0131&#8230; <\/p>\n","protected":false},"excerpt":{"rendered":"<p>Zaman, ilk yazd\u0131. \u00c7i\u00e7eklendi \u00f6nce, sonra \u00e7i\u00e7ekler zeytine d\u00f6n\u00fc\u015ft\u00fc. Kendi i\u00e7inde ay\u0131klad\u0131 iyilerini. K\u00f6t\u00fcleri d\u00f6k\u00fcld\u00fc. B\u00fcy\u00fcmeye koyuldu ard\u0131ndan. Demlendi zeytinler. \u0130\u00e7leri doldu, ye\u015fillendi, sarard\u0131 ve karard\u0131.<span class=\"excerpt-hellip\"> [\u2026]<\/span><\/p>\n","protected":false},"featured_media":0,"template":"","meta":{"_monsterinsights_skip_tracking":false,"_monsterinsights_sitenote_active":false,"_monsterinsights_sitenote_note":"","_monsterinsights_sitenote_category":0},"product_brand":[],"product_cat":[12274,12284],"product_tag":[],"class_list":{"0":"post-742623","1":"product","2":"type-product","3":"status-publish","5":"product_cat-cocuk-ve-genclik-kitaplari","6":"product_cat-hikayeler","7":"pa_cilt-ciltsiz","8":"pa_tur-kitap","9":"pa_yayinevi-sapiens-yayinlari","10":"pa_yazar-gunsu-baser","12":"first","13":"instock","14":"sale","15":"shipping-taxable","16":"purchasable","17":"product-type-simple"},"_links":{"self":[{"href":"https:\/\/roveyayinevi.com.tr\/index.php\/wp-json\/wp\/v2\/product\/742623","targetHints":{"allow":["GET"]}}],"collection":[{"href":"https:\/\/roveyayinevi.com.tr\/index.php\/wp-json\/wp\/v2\/product"}],"about":[{"href":"https:\/\/roveyayinevi.com.tr\/index.php\/wp-json\/wp\/v2\/types\/product"}],"wp:attachment":[{"href":"https:\/\/roveyayinevi.com.tr\/index.php\/wp-json\/wp\/v2\/media?parent=742623"}],"wp:term":[{"taxonomy":"product_brand","embeddable":true,"href":"https:\/\/roveyayinevi.com.tr\/index.php\/wp-json\/wp\/v2\/product_brand?post=742623"},{"taxonomy":"product_cat","embeddable":true,"href":"https:\/\/roveyayinevi.com.tr\/index.php\/wp-json\/wp\/v2\/product_cat?post=742623"},{"taxonomy":"product_tag","embeddable":true,"href":"https:\/\/roveyayinevi.com.tr\/index.php\/wp-json\/wp\/v2\/product_tag?post=742623"}],"curies":[{"name":"wp","href":"https:\/\/api.w.org\/{rel}","templated":true}]}}