{"id":742621,"date":"2025-08-28T01:15:53","date_gmt":"2025-08-27T22:15:53","guid":{"rendered":"https:\/\/roveyayinevi.com.tr\/index.php\/urun\/kuslar-ve-deliler\/"},"modified":"2026-04-16T02:53:48","modified_gmt":"2026-04-15T23:53:48","slug":"kuslar-ve-deliler","status":"publish","type":"product","link":"https:\/\/roveyayinevi.com.tr\/index.php\/urun\/kuslar-ve-deliler\/","title":{"rendered":"Ku\u015flar ve Deliler"},"content":{"rendered":"<p>\u00d6l\u00fcm haberi veren bir k\u00f6pek var. G\u00fcvercin y\u00fczl\u00fc adamlar&#8230; \u00d6yle bir g\u00fcn ki, rak\u0131n\u0131n yan\u0131nda bal\u0131k da gitmi\u015f gibi. Kan kokusu duyuluyor. Bir de \u00fcst\u00fcne kilometrelerce yol y\u00fcr\u00fcyen mevtalar&#8230;   Ula\u015f Ay, yepyeni bir dille \u00e7\u0131k\u0131yor kar\u015f\u0131m\u0131za. \u0130nsan ruhunun \u00e7ukurlar\u0131na giriyor tek tek.   Ku\u015flar ve Deliler, iz b\u0131rakan bir grup hik\u00e2ye. Ku\u015flar gibi \u00f6zg\u00fcr, deliler gibi g\u00f6nl\u00fcnce&#8230;. <\/p>\n","protected":false},"excerpt":{"rendered":"<p>\u00d6l\u00fcm haberi veren bir k\u00f6pek var. G\u00fcvercin y\u00fczl\u00fc adamlar&#8230; \u00d6yle bir g\u00fcn ki, rak\u0131n\u0131n yan\u0131nda bal\u0131k da gitmi\u015f gibi. Kan kokusu duyuluyor. Bir de \u00fcst\u00fcne kilometrelerce<span class=\"excerpt-hellip\"> [\u2026]<\/span><\/p>\n","protected":false},"featured_media":0,"template":"","meta":{"_monsterinsights_skip_tracking":false,"_monsterinsights_sitenote_active":false,"_monsterinsights_sitenote_note":"","_monsterinsights_sitenote_category":0},"product_brand":[],"product_cat":[12291,12711],"product_tag":[],"class_list":{"0":"post-742621","1":"product","2":"type-product","3":"status-publish","5":"product_cat-edebiyat","6":"product_cat-roman-oyku","7":"pa_cilt-ciltsiz","8":"pa_tur-kitap","9":"pa_yayinevi-sapiens-yayinlari","10":"pa_yazar-ulas-ay","12":"first","13":"instock","14":"sale","15":"shipping-taxable","16":"purchasable","17":"product-type-simple"},"_links":{"self":[{"href":"https:\/\/roveyayinevi.com.tr\/index.php\/wp-json\/wp\/v2\/product\/742621","targetHints":{"allow":["GET"]}}],"collection":[{"href":"https:\/\/roveyayinevi.com.tr\/index.php\/wp-json\/wp\/v2\/product"}],"about":[{"href":"https:\/\/roveyayinevi.com.tr\/index.php\/wp-json\/wp\/v2\/types\/product"}],"wp:attachment":[{"href":"https:\/\/roveyayinevi.com.tr\/index.php\/wp-json\/wp\/v2\/media?parent=742621"}],"wp:term":[{"taxonomy":"product_brand","embeddable":true,"href":"https:\/\/roveyayinevi.com.tr\/index.php\/wp-json\/wp\/v2\/product_brand?post=742621"},{"taxonomy":"product_cat","embeddable":true,"href":"https:\/\/roveyayinevi.com.tr\/index.php\/wp-json\/wp\/v2\/product_cat?post=742621"},{"taxonomy":"product_tag","embeddable":true,"href":"https:\/\/roveyayinevi.com.tr\/index.php\/wp-json\/wp\/v2\/product_tag?post=742621"}],"curies":[{"name":"wp","href":"https:\/\/api.w.org\/{rel}","templated":true}]}}