{"id":742620,"date":"2025-08-28T01:15:52","date_gmt":"2025-08-27T22:15:52","guid":{"rendered":"https:\/\/roveyayinevi.com.tr\/index.php\/urun\/kac-kisi-kaldik-ankarada\/"},"modified":"2026-03-28T02:57:52","modified_gmt":"2026-03-27T23:57:52","slug":"kac-kisi-kaldik-ankarada","status":"publish","type":"product","link":"https:\/\/roveyayinevi.com.tr\/index.php\/urun\/kac-kisi-kaldik-ankarada\/","title":{"rendered":"Ka\u00e7 Ki\u015fi Kald\u0131k Ankara\u2019da?"},"content":{"rendered":"<p>\u00d6zg\u00fcn T\u00fcrkeli Pencereden g\u00f6r\u00fclen bir t\u00fcm\u00fcl\u00fcs\u00fcn hat\u0131r\u0131na ba\u015fl\u0131yor her \u015fey. Sabiha G\u00f6k\u00e7en, Vecihi H\u00fcrku\u015f, Sabahattin Ali bulu\u015fuyor bir \u015fehrin kav\u015fa\u011f\u0131nda. Onlara daha kimler ve neler kat\u0131l\u0131yor. Rasattepe an\u0131t bir kabire d\u00f6n\u00fc\u015f\u00fcyor, \u00fc\u00e7 garip \u015fair bir bankta bulu\u015fuyor, bir park\u0131 ku\u011fular g\u00fczelle\u015ftiriyor. Ka\u00e7 Ki\u015fi Kald\u0131k Ankara&#8217;da? sorusu, ba\u015fkentin k\u00fclt\u00fcr\u00fcnden bir demet \u00e7i\u00e7e\u011fi, g\u00fczellikten anlayanlara sunuyor. <\/p>\n","protected":false},"excerpt":{"rendered":"<p>\u00d6zg\u00fcn T\u00fcrkeli Pencereden g\u00f6r\u00fclen bir t\u00fcm\u00fcl\u00fcs\u00fcn hat\u0131r\u0131na ba\u015fl\u0131yor her \u015fey. Sabiha G\u00f6k\u00e7en, Vecihi H\u00fcrku\u015f, Sabahattin Ali bulu\u015fuyor bir \u015fehrin kav\u015fa\u011f\u0131nda. Onlara daha kimler ve neler kat\u0131l\u0131yor.<span class=\"excerpt-hellip\"> [\u2026]<\/span><\/p>\n","protected":false},"featured_media":0,"template":"","meta":{"_monsterinsights_skip_tracking":false,"_monsterinsights_sitenote_active":false,"_monsterinsights_sitenote_note":"","_monsterinsights_sitenote_category":0},"product_brand":[],"product_cat":[12291,12711],"product_tag":[],"class_list":{"0":"post-742620","1":"product","2":"type-product","3":"status-publish","5":"product_cat-edebiyat","6":"product_cat-roman-oyku","7":"pa_cilt-ciltsiz","8":"pa_tur-kitap","9":"pa_yayinevi-sapiens-yayinlari","10":"pa_yazar-ozgun-turkeli","12":"first","13":"instock","14":"sale","15":"shipping-taxable","16":"purchasable","17":"product-type-simple"},"_links":{"self":[{"href":"https:\/\/roveyayinevi.com.tr\/index.php\/wp-json\/wp\/v2\/product\/742620","targetHints":{"allow":["GET"]}}],"collection":[{"href":"https:\/\/roveyayinevi.com.tr\/index.php\/wp-json\/wp\/v2\/product"}],"about":[{"href":"https:\/\/roveyayinevi.com.tr\/index.php\/wp-json\/wp\/v2\/types\/product"}],"wp:attachment":[{"href":"https:\/\/roveyayinevi.com.tr\/index.php\/wp-json\/wp\/v2\/media?parent=742620"}],"wp:term":[{"taxonomy":"product_brand","embeddable":true,"href":"https:\/\/roveyayinevi.com.tr\/index.php\/wp-json\/wp\/v2\/product_brand?post=742620"},{"taxonomy":"product_cat","embeddable":true,"href":"https:\/\/roveyayinevi.com.tr\/index.php\/wp-json\/wp\/v2\/product_cat?post=742620"},{"taxonomy":"product_tag","embeddable":true,"href":"https:\/\/roveyayinevi.com.tr\/index.php\/wp-json\/wp\/v2\/product_tag?post=742620"}],"curies":[{"name":"wp","href":"https:\/\/api.w.org\/{rel}","templated":true}]}}