{"id":742618,"date":"2025-08-28T01:15:49","date_gmt":"2025-08-27T22:15:49","guid":{"rendered":"https:\/\/roveyayinevi.com.tr\/index.php\/urun\/gunun-sonu\/"},"modified":"2026-04-16T02:53:48","modified_gmt":"2026-04-15T23:53:48","slug":"gunun-sonu","status":"publish","type":"product","link":"https:\/\/roveyayinevi.com.tr\/index.php\/urun\/gunun-sonu\/","title":{"rendered":"G\u00fcn\u00fcn Sonu"},"content":{"rendered":"<p>d\u00f6rt mezard\u00f6rt tabutiki ceset  \u0130kiz karde\u015fler Jude ve Jessica Day, onlar\u0131n yas\u0131n\u0131 tutan aile ve arkada\u015flar\u0131ndan birka\u00e7 metre \u00f6tede durarak, hem kendilerinin hem de ebeveynlerinin cenazesine tan\u0131k olurlar. Bildikleri tek hayattan kopar\u0131lan ikizler, ya\u015famak i\u00e7in kimlik de\u011fi\u015ftirmek ve San Francisco\u2019ya sonsuza dek veda etmek zorunda kal\u0131rlar.Alt\u0131 ay sonra, se\u00e7kin kendini savunma becerilerine ve bela tutkusuna sahip iki uyumsuz olarak, dedikodular \u00fczerine in\u015fa edilmi\u015f bir emekli kasabas\u0131na y\u0131ld\u0131r\u0131m gibi d\u00fc\u015ferler. Yeni hayatlar\u0131n\u0131n ilk g\u00fcn\u00fcne Jackson ve Jillian Knightolarak ad\u0131m atarlar.Jackson, ge\u00e7mi\u015fini temizleyerek yeni ba\u015flang\u0131c\u0131n\u0131 kutlar. Fakat Jillian\u2019\u0131n ge\u00e7mi\u015fi ruhuna kaz\u0131nm\u0131\u015ft\u0131r: \u00f6l\u00fcmler, delilik, kanl\u0131 an\u0131lar ve Dr. Luke Jones. Kefaret \u015fans\u0131 ise kap\u0131 kom\u015fusu k\u0131demli ba\u015f\u00e7avu\u015f Monaghan \u015feklinde gelir. Tehlikeli derecede \u00e7ekici ve orduya y\u0131llarca hizmet etmenin duygusal sorunlar\u0131yla dolu bu huysuz adam, Jillian\u2019\u0131n yeni hayat\u0131nda yer edinebilecek midir?B\u0131rak, ba\u015ftan ba\u015fla, kimseyi \u00f6ld\u00fcrme ve\u2026Kimsenin \u00f6l\u00fcleri uyand\u0131rmamas\u0131 i\u00e7in dua et.<\/p>\n","protected":false},"excerpt":{"rendered":"<p>d\u00f6rt mezard\u00f6rt tabutiki ceset \u0130kiz karde\u015fler Jude ve Jessica Day, onlar\u0131n yas\u0131n\u0131 tutan aile ve arkada\u015flar\u0131ndan birka\u00e7 metre \u00f6tede durarak, hem kendilerinin hem de ebeveynlerinin cenazesine<span class=\"excerpt-hellip\"> [\u2026]<\/span><\/p>\n","protected":false},"featured_media":0,"template":"","meta":{"_monsterinsights_skip_tracking":false,"_monsterinsights_sitenote_active":false,"_monsterinsights_sitenote_note":"","_monsterinsights_sitenote_category":0},"product_brand":[],"product_cat":[12291,12711],"product_tag":[],"class_list":{"0":"post-742618","1":"product","2":"type-product","3":"status-publish","5":"product_cat-edebiyat","6":"product_cat-roman-oyku","7":"pa_cilt-ciltsiz","8":"pa_tur-kitap","9":"pa_yayinevi-nemesis-kitap","10":"pa_yazar-jewel-e-ann","12":"first","13":"instock","14":"sale","15":"shipping-taxable","16":"purchasable","17":"product-type-simple"},"_links":{"self":[{"href":"https:\/\/roveyayinevi.com.tr\/index.php\/wp-json\/wp\/v2\/product\/742618","targetHints":{"allow":["GET"]}}],"collection":[{"href":"https:\/\/roveyayinevi.com.tr\/index.php\/wp-json\/wp\/v2\/product"}],"about":[{"href":"https:\/\/roveyayinevi.com.tr\/index.php\/wp-json\/wp\/v2\/types\/product"}],"wp:attachment":[{"href":"https:\/\/roveyayinevi.com.tr\/index.php\/wp-json\/wp\/v2\/media?parent=742618"}],"wp:term":[{"taxonomy":"product_brand","embeddable":true,"href":"https:\/\/roveyayinevi.com.tr\/index.php\/wp-json\/wp\/v2\/product_brand?post=742618"},{"taxonomy":"product_cat","embeddable":true,"href":"https:\/\/roveyayinevi.com.tr\/index.php\/wp-json\/wp\/v2\/product_cat?post=742618"},{"taxonomy":"product_tag","embeddable":true,"href":"https:\/\/roveyayinevi.com.tr\/index.php\/wp-json\/wp\/v2\/product_tag?post=742618"}],"curies":[{"name":"wp","href":"https:\/\/api.w.org\/{rel}","templated":true}]}}