{"id":742613,"date":"2025-08-28T01:15:43","date_gmt":"2025-08-27T22:15:43","guid":{"rendered":"https:\/\/roveyayinevi.com.tr\/index.php\/urun\/melisa-ile-oyun-zamani\/"},"modified":"2026-04-16T02:53:48","modified_gmt":"2026-04-15T23:53:48","slug":"melisa-ile-oyun-zamani","status":"publish","type":"product","link":"https:\/\/roveyayinevi.com.tr\/index.php\/urun\/melisa-ile-oyun-zamani\/","title":{"rendered":"Melisa \u0130le Oyun Zaman\u0131"},"content":{"rendered":"<p>A\u00e7\u0131k havada vakit ge\u00e7irmek, u\u00e7urtma u\u00e7urmak, ev yap\u0131m\u0131 limonata i\u00e7mek, arkada\u015flarla kost\u00fcml\u00fc partiye kat\u0131lmak gibisi var m\u0131? \u015eimdi, Melisa ile oyun ve e\u011flence zaman\u0131! Minikler, Melisa\u2019n\u0131n mini hik\u00e2yelerini okurken nesneleri ay\u0131rt etme, renkleri tan\u0131ma ve sayma becerilerini geli\u015ftirecek. <\/p>\n","protected":false},"excerpt":{"rendered":"<p>A\u00e7\u0131k havada vakit ge\u00e7irmek, u\u00e7urtma u\u00e7urmak, ev yap\u0131m\u0131 limonata i\u00e7mek, arkada\u015flarla kost\u00fcml\u00fc partiye kat\u0131lmak gibisi var m\u0131? \u015eimdi, Melisa ile oyun ve e\u011flence zaman\u0131! Minikler, Melisa\u2019n\u0131n<span class=\"excerpt-hellip\"> [\u2026]<\/span><\/p>\n","protected":false},"featured_media":0,"template":"","meta":{"_monsterinsights_skip_tracking":false,"_monsterinsights_sitenote_active":false,"_monsterinsights_sitenote_note":"","_monsterinsights_sitenote_category":0},"product_brand":[],"product_cat":[12274,12518],"product_tag":[],"class_list":{"0":"post-742613","1":"product","2":"type-product","3":"status-publish","5":"product_cat-cocuk-ve-genclik-kitaplari","6":"product_cat-okul-oncesi-kitaplar","7":"pa_cilt-ciltsiz","8":"pa_tur-kitap","9":"pa_yayinevi-is-bankasi-kultur-yayinlari","10":"pa_yazar-natalie-marshall","12":"first","13":"instock","14":"sale","15":"shipping-taxable","16":"purchasable","17":"product-type-simple"},"_links":{"self":[{"href":"https:\/\/roveyayinevi.com.tr\/index.php\/wp-json\/wp\/v2\/product\/742613","targetHints":{"allow":["GET"]}}],"collection":[{"href":"https:\/\/roveyayinevi.com.tr\/index.php\/wp-json\/wp\/v2\/product"}],"about":[{"href":"https:\/\/roveyayinevi.com.tr\/index.php\/wp-json\/wp\/v2\/types\/product"}],"wp:attachment":[{"href":"https:\/\/roveyayinevi.com.tr\/index.php\/wp-json\/wp\/v2\/media?parent=742613"}],"wp:term":[{"taxonomy":"product_brand","embeddable":true,"href":"https:\/\/roveyayinevi.com.tr\/index.php\/wp-json\/wp\/v2\/product_brand?post=742613"},{"taxonomy":"product_cat","embeddable":true,"href":"https:\/\/roveyayinevi.com.tr\/index.php\/wp-json\/wp\/v2\/product_cat?post=742613"},{"taxonomy":"product_tag","embeddable":true,"href":"https:\/\/roveyayinevi.com.tr\/index.php\/wp-json\/wp\/v2\/product_tag?post=742613"}],"curies":[{"name":"wp","href":"https:\/\/api.w.org\/{rel}","templated":true}]}}