{"id":742611,"date":"2025-08-28T01:15:40","date_gmt":"2025-08-27T22:15:40","guid":{"rendered":"https:\/\/roveyayinevi.com.tr\/index.php\/urun\/pimbu-tatilde\/"},"modified":"2026-04-16T02:53:48","modified_gmt":"2026-04-15T23:53:48","slug":"pimbu-tatilde","status":"publish","type":"product","link":"https:\/\/roveyayinevi.com.tr\/index.php\/urun\/pimbu-tatilde\/","title":{"rendered":"Pimbu Tatilde"},"content":{"rendered":"<p>Pimbu ailesiyle birlikte tatile gidece\u011fi i\u00e7in \u00e7ok heyecanl\u0131! Hadi maceradan maceraya ko\u015fan Pimbu ve ailesine sen de e\u015flik et\u2026 <\/p>\n","protected":false},"excerpt":{"rendered":"<p>Pimbu ailesiyle birlikte tatile gidece\u011fi i\u00e7in \u00e7ok heyecanl\u0131! Hadi maceradan maceraya ko\u015fan Pimbu ve ailesine sen de e\u015flik et\u2026<\/p>\n","protected":false},"featured_media":0,"template":"","meta":{"_monsterinsights_skip_tracking":false,"_monsterinsights_sitenote_active":false,"_monsterinsights_sitenote_note":"","_monsterinsights_sitenote_category":0},"product_brand":[],"product_cat":[12274,12518],"product_tag":[],"class_list":{"0":"post-742611","1":"product","2":"type-product","3":"status-publish","5":"product_cat-cocuk-ve-genclik-kitaplari","6":"product_cat-okul-oncesi-kitaplar","7":"pa_cilt-ciltsiz","8":"pa_tur-kitap","9":"pa_yayinevi-is-bankasi-kultur-yayinlari","10":"pa_yazar-nini-alaska","12":"first","13":"instock","14":"sale","15":"shipping-taxable","16":"purchasable","17":"product-type-simple"},"_links":{"self":[{"href":"https:\/\/roveyayinevi.com.tr\/index.php\/wp-json\/wp\/v2\/product\/742611","targetHints":{"allow":["GET"]}}],"collection":[{"href":"https:\/\/roveyayinevi.com.tr\/index.php\/wp-json\/wp\/v2\/product"}],"about":[{"href":"https:\/\/roveyayinevi.com.tr\/index.php\/wp-json\/wp\/v2\/types\/product"}],"wp:attachment":[{"href":"https:\/\/roveyayinevi.com.tr\/index.php\/wp-json\/wp\/v2\/media?parent=742611"}],"wp:term":[{"taxonomy":"product_brand","embeddable":true,"href":"https:\/\/roveyayinevi.com.tr\/index.php\/wp-json\/wp\/v2\/product_brand?post=742611"},{"taxonomy":"product_cat","embeddable":true,"href":"https:\/\/roveyayinevi.com.tr\/index.php\/wp-json\/wp\/v2\/product_cat?post=742611"},{"taxonomy":"product_tag","embeddable":true,"href":"https:\/\/roveyayinevi.com.tr\/index.php\/wp-json\/wp\/v2\/product_tag?post=742611"}],"curies":[{"name":"wp","href":"https:\/\/api.w.org\/{rel}","templated":true}]}}