{"id":742609,"date":"2025-08-28T01:15:38","date_gmt":"2025-08-27T22:15:38","guid":{"rendered":"https:\/\/roveyayinevi.com.tr\/index.php\/urun\/minik-orumcek-dogum-gununu-kutluyor\/"},"modified":"2025-11-10T08:09:53","modified_gmt":"2025-11-10T05:09:53","slug":"minik-orumcek-dogum-gununu-kutluyor","status":"publish","type":"product","link":"https:\/\/roveyayinevi.com.tr\/index.php\/urun\/minik-orumcek-dogum-gununu-kutluyor\/","title":{"rendered":"Minik \u00d6r\u00fcmcek Do\u011fum G\u00fcn\u00fcn\u00fc Kutluyor"},"content":{"rendered":"<p>Minik, do\u011fum g\u00fcn\u00fcn\u00fc kutlayaca\u011f\u0131 i\u00e7in \u00e7ok heyecanl\u0131yd\u0131. Evini \u00e7i\u00e7eklerle s\u00fcsledikten sonra davetlileri beklemeye ba\u015flad\u0131. \u00c7ok uzaklardan, ta Afrika\u2019dan \u00f6zel hediyesiyle gelen s\u00fcrpriz konuk, t\u00fcm davetlilerin ilgisini \u00e7ekti. Farkl\u0131 k\u00fclt\u00fcrleri tan\u0131yabilece\u011finiz e\u011flenceli bir \u00f6yk\u00fc\u2026 <\/p>\n","protected":false},"excerpt":{"rendered":"<p>Minik, do\u011fum g\u00fcn\u00fcn\u00fc kutlayaca\u011f\u0131 i\u00e7in \u00e7ok heyecanl\u0131yd\u0131. Evini \u00e7i\u00e7eklerle s\u00fcsledikten sonra davetlileri beklemeye ba\u015flad\u0131. \u00c7ok uzaklardan, ta Afrika\u2019dan \u00f6zel hediyesiyle gelen s\u00fcrpriz konuk, t\u00fcm davetlilerin ilgisini<span class=\"excerpt-hellip\"> [\u2026]<\/span><\/p>\n","protected":false},"featured_media":0,"template":"","meta":{"_monsterinsights_skip_tracking":false,"_monsterinsights_sitenote_active":false,"_monsterinsights_sitenote_note":"","_monsterinsights_sitenote_category":0},"product_brand":[],"product_cat":[12274,12518],"product_tag":[],"class_list":{"0":"post-742609","1":"product","2":"type-product","3":"status-publish","5":"product_cat-cocuk-ve-genclik-kitaplari","6":"product_cat-okul-oncesi-kitaplar","7":"pa_cilt-ciltsiz","8":"pa_tur-kitap","9":"pa_yayinevi-is-bankasi-kultur-yayinlari","10":"pa_yazar-diana-amft","12":"first","13":"instock","14":"sale","15":"shipping-taxable","16":"purchasable","17":"product-type-simple"},"_links":{"self":[{"href":"https:\/\/roveyayinevi.com.tr\/index.php\/wp-json\/wp\/v2\/product\/742609","targetHints":{"allow":["GET"]}}],"collection":[{"href":"https:\/\/roveyayinevi.com.tr\/index.php\/wp-json\/wp\/v2\/product"}],"about":[{"href":"https:\/\/roveyayinevi.com.tr\/index.php\/wp-json\/wp\/v2\/types\/product"}],"wp:attachment":[{"href":"https:\/\/roveyayinevi.com.tr\/index.php\/wp-json\/wp\/v2\/media?parent=742609"}],"wp:term":[{"taxonomy":"product_brand","embeddable":true,"href":"https:\/\/roveyayinevi.com.tr\/index.php\/wp-json\/wp\/v2\/product_brand?post=742609"},{"taxonomy":"product_cat","embeddable":true,"href":"https:\/\/roveyayinevi.com.tr\/index.php\/wp-json\/wp\/v2\/product_cat?post=742609"},{"taxonomy":"product_tag","embeddable":true,"href":"https:\/\/roveyayinevi.com.tr\/index.php\/wp-json\/wp\/v2\/product_tag?post=742609"}],"curies":[{"name":"wp","href":"https:\/\/api.w.org\/{rel}","templated":true}]}}