{"id":742608,"date":"2025-08-28T01:15:37","date_gmt":"2025-08-27T22:15:37","guid":{"rendered":"https:\/\/roveyayinevi.com.tr\/index.php\/urun\/okula-destek-ilk-matematik-kitabim\/"},"modified":"2026-02-03T03:08:35","modified_gmt":"2026-02-03T00:08:35","slug":"okula-destek-ilk-matematik-kitabim","status":"publish","type":"product","link":"https:\/\/roveyayinevi.com.tr\/index.php\/urun\/okula-destek-ilk-matematik-kitabim\/","title":{"rendered":"Okula Destek \u0130lk Matematik Kitab\u0131m"},"content":{"rendered":"<p>Sevimli resimlerle dolu bu al\u0131\u015ft\u0131rma kitab\u0131, okula ba\u015flayan ve matematik dersine ilk ad\u0131mlar\u0131n\u0131 atan \u00e7ocuklar i\u00e7in haz\u0131rlanm\u0131\u015ft\u0131r. *Say\u0131lar, \u015fekiller ve temel i\u015flemleri \u00f6\u011frenmeye yard\u0131m edecek e\u011flenceli al\u0131\u015ft\u0131rmalar *Problem \u00e7\u00f6zme becerilerini geli\u015ftiren zek\u00e2 al\u0131\u015ft\u0131rmalar\u0131 *Dikkat ve odaklanma \u00e7al\u0131\u015fmalar\u0131 <\/p>\n","protected":false},"excerpt":{"rendered":"<p>Sevimli resimlerle dolu bu al\u0131\u015ft\u0131rma kitab\u0131, okula ba\u015flayan ve matematik dersine ilk ad\u0131mlar\u0131n\u0131 atan \u00e7ocuklar i\u00e7in haz\u0131rlanm\u0131\u015ft\u0131r. *Say\u0131lar, \u015fekiller ve temel i\u015flemleri \u00f6\u011frenmeye yard\u0131m edecek e\u011flenceli<span class=\"excerpt-hellip\"> [\u2026]<\/span><\/p>\n","protected":false},"featured_media":0,"template":"","meta":{"_monsterinsights_skip_tracking":false,"_monsterinsights_sitenote_active":false,"_monsterinsights_sitenote_note":"","_monsterinsights_sitenote_category":0},"product_brand":[],"product_cat":[12274,15842],"product_tag":[],"class_list":{"0":"post-742608","1":"product","2":"type-product","3":"status-publish","5":"product_cat-cocuk-ve-genclik-kitaplari","6":"product_cat-egitici-kitaplar","7":"pa_cilt-ciltsiz","8":"pa_tur-kitap","9":"pa_yayinevi-is-bankasi-kultur-yayinlari","10":"pa_yazar-paul-virr","12":"first","13":"instock","14":"sale","15":"shipping-taxable","16":"purchasable","17":"product-type-simple"},"_links":{"self":[{"href":"https:\/\/roveyayinevi.com.tr\/index.php\/wp-json\/wp\/v2\/product\/742608","targetHints":{"allow":["GET"]}}],"collection":[{"href":"https:\/\/roveyayinevi.com.tr\/index.php\/wp-json\/wp\/v2\/product"}],"about":[{"href":"https:\/\/roveyayinevi.com.tr\/index.php\/wp-json\/wp\/v2\/types\/product"}],"wp:attachment":[{"href":"https:\/\/roveyayinevi.com.tr\/index.php\/wp-json\/wp\/v2\/media?parent=742608"}],"wp:term":[{"taxonomy":"product_brand","embeddable":true,"href":"https:\/\/roveyayinevi.com.tr\/index.php\/wp-json\/wp\/v2\/product_brand?post=742608"},{"taxonomy":"product_cat","embeddable":true,"href":"https:\/\/roveyayinevi.com.tr\/index.php\/wp-json\/wp\/v2\/product_cat?post=742608"},{"taxonomy":"product_tag","embeddable":true,"href":"https:\/\/roveyayinevi.com.tr\/index.php\/wp-json\/wp\/v2\/product_tag?post=742608"}],"curies":[{"name":"wp","href":"https:\/\/api.w.org\/{rel}","templated":true}]}}