{"id":742607,"date":"2025-08-28T01:15:36","date_gmt":"2025-08-27T22:15:36","guid":{"rendered":"https:\/\/roveyayinevi.com.tr\/index.php\/urun\/biz-her-sorunu-cozeriz-cocuklar-icin-21-yuzyil-becerileri-elestirel-dusunme-ve-problem-cozme\/"},"modified":"2026-04-16T02:53:48","modified_gmt":"2026-04-15T23:53:48","slug":"biz-her-sorunu-cozeriz-cocuklar-icin-21-yuzyil-becerileri-elestirel-dusunme-ve-problem-cozme","status":"publish","type":"product","link":"https:\/\/roveyayinevi.com.tr\/index.php\/urun\/biz-her-sorunu-cozeriz-cocuklar-icin-21-yuzyil-becerileri-elestirel-dusunme-ve-problem-cozme\/","title":{"rendered":"Biz Her Sorunu \u00c7\u00f6zeriz-\u00c7ocuklar \u0130\u00e7in 21. Y\u00fczy\u0131l Becerileri-Ele\u015ftirel D\u00fc\u015f\u00fcnme ve Problem \u00c7\u00f6zme"},"content":{"rendered":"<p>Ozan ve Nilay, okulda d\u00fczenlenen film yar\u0131\u015fmas\u0131na kat\u0131lacakt\u0131. Ama filmi yar\u0131\u015fmaya g\u00f6nderme tarihinin hat\u0131rlad\u0131klar\u0131ndan \u00e7ok daha erken oldu\u011funu \u00f6\u011frendiler. \u00dcstelik, hen\u00fcz filmin konusunu bile belirlememi\u015flerdi\u2026 \u0130ki arkada\u015f\u0131n, filmi yeti\u015ftirmek i\u00e7in k\u0131s\u0131tl\u0131 vakitlerini en verimli bi\u00e7imde kullanmas\u0131 gerekiyordu. Bunun i\u00e7in t\u00fcm olanaklar\u0131 ve zorlay\u0131c\u0131 ko\u015fullar\u0131 saptamalar\u0131, fikir al\u0131\u015f veri\u015fi yapmalar\u0131, en uygun senaryoyu se\u00e7meleri ve do\u011fru i\u015f b\u00f6l\u00fcm\u00fc yapmalar\u0131 \u015fartt\u0131. Acaba bu film maceras\u0131 nas\u0131l sonu\u00e7lanacak? 21. Y\u00fczy\u0131l becerileri, \u00e7ocuklar ve gen\u00e7lerin dijital \u00e7a\u011fda ba\u015far\u0131l\u0131 ve \u00fcretken olmalar\u0131 i\u00e7in ihtiya\u00e7 duyaca\u011f\u0131 ya\u015fam becerileridir. Bilgi ak\u0131\u015f\u0131n\u0131n ve ileti\u015fimin son derece h\u0131zlanarak \u00e7o\u011fald\u0131\u011f\u0131 bir d\u00fcnyada, \u00e7ocuklar ve gen\u00e7lerin bilgiyi do\u011fru kaynaklardan edinmeyi bilmesi, do\u011fru anlamas\u0131, kullanmas\u0131 ve payla\u015fmas\u0131 b\u00fcy\u00fck \u00f6nem ta\u015f\u0131yor. \u00c7ocuklar i\u00e7in 21. Y\u00fczy\u0131l Becerileri serisi, ele\u015ftirel d\u00fc\u015f\u00fcnme ve problem \u00e7\u00f6zme, bilgi okur yazarl\u0131\u011f\u0131, do\u011fru ileti\u015fim kurma, bilimsel ara\u015ft\u0131rma gibi becerilerin kazand\u0131r\u0131lmas\u0131na destek olma amac\u0131yla haz\u0131rlanm\u0131\u015ft\u0131r. <\/p>\n","protected":false},"excerpt":{"rendered":"<p>Ozan ve Nilay, okulda d\u00fczenlenen film yar\u0131\u015fmas\u0131na kat\u0131lacakt\u0131. Ama filmi yar\u0131\u015fmaya g\u00f6nderme tarihinin hat\u0131rlad\u0131klar\u0131ndan \u00e7ok daha erken oldu\u011funu \u00f6\u011frendiler. \u00dcstelik, hen\u00fcz filmin konusunu bile belirlememi\u015flerdi\u2026 \u0130ki<span class=\"excerpt-hellip\"> [\u2026]<\/span><\/p>\n","protected":false},"featured_media":0,"template":"","meta":{"_monsterinsights_skip_tracking":false,"_monsterinsights_sitenote_active":false,"_monsterinsights_sitenote_note":"","_monsterinsights_sitenote_category":0},"product_brand":[],"product_cat":[12274,15842],"product_tag":[],"class_list":{"0":"post-742607","1":"product","2":"type-product","3":"status-publish","5":"product_cat-cocuk-ve-genclik-kitaplari","6":"product_cat-egitici-kitaplar","7":"pa_cilt-ciltsiz","8":"pa_tur-kitap","9":"pa_yayinevi-is-bankasi-kultur-yayinlari","10":"pa_yazar-ezgi-emel","12":"first","13":"instock","14":"sale","15":"shipping-taxable","16":"purchasable","17":"product-type-simple"},"_links":{"self":[{"href":"https:\/\/roveyayinevi.com.tr\/index.php\/wp-json\/wp\/v2\/product\/742607","targetHints":{"allow":["GET"]}}],"collection":[{"href":"https:\/\/roveyayinevi.com.tr\/index.php\/wp-json\/wp\/v2\/product"}],"about":[{"href":"https:\/\/roveyayinevi.com.tr\/index.php\/wp-json\/wp\/v2\/types\/product"}],"wp:attachment":[{"href":"https:\/\/roveyayinevi.com.tr\/index.php\/wp-json\/wp\/v2\/media?parent=742607"}],"wp:term":[{"taxonomy":"product_brand","embeddable":true,"href":"https:\/\/roveyayinevi.com.tr\/index.php\/wp-json\/wp\/v2\/product_brand?post=742607"},{"taxonomy":"product_cat","embeddable":true,"href":"https:\/\/roveyayinevi.com.tr\/index.php\/wp-json\/wp\/v2\/product_cat?post=742607"},{"taxonomy":"product_tag","embeddable":true,"href":"https:\/\/roveyayinevi.com.tr\/index.php\/wp-json\/wp\/v2\/product_tag?post=742607"}],"curies":[{"name":"wp","href":"https:\/\/api.w.org\/{rel}","templated":true}]}}