{"id":742606,"date":"2025-08-28T01:15:35","date_gmt":"2025-08-27T22:15:35","guid":{"rendered":"https:\/\/roveyayinevi.com.tr\/index.php\/urun\/iste-mert-kamp-macerasi\/"},"modified":"2026-04-16T02:53:48","modified_gmt":"2026-04-15T23:53:48","slug":"iste-mert-kamp-macerasi","status":"publish","type":"product","link":"https:\/\/roveyayinevi.com.tr\/index.php\/urun\/iste-mert-kamp-macerasi\/","title":{"rendered":"\u0130\u015fte Mert- Kamp Maceras\u0131"},"content":{"rendered":"<p>KAZANIMLAR SER\u0130S\u0130   Mert, ailesiyle kampa gidiyor. \u00c7ad\u0131rda uyumay\u0131, kamp ate\u015finin ba\u015f\u0131nda oturmay\u0131 ve do\u011fay\u0131 ke\u015ffetmeyi \u00e7ok seviyor. Bu kamp maceras\u0131nda da harika bir \u015fey ke\u015ffetti. Ama iyi bir do\u011fa k\u00e2\u015fifinin baz\u0131 kurallara uymas\u0131, b\u00fcy\u00fcklerin s\u00f6ylediklerine kulak vermesi \u00e7ok \u00f6nemlidir. Bakal\u0131m Mert, bu seyahatte ne \u00f6\u011frenecek? Dikkatli ve tedbirli olman\u0131n, kurallara uyman\u0131n \u00f6nemini anlatan, heyecan dolu bir hik\u00e2ye. <\/p>\n","protected":false},"excerpt":{"rendered":"<p>KAZANIMLAR SER\u0130S\u0130 Mert, ailesiyle kampa gidiyor. \u00c7ad\u0131rda uyumay\u0131, kamp ate\u015finin ba\u015f\u0131nda oturmay\u0131 ve do\u011fay\u0131 ke\u015ffetmeyi \u00e7ok seviyor. Bu kamp maceras\u0131nda da harika bir \u015fey ke\u015ffetti. Ama<span class=\"excerpt-hellip\"> [\u2026]<\/span><\/p>\n","protected":false},"featured_media":0,"template":"","meta":{"_monsterinsights_skip_tracking":false,"_monsterinsights_sitenote_active":false,"_monsterinsights_sitenote_note":"","_monsterinsights_sitenote_category":0},"product_brand":[],"product_cat":[12689,12274],"product_tag":[],"class_list":{"0":"post-742606","1":"product","2":"type-product","3":"status-publish","5":"product_cat-cizgi-roman-cocuk-ve-genclik-kitaplari","6":"product_cat-cocuk-ve-genclik-kitaplari","7":"pa_cilt-ciltsiz","8":"pa_tur-kitap","9":"pa_yayinevi-is-bankasi-kultur-yayinlari","10":"pa_yazar-sally-rippin","12":"first","13":"instock","14":"sale","15":"shipping-taxable","16":"purchasable","17":"product-type-simple"},"_links":{"self":[{"href":"https:\/\/roveyayinevi.com.tr\/index.php\/wp-json\/wp\/v2\/product\/742606","targetHints":{"allow":["GET"]}}],"collection":[{"href":"https:\/\/roveyayinevi.com.tr\/index.php\/wp-json\/wp\/v2\/product"}],"about":[{"href":"https:\/\/roveyayinevi.com.tr\/index.php\/wp-json\/wp\/v2\/types\/product"}],"wp:attachment":[{"href":"https:\/\/roveyayinevi.com.tr\/index.php\/wp-json\/wp\/v2\/media?parent=742606"}],"wp:term":[{"taxonomy":"product_brand","embeddable":true,"href":"https:\/\/roveyayinevi.com.tr\/index.php\/wp-json\/wp\/v2\/product_brand?post=742606"},{"taxonomy":"product_cat","embeddable":true,"href":"https:\/\/roveyayinevi.com.tr\/index.php\/wp-json\/wp\/v2\/product_cat?post=742606"},{"taxonomy":"product_tag","embeddable":true,"href":"https:\/\/roveyayinevi.com.tr\/index.php\/wp-json\/wp\/v2\/product_tag?post=742606"}],"curies":[{"name":"wp","href":"https:\/\/api.w.org\/{rel}","templated":true}]}}