{"id":742605,"date":"2025-08-28T01:15:34","date_gmt":"2025-08-27T22:15:34","guid":{"rendered":"https:\/\/roveyayinevi.com.tr\/index.php\/urun\/tonti-firarda\/"},"modified":"2026-04-16T02:53:48","modified_gmt":"2026-04-15T23:53:48","slug":"tonti-firarda","status":"publish","type":"product","link":"https:\/\/roveyayinevi.com.tr\/index.php\/urun\/tonti-firarda\/","title":{"rendered":"Tonti Firarda"},"content":{"rendered":"<p>TONT\u0130, bir u\u00e7an tombul midilli. Onun her \u015feyi var. Yedi\u011fi bisk\u00fcviler \u00f6n\u00fcnde, yemedikleri arkas\u0131nda. En yak\u0131n arkada\u015f\u0131 Mert de yan\u0131 ba\u015f\u0131nda. BUSE BU\u011eULU \u00fcnl\u00fc bir pop y\u0131ld\u0131z\u0131. Onun da her \u015feyi var. Sadece ilgin\u00e7 ve e\u015fi benzeri olmayan bir evcil hayvan\u0131 yok. U\u00e7an tombul midilli t\u00fcr\u00fcnden bir evcil hayvan\u2026 Tonti ka\u00e7\u0131r\u0131l\u0131nca Mert ve k\u0131z karde\u015fi Defne, Tonti\u2019nin yard\u0131m\u0131na ko\u015fuyor. \u0130ki karde\u015f Tonti\u2019den vazge\u00e7memekte kararl\u0131. TONT\u0130 SERBEST KALMALI! <\/p>\n","protected":false},"excerpt":{"rendered":"<p>TONT\u0130, bir u\u00e7an tombul midilli. Onun her \u015feyi var. Yedi\u011fi bisk\u00fcviler \u00f6n\u00fcnde, yemedikleri arkas\u0131nda. En yak\u0131n arkada\u015f\u0131 Mert de yan\u0131 ba\u015f\u0131nda. BUSE BU\u011eULU \u00fcnl\u00fc bir pop<span class=\"excerpt-hellip\"> [\u2026]<\/span><\/p>\n","protected":false},"featured_media":0,"template":"","meta":{"_monsterinsights_skip_tracking":false,"_monsterinsights_sitenote_active":false,"_monsterinsights_sitenote_note":"","_monsterinsights_sitenote_category":0},"product_brand":[],"product_cat":[12689,12274],"product_tag":[],"class_list":{"0":"post-742605","1":"product","2":"type-product","3":"status-publish","5":"product_cat-cizgi-roman-cocuk-ve-genclik-kitaplari","6":"product_cat-cocuk-ve-genclik-kitaplari","7":"pa_cilt-ciltsiz","8":"pa_tur-kitap","9":"pa_yayinevi-is-bankasi-kultur-yayinlari","10":"pa_yazar-philip-reeve-sarah-mcintyre","12":"first","13":"instock","14":"sale","15":"shipping-taxable","16":"purchasable","17":"product-type-simple"},"_links":{"self":[{"href":"https:\/\/roveyayinevi.com.tr\/index.php\/wp-json\/wp\/v2\/product\/742605","targetHints":{"allow":["GET"]}}],"collection":[{"href":"https:\/\/roveyayinevi.com.tr\/index.php\/wp-json\/wp\/v2\/product"}],"about":[{"href":"https:\/\/roveyayinevi.com.tr\/index.php\/wp-json\/wp\/v2\/types\/product"}],"wp:attachment":[{"href":"https:\/\/roveyayinevi.com.tr\/index.php\/wp-json\/wp\/v2\/media?parent=742605"}],"wp:term":[{"taxonomy":"product_brand","embeddable":true,"href":"https:\/\/roveyayinevi.com.tr\/index.php\/wp-json\/wp\/v2\/product_brand?post=742605"},{"taxonomy":"product_cat","embeddable":true,"href":"https:\/\/roveyayinevi.com.tr\/index.php\/wp-json\/wp\/v2\/product_cat?post=742605"},{"taxonomy":"product_tag","embeddable":true,"href":"https:\/\/roveyayinevi.com.tr\/index.php\/wp-json\/wp\/v2\/product_tag?post=742605"}],"curies":[{"name":"wp","href":"https:\/\/api.w.org\/{rel}","templated":true}]}}