{"id":742600,"date":"2025-08-28T01:15:28","date_gmt":"2025-08-27T22:15:28","guid":{"rendered":"https:\/\/roveyayinevi.com.tr\/index.php\/urun\/tatilde-tanistigimiz-insanlar\/"},"modified":"2026-04-16T02:53:48","modified_gmt":"2026-04-15T23:53:48","slug":"tatilde-tanistigimiz-insanlar","status":"publish","type":"product","link":"https:\/\/roveyayinevi.com.tr\/index.php\/urun\/tatilde-tanistigimiz-insanlar\/","title":{"rendered":"Tatilde Tan\u0131\u015ft\u0131\u011f\u0131m\u0131z \u0130nsanlar"},"content":{"rendered":"<p>Tatilde Tan\u0131\u015ft\u0131\u011f\u0131m\u0131z \u0130nsanlarEmily Henry\u00c7oksatan K\u0131\u015f Yaza Kavu\u015funca Kitab\u0131n\u0131n Yazar\u0131ndan   \u201cM\u00fckemmel bir yaz ka\u00e7ama\u011f\u0131!\u201d \u2013 JODI PICOULT  New York Times \u00c7oksatan Listesi\u2019nin bir numaras\u0131 Emily Henry\u2019den kalplerinizi \u0131s\u0131tacak bir tatil roman\u0131! Poppy ve Alex, neredeyse hi\u00e7bir ortak noktas\u0131 olmayan iki yak\u0131n arkada\u015f. Poppy \u00e7al\u0131\u015ft\u0131\u011f\u0131 derginin kar\u015f\u0131lad\u0131\u011f\u0131 tatillerde d\u00fcnyay\u0131 gezmekten, yeni insanlar tan\u0131maktan b\u00fcy\u00fck keyif al\u0131yor, Alex ise evde oturup kitap okurken yeterince mutlu. Poppy ele avuca s\u0131\u011fmaz bir gezi yazar\u0131, Alex ise i\u00e7ed\u00f6n\u00fck ve yard\u0131msever bir \u00f6\u011fretmen. Ne kadar uyumsuz olsalar da on y\u0131ld\u0131r her yaz birlikte muhte\u015fem tatillere gidiyorlar ve \u00e7ok e\u011fleniyorlar. Ancak iki y\u0131l \u00f6nce H\u0131rvatistan tatilinde her \u015feyi berbat ettiklerinde arkada\u015fl\u0131klar\u0131n\u0131 s\u00fcrd\u00fcrmeleri neredeyse imk\u00e2ns\u0131z oldu. O g\u00fcnden beri hi\u00e7 konu\u015fmad\u0131lar. \u015eimdi \u00f6nlerinde yepyeni bir tatil f\u0131rsat\u0131 var. Bu tatile \u00e7\u0131kmay\u0131  ba\u015far\u0131rlarsa ikisi de hayatlar\u0131 boyunca ka\u00e7t\u0131klar\u0131 \u015feyle y\u00fczle\u015fecek: A\u015fkla! Goodreads\u2019te romantik kurgu kategorisinde en iyi kitap \u00f6d\u00fcl\u00fcn\u00fc alan Tatilde Tan\u0131\u015ft\u0131\u011f\u0131m\u0131z \u0130nsanlar, insan\u0131n ger\u00e7ek evini aramas\u0131na ve onu buldu\u011funda da iki ki\u015filik muhte\u015fem bir d\u00fcnya yapmas\u0131na dair samimi, e\u011flenceli, yaz tatili tad\u0131nda, unutulmaz bir a\u015fk ve arkada\u015fl\u0131k hik\u00e2yesi!<\/p>\n","protected":false},"excerpt":{"rendered":"<p>Tatilde Tan\u0131\u015ft\u0131\u011f\u0131m\u0131z \u0130nsanlarEmily Henry\u00c7oksatan K\u0131\u015f Yaza Kavu\u015funca Kitab\u0131n\u0131n Yazar\u0131ndan \u201cM\u00fckemmel bir yaz ka\u00e7ama\u011f\u0131!\u201d \u2013 JODI PICOULT New York Times \u00c7oksatan Listesi\u2019nin bir numaras\u0131 Emily Henry\u2019den kalplerinizi<span class=\"excerpt-hellip\"> [\u2026]<\/span><\/p>\n","protected":false},"featured_media":0,"template":"","meta":{"_monsterinsights_skip_tracking":false,"_monsterinsights_sitenote_active":false,"_monsterinsights_sitenote_note":"","_monsterinsights_sitenote_category":0},"product_brand":[],"product_cat":[12291,50487],"product_tag":[],"class_list":{"0":"post-742600","1":"product","2":"type-product","3":"status-publish","5":"product_cat-edebiyat","6":"product_cat-kurgu","7":"pa_cilt-ciltsiz","8":"pa_tur-kitap","9":"pa_yayinevi-epsilon-yayinlari","10":"pa_yazar-emily-henry","12":"first","13":"instock","14":"sale","15":"shipping-taxable","16":"purchasable","17":"product-type-simple"},"_links":{"self":[{"href":"https:\/\/roveyayinevi.com.tr\/index.php\/wp-json\/wp\/v2\/product\/742600","targetHints":{"allow":["GET"]}}],"collection":[{"href":"https:\/\/roveyayinevi.com.tr\/index.php\/wp-json\/wp\/v2\/product"}],"about":[{"href":"https:\/\/roveyayinevi.com.tr\/index.php\/wp-json\/wp\/v2\/types\/product"}],"wp:attachment":[{"href":"https:\/\/roveyayinevi.com.tr\/index.php\/wp-json\/wp\/v2\/media?parent=742600"}],"wp:term":[{"taxonomy":"product_brand","embeddable":true,"href":"https:\/\/roveyayinevi.com.tr\/index.php\/wp-json\/wp\/v2\/product_brand?post=742600"},{"taxonomy":"product_cat","embeddable":true,"href":"https:\/\/roveyayinevi.com.tr\/index.php\/wp-json\/wp\/v2\/product_cat?post=742600"},{"taxonomy":"product_tag","embeddable":true,"href":"https:\/\/roveyayinevi.com.tr\/index.php\/wp-json\/wp\/v2\/product_tag?post=742600"}],"curies":[{"name":"wp","href":"https:\/\/api.w.org\/{rel}","templated":true}]}}